{"id":948,"date":"2015-03-04T11:21:27","date_gmt":"2015-03-04T14:21:27","guid":{"rendered":"http:\/\/www.cau.ufpr.br\/?page_id=948"},"modified":"2021-01-15T18:35:21","modified_gmt":"2021-01-15T21:35:21","slug":"formularios","status":"publish","type":"page","link":"https:\/\/tecnologia.ufpr.br\/cau\/formularios\/","title":{"rendered":"Formul\u00e1rios"},"content":{"rendered":"<p>Todas as solicita\u00e7\u00f5es de alunos encontram-se no <a href=\"https:\/\/www.prppg.ufpr.br\/siga\/\">SIGA:<\/a> Formul\u00e1rio de Equival\u00eancias, Requerimentos, Trancamento de curso, Valida\u00e7\u00e3o de Atividades Formativas Complementares, etc.<br \/>\nPara maiores informa\u00e7\u00f5es, envie um e-mail para a Coordena\u00e7\u00e3o: ccau@ufpr.br<\/p>\n","protected":false},"excerpt":{"rendered":"<p>Todas as solicita\u00e7\u00f5es de alunos encontram-se no SIGA: Formul\u00e1rio de Equival\u00eancias, Requerimentos, Trancamento de curso, Valida\u00e7\u00e3o de Atividades Formativas Complementares, etc. Para maiores informa\u00e7\u00f5es, envie um e-mail para a Coordena\u00e7\u00e3o: ccau@ufpr.br<\/p>\n","protected":false},"author":1078,"featured_media":0,"parent":0,"menu_order":0,"comment_status":"open","ping_status":"open","template":"","meta":{"footnotes":""},"_links":{"self":[{"href":"https:\/\/tecnologia.ufpr.br\/cau\/wp-json\/wp\/v2\/pages\/948"}],"collection":[{"href":"https:\/\/tecnologia.ufpr.br\/cau\/wp-json\/wp\/v2\/pages"}],"about":[{"href":"https:\/\/tecnologia.ufpr.br\/cau\/wp-json\/wp\/v2\/types\/page"}],"author":[{"embeddable":true,"href":"https:\/\/tecnologia.ufpr.br\/cau\/wp-json\/wp\/v2\/users\/1078"}],"replies":[{"embeddable":true,"href":"https:\/\/tecnologia.ufpr.br\/cau\/wp-json\/wp\/v2\/comments?post=948"}],"version-history":[{"count":4,"href":"https:\/\/tecnologia.ufpr.br\/cau\/wp-json\/wp\/v2\/pages\/948\/revisions"}],"predecessor-version":[{"id":1966,"href":"https:\/\/tecnologia.ufpr.br\/cau\/wp-json\/wp\/v2\/pages\/948\/revisions\/1966"}],"wp:attachment":[{"href":"https:\/\/tecnologia.ufpr.br\/cau\/wp-json\/wp\/v2\/media?parent=948"}],"curies":[{"name":"wp","href":"https:\/\/api.w.org\/{rel}","templated":true}]}}