{"id":916,"date":"2015-02-13T11:15:51","date_gmt":"2015-02-13T13:15:51","guid":{"rendered":"http:\/\/www.cau.ufpr.br\/?page_id=916"},"modified":"2022-08-24T16:02:25","modified_gmt":"2022-08-24T19:02:25","slug":"estagio","status":"publish","type":"page","link":"https:\/\/tecnologia.ufpr.br\/cau\/estagio\/","title":{"rendered":"Est\u00e1gio"},"content":{"rendered":"<p><strong>Comiss\u00e3o Orientadora de Est\u00e1gio &#8211; COE<br \/>Presidente: Prof. Cervantes Gon\u00e7alves Ayres Filho<br \/><\/strong>e-mail: cervantes@ufpr.br<\/p>\n<p><strong>Membros: <\/strong><\/p>\n<p><strong>Profa. Eneida Kuchpil<br \/><\/strong>e-mail: eneidakuchpil@uol.com.br<\/p>\n<p><strong>Prof. Carlos Alberto Ad\u00e3o<br \/><\/strong>e-mail: caadao84@gmail.com<\/p>\n<p>De acordo com a Lei Federal 17.788\/2008 (lei nacional de est\u00e1gios), todo est\u00e1gio precisa ser aprovado pela institui\u00e7\u00e3o de ensino ANTES de voc\u00ea come\u00e7ar a trabalhar nele. N\u00e3o h\u00e1 como &#8220;validar&#8221; posteriormente as horas trabalhadas de um est\u00e1gio que n\u00e3o foi previamente aprovado pela institui\u00e7\u00e3o de ensino, por isso tome cuidado para n\u00e3o acabar com horas trabalhadas que n\u00e3o podem ser consideradas como est\u00e1gio.<\/p>\n<p>Todas as informa\u00e7\u00f5es que voc\u00ea precisa para realizar o cadastro de um est\u00e1gio est\u00e3o dispon\u00edveis no site da COE: <a href=\"https:\/\/coe.cauufpr.arq.br\/\">coe.cauufpr.arq.br<\/a>. Qualquer envio de documento deve ser feito \u00fanica e exclusivamente pelo site.<\/p>\n\n\n<p><\/p>\n","protected":false},"excerpt":{"rendered":"<p>Comiss\u00e3o Orientadora de Est\u00e1gio &#8211; COEPresidente: Prof. Cervantes Gon\u00e7alves Ayres Filhoe-mail: cervantes@ufpr.br Membros: Profa. Eneida Kuchpile-mail: eneidakuchpil@uol.com.br Prof. Carlos Alberto Ad\u00e3oe-mail: caadao84@gmail.com De acordo com a Lei Federal 17.788\/2008 (lei nacional de est\u00e1gios), todo est\u00e1gio precisa ser aprovado pela institui\u00e7\u00e3o de ensino ANTES de voc\u00ea come\u00e7ar a trabalhar nele. N\u00e3o h\u00e1 como &#8220;validar&#8221; posteriormente as [&hellip;]<\/p>\n","protected":false},"author":1077,"featured_media":0,"parent":0,"menu_order":0,"comment_status":"open","ping_status":"open","template":"","meta":{"footnotes":""},"_links":{"self":[{"href":"https:\/\/tecnologia.ufpr.br\/cau\/wp-json\/wp\/v2\/pages\/916"}],"collection":[{"href":"https:\/\/tecnologia.ufpr.br\/cau\/wp-json\/wp\/v2\/pages"}],"about":[{"href":"https:\/\/tecnologia.ufpr.br\/cau\/wp-json\/wp\/v2\/types\/page"}],"author":[{"embeddable":true,"href":"https:\/\/tecnologia.ufpr.br\/cau\/wp-json\/wp\/v2\/users\/1077"}],"replies":[{"embeddable":true,"href":"https:\/\/tecnologia.ufpr.br\/cau\/wp-json\/wp\/v2\/comments?post=916"}],"version-history":[{"count":9,"href":"https:\/\/tecnologia.ufpr.br\/cau\/wp-json\/wp\/v2\/pages\/916\/revisions"}],"predecessor-version":[{"id":3549,"href":"https:\/\/tecnologia.ufpr.br\/cau\/wp-json\/wp\/v2\/pages\/916\/revisions\/3549"}],"wp:attachment":[{"href":"https:\/\/tecnologia.ufpr.br\/cau\/wp-json\/wp\/v2\/media?parent=916"}],"curies":[{"name":"wp","href":"https:\/\/api.w.org\/{rel}","templated":true}]}}