{"id":899,"date":"2015-02-13T09:59:49","date_gmt":"2015-02-13T11:59:49","guid":{"rendered":"http:\/\/www.cau.ufpr.br\/?page_id=899"},"modified":"2022-06-01T15:17:48","modified_gmt":"2022-06-01T18:17:48","slug":"cotidiano-academico","status":"publish","type":"page","link":"https:\/\/tecnologia.ufpr.br\/cau\/cotidiano-academico\/","title":{"rendered":"Cotidiano Acad\u00eamico"},"content":{"rendered":"<p><a href=\"http:\/\/www.soc.ufpr.br\/wp-content\/uploads\/2019\/05\/Reg-Geral-da-UFPR-atualizado.pdf\">Regimento Geral da UFPR<\/a><\/p>\n<p><a title=\"Resolu\u00e7\u00e3o CEPE\" href=\"https:\/\/tecnologia.ufpr.br\/cau\/wp-content\/uploads\/sites\/45\/2015\/03\/Regimento_CEPE.pdf\">Resolu\u00e7\u00e3o N\u00ba 90\/06-CEPE<\/a> &#8211;\u00a0Regimento do Conselho de Ensino, Pesquisa e Extens\u00e3o da Universidade Federal do Paran\u00e1 (CEPE)<\/p>\n<p><a href=\"https:\/\/tecnologia.ufpr.br\/cau\/wp-content\/uploads\/sites\/45\/2015\/02\/cepe3797.pdf\">Resolu\u00e7\u00e3o N\u00ba37\/97-CEPE<\/a>\u00a0&#8211; Trata: da Destina\u00e7\u00e3o e Preenchimento de Vagas nos Cursos para Ingresso de Alunos Regulares, \u00a0Das Formas de Ingresso de Alunos Regulares, Da Transfer\u00eancia Dependente de Vaga,\u00a0Da Complementa\u00e7\u00e3o de Estudos e do Aproveitamento de Curso Superior, Dos Diplomados em Estudos Teol\u00f3gicos (Decreto-Lei n\u00ba 1051, de 21.10.69), Da Transfer\u00eancia Independente de Vaga, Das Formas de Ingresso de Alunos Tempor\u00e1rios, Da Matr\u00edcula em Disciplinas Isoladas, Da Matr\u00edcula de Alunos com V\u00ednculo Tempor\u00e1rio de IFES Conveniadas, Do Registro Acad\u00eamico: Efetiva\u00e7\u00e3o e Cancelamento, Das Altera\u00e7\u00f5es e da Reativa\u00e7\u00e3o de Registro Acad\u00eamico, Da Matr\u00edcula, Do Destrancamento de Curso, Do Reingresso e Da Reintegra\u00e7\u00e3o\u00a0Dos Tratamentos Diferenciados nas Rotinas da Atividade Acad\u00eamica, Da Verifica\u00e7\u00e3o Do Aproveitamento,\u00a0Das Formas de Sa\u00edda, Da Perman\u00eancia em Curso; dentre outros assuntos relacionados.<br \/>\n<a title=\"Altera a Se\u00e7\u00e3o I da Resolu\u00e7\u00e3o n\u00ba 37\/97-CEPE\" href=\"https:\/\/tecnologia.ufpr.br\/cau\/wp-content\/uploads\/sites\/45\/2015\/03\/cepe0610.pdf\">Resolu\u00e7\u00e3o N\u00ba 06\/10-CEPE<\/a>:\u00a0Altera a Se\u00e7\u00e3o I da Resolu\u00e7\u00e3o n\u00ba 37\/97-CEPE<br \/>\n<a title=\"Altera a Resolu\u00e7\u00e3o 37\/97\" href=\"https:\/\/tecnologia.ufpr.br\/cau\/wp-content\/uploads\/sites\/45\/2015\/03\/cepe0714.pdf\">Resolu\u00e7\u00e3o\u00a0N\u00ba 07\/14-CEPE<\/a>:\u00a0Altera a Resolu\u00e7\u00e3o 37\/97-CEPE<\/p>\n<p>Manual da Estudante e do Estudante UFPR 2022: <a href=\"https:\/\/bit.ly\/3x1M3Zg\">https:\/\/bit.ly\/3x1M3Zg<\/a><\/p>\n","protected":false},"excerpt":{"rendered":"<p>Regimento Geral da UFPR Resolu\u00e7\u00e3o N\u00ba 90\/06-CEPE &#8211;\u00a0Regimento do Conselho de Ensino, Pesquisa e Extens\u00e3o da Universidade Federal do Paran\u00e1 (CEPE) Resolu\u00e7\u00e3o N\u00ba37\/97-CEPE\u00a0&#8211; Trata: da Destina\u00e7\u00e3o e Preenchimento de Vagas nos Cursos para Ingresso de Alunos Regulares, \u00a0Das Formas de Ingresso de Alunos Regulares, Da Transfer\u00eancia Dependente de Vaga,\u00a0Da Complementa\u00e7\u00e3o de Estudos e do Aproveitamento [&hellip;]<\/p>\n","protected":false},"author":1077,"featured_media":0,"parent":0,"menu_order":0,"comment_status":"open","ping_status":"open","template":"","meta":{"footnotes":""},"_links":{"self":[{"href":"https:\/\/tecnologia.ufpr.br\/cau\/wp-json\/wp\/v2\/pages\/899"}],"collection":[{"href":"https:\/\/tecnologia.ufpr.br\/cau\/wp-json\/wp\/v2\/pages"}],"about":[{"href":"https:\/\/tecnologia.ufpr.br\/cau\/wp-json\/wp\/v2\/types\/page"}],"author":[{"embeddable":true,"href":"https:\/\/tecnologia.ufpr.br\/cau\/wp-json\/wp\/v2\/users\/1077"}],"replies":[{"embeddable":true,"href":"https:\/\/tecnologia.ufpr.br\/cau\/wp-json\/wp\/v2\/comments?post=899"}],"version-history":[{"count":9,"href":"https:\/\/tecnologia.ufpr.br\/cau\/wp-json\/wp\/v2\/pages\/899\/revisions"}],"predecessor-version":[{"id":3474,"href":"https:\/\/tecnologia.ufpr.br\/cau\/wp-json\/wp\/v2\/pages\/899\/revisions\/3474"}],"wp:attachment":[{"href":"https:\/\/tecnologia.ufpr.br\/cau\/wp-json\/wp\/v2\/media?parent=899"}],"curies":[{"name":"wp","href":"https:\/\/api.w.org\/{rel}","templated":true}]}}