{"id":88,"date":"2013-08-23T11:02:04","date_gmt":"2013-08-23T14:02:04","guid":{"rendered":"http:\/\/www.cau.ufpr.br\/?page_id=88"},"modified":"2024-01-31T10:34:49","modified_gmt":"2024-01-31T13:34:49","slug":"coordenacao","status":"publish","type":"page","link":"https:\/\/tecnologia.ufpr.br\/cau\/coordenacao\/","title":{"rendered":"Coordena\u00e7\u00e3o"},"content":{"rendered":"<p><strong>Coordena\u00e7\u00e3o do Curso de Arquitetura e Urbanismo<\/strong><br \/>Centro Polit\u00e9cnico &#8211; Jardim das Am\u00e9ricas<br \/>R.Francisco H. dos Santos, N\u00b0100<br \/>Telefone +55-041-3361-3085<br \/>Cx Postal 19011<br \/>Curitiba &#8211; Pr<br \/>Cep 81531-990<\/p>\n<p><strong>Secret\u00e1ria<\/strong>: Otilia M\u00e1rcia Marcassi Rodrigues<br \/>e-mail:\u00a0ccau@ufpr.br<\/p>\n<p><strong>Coordenador:<\/strong> Profa. Eneida Kuchpil<br \/>e-mail: eneidak@ufpr.br<\/p>\n\n\n<p><\/p>\n","protected":false},"excerpt":{"rendered":"<p>Coordena\u00e7\u00e3o do Curso de Arquitetura e UrbanismoCentro Polit\u00e9cnico &#8211; Jardim das Am\u00e9ricasR.Francisco H. dos Santos, N\u00b0100Telefone +55-041-3361-3085Cx Postal 19011Curitiba &#8211; PrCep 81531-990 Secret\u00e1ria: Otilia M\u00e1rcia Marcassi Rodriguese-mail:\u00a0ccau@ufpr.br Coordenador: Profa. Eneida Kuchpile-mail: eneidak@ufpr.br<\/p>\n","protected":false},"author":1078,"featured_media":0,"parent":0,"menu_order":0,"comment_status":"open","ping_status":"open","template":"","meta":{"footnotes":""},"_links":{"self":[{"href":"https:\/\/tecnologia.ufpr.br\/cau\/wp-json\/wp\/v2\/pages\/88"}],"collection":[{"href":"https:\/\/tecnologia.ufpr.br\/cau\/wp-json\/wp\/v2\/pages"}],"about":[{"href":"https:\/\/tecnologia.ufpr.br\/cau\/wp-json\/wp\/v2\/types\/page"}],"author":[{"embeddable":true,"href":"https:\/\/tecnologia.ufpr.br\/cau\/wp-json\/wp\/v2\/users\/1078"}],"replies":[{"embeddable":true,"href":"https:\/\/tecnologia.ufpr.br\/cau\/wp-json\/wp\/v2\/comments?post=88"}],"version-history":[{"count":4,"href":"https:\/\/tecnologia.ufpr.br\/cau\/wp-json\/wp\/v2\/pages\/88\/revisions"}],"predecessor-version":[{"id":3858,"href":"https:\/\/tecnologia.ufpr.br\/cau\/wp-json\/wp\/v2\/pages\/88\/revisions\/3858"}],"wp:attachment":[{"href":"https:\/\/tecnologia.ufpr.br\/cau\/wp-json\/wp\/v2\/media?parent=88"}],"curies":[{"name":"wp","href":"https:\/\/api.w.org\/{rel}","templated":true}]}}