{"id":4829,"date":"2025-10-09T11:48:25","date_gmt":"2025-10-09T14:48:25","guid":{"rendered":"https:\/\/tecnologia.ufpr.br\/cau\/?page_id=4829"},"modified":"2026-02-26T09:28:41","modified_gmt":"2026-02-26T12:28:41","slug":"premios","status":"publish","type":"page","link":"https:\/\/tecnologia.ufpr.br\/cau\/premios\/","title":{"rendered":"Pr\u00eamios recebidos por estudantes do DAU\/UFPR"},"content":{"rendered":"\n<p><\/p>\n\n\n\n<figure class=\"wp-block-image size-full\"><img loading=\"lazy\" decoding=\"async\" width=\"6497\" height=\"3249\" src=\"https:\/\/tecnologia.ufpr.br\/cau\/wp-content\/uploads\/sites\/45\/2026\/02\/2407_20250901203432_prancha-01._page-0001.jpg\" alt=\"\" class=\"wp-image-4972\" \/><\/figure>\n\n\n\n<h2 class=\"wp-block-heading\"><strong>18\u00b0 Concurso CBCA de Arquitetura em a\u00e7o &#8211; 202<\/strong>5<\/h2>\n\n\n\n<p>Pr\u00eamio: Segundo lugar<\/p>\n\n\n\n<p>Equipe UFPR: Estudantes:\u00a0Gabriel Castro Osachuki, Raul Comelli Pizzato<\/p>\n\n\n\n<p>Orientador Prof. Silvio Parucker, co-orientadora: Prof. Maria Regina Leoni Schmid Sarro<\/p>\n\n\n\n<p>Objeto premiado: Projeto para o tema &#8220;<strong>Vida de Ecossistemas Terrestres<\/strong>&#8220;<\/p>\n\n\n\n<p>Site do concurso:&nbsp;<a rel=\"noreferrer noopener\" target=\"_blank\" href=\"https:\/\/www.cbca-acobrasil.org.br\/arquitetura\/vencedores.php\">Vencedores | 18\u00ba Concurso CBCA para Estudantes de Arquitetura 2025<\/a><\/p>\n\n\n\n<p>Projeto premiado:&nbsp;<a rel=\"noreferrer noopener\" target=\"_blank\" href=\"https:\/\/www.cbca-acobrasil.org.br\/upfiles\/arquivos\/arquitetura-2025\/2-VENCEDOR.zip\">https:\/\/www.cbca-acobrasil.org.br\/upfiles\/arquivos\/arquitetura-2025\/2-VENCEDOR.zip<\/a><\/p>\n\n\n\n<p><mark class=\"has-inline-color has-white-color\">.<\/mark><\/p>\n\n\n\n<p><\/p>\n\n\n\n<p><\/p>\n\n\n\n<h2 class=\"wp-block-heading\"><strong>Pr\u00eamio Internacional Aerogel Architecture Award 2025<\/strong><\/h2>\n\n\n\n<figure class=\"wp-block-image size-large\"><img loading=\"lazy\" decoding=\"async\" width=\"723\" height=\"1024\" src=\"https:\/\/tecnologia.ufpr.br\/cau\/wp-content\/uploads\/sites\/45\/2026\/02\/image-723x1024.png\" alt=\"\" class=\"wp-image-4951\" srcset=\"https:\/\/tecnologia.ufpr.br\/cau\/wp-content\/uploads\/sites\/45\/2026\/02\/image-723x1024.png 723w, https:\/\/tecnologia.ufpr.br\/cau\/wp-content\/uploads\/sites\/45\/2026\/02\/image-212x300.png 212w, https:\/\/tecnologia.ufpr.br\/cau\/wp-content\/uploads\/sites\/45\/2026\/02\/image-768x1087.png 768w, https:\/\/tecnologia.ufpr.br\/cau\/wp-content\/uploads\/sites\/45\/2026\/02\/image-1085x1536.png 1085w, https:\/\/tecnologia.ufpr.br\/cau\/wp-content\/uploads\/sites\/45\/2026\/02\/image-1447x2048.png 1447w, https:\/\/tecnologia.ufpr.br\/cau\/wp-content\/uploads\/sites\/45\/2026\/02\/image-8x12.png 8w, https:\/\/tecnologia.ufpr.br\/cau\/wp-content\/uploads\/sites\/45\/2026\/02\/image-85x120.png 85w\" sizes=\"(max-width: 723px) 100vw, 723px\" \/><\/figure>\n\n\n\n<p>Pr\u00eamio: 3\u00ba lugar<\/p>\n\n\n\n<p>Equipe: Estudantes&nbsp;Aline Eduarda Braz (UFPR), Brenda Pimentel Ramos de Almeida (UTFPR), Gabriel Castro Osachuki (UFPR), Leonardo de Oliveira Anders (UTFPR)<\/p>\n\n\n\n<p>Objeto premiado: Greenhouse &#8220;Urban Bloom&#8221;<\/p>\n\n\n\n<p>Site do pr\u00eamio:&nbsp;<a href=\"https:\/\/www.empa.ch\/web\/aaa\/results2025\" target=\"_blank\" rel=\"noreferrer noopener\">Empa &#8211; AAA &#8211; Results<\/a><\/p>\n\n\n\n<p><mark class=\"has-inline-color has-white-color\">.<\/mark><\/p>\n\n\n\n<p><\/p>\n\n\n\n<h2 class=\"wp-block-heading\"><strong>Pr\u00eamio IBRAMEM de Arquitetura e Design em Madeira 2025<\/strong><\/h2>\n\n\n\n<figure class=\"wp-block-image size-full\"><img loading=\"lazy\" decoding=\"async\" width=\"3508\" height=\"4967\" src=\"https:\/\/tecnologia.ufpr.br\/cau\/wp-content\/uploads\/sites\/45\/2026\/02\/CANTEIRO_IPE-GabrielRaul_page-0001-1.jpg\" alt=\"\" class=\"wp-image-4959\" \/><\/figure>\n\n\n\n<p><\/p>\n\n\n\n<p>Pr\u00eamio: Men\u00e7\u00e3o honrosa e vota\u00e7\u00e3o popular<\/p>\n\n\n\n<p>Equipe UFPR: Estudantes Gabriel Castro Osachuki e Raul Comelli Pizzato&nbsp;. <\/p>\n\n\n\n<p>Orientadoras: Prof. Marina Oba e Prof. Maria Regina Leoni Schmid Sarro.&nbsp;<\/p>\n\n\n\n<p>Objeto premiado: projeto Canteiro IP\u00ca &#8211; canteiro experimental UFPR<\/p>\n\n\n\n<p>Dados da premia\u00e7\u00e3o:&nbsp;<a href=\"https:\/\/revistaprojeto.com.br\/noticias\/conheca-os-vencedores-do-premio-ibramem-de-arquitetura-e-design-em-madeira-2025\/\" target=\"_blank\" rel=\"noreferrer noopener\">Conhe\u00e7a os vencedores do Pr\u00eamio IBRAMEM de Arquitetura e Design em Madeira 2025 &#8211; Revista PROJETO<\/a><\/p>\n\n\n\n<p><mark class=\"has-inline-color has-white-color\">.<\/mark><\/p>\n\n\n\n<p><\/p>\n\n\n\n<h2 class=\"wp-block-heading\"><strong>Pr\u00eamio IBRAMEM de Arquitetura e Design em Madeira 2025<\/strong><\/h2>\n\n\n\n<figure class=\"wp-block-image size-full\"><img loading=\"lazy\" decoding=\"async\" width=\"3508\" height=\"4967\" src=\"https:\/\/tecnologia.ufpr.br\/cau\/wp-content\/uploads\/sites\/45\/2026\/02\/Prancha-IBRAMEM-equipe-cumaru1-NadineRodolfo_page-0001.jpg\" alt=\"\" class=\"wp-image-4960\" \/><\/figure>\n\n\n\n<p>Pr\u00eamio: Men\u00e7\u00e3o honrosa&nbsp;<\/p>\n\n\n\n<p>Equipe UFPR: Estudantes Nadine Dranka Moro e Rodolfo de Lima Tomazelli. <\/p>\n\n\n\n<p>Orientadora: Prof. Maria Regina Leoni Schmid Sarro.&nbsp;<\/p>\n\n\n\n<p>Objeto premiado: projeto&nbsp; Canteiro de Obras UFPR<\/p>\n\n\n\n<p>Dados da premia\u00e7\u00e3o:&nbsp;<a href=\"https:\/\/revistaprojeto.com.br\/noticias\/conheca-os-vencedores-do-premio-ibramem-de-arquitetura-e-design-em-madeira-2025\/\" target=\"_blank\" rel=\"noreferrer noopener\">Conhe\u00e7a os vencedores do Pr\u00eamio IBRAMEM de Arquitetura e Design em Madeira 2025 &#8211; Revista PROJETO<\/a><\/p>\n\n\n\n<p><mark class=\"has-inline-color has-white-color\">.<\/mark><\/p>\n\n\n\n<p><\/p>\n\n\n\n<h2 class=\"wp-block-heading\"><strong>Pr\u00eamio Internacional Aerogel Architecture Award 2024<\/strong><\/h2>\n\n\n\n<figure class=\"wp-block-image size-large\"><img loading=\"lazy\" decoding=\"async\" width=\"723\" height=\"1024\" src=\"https:\/\/tecnologia.ufpr.br\/cau\/wp-content\/uploads\/sites\/45\/2026\/02\/image-1-723x1024.png\" alt=\"\" class=\"wp-image-4954\" srcset=\"https:\/\/tecnologia.ufpr.br\/cau\/wp-content\/uploads\/sites\/45\/2026\/02\/image-1-723x1024.png 723w, https:\/\/tecnologia.ufpr.br\/cau\/wp-content\/uploads\/sites\/45\/2026\/02\/image-1-212x300.png 212w, https:\/\/tecnologia.ufpr.br\/cau\/wp-content\/uploads\/sites\/45\/2026\/02\/image-1-768x1087.png 768w, https:\/\/tecnologia.ufpr.br\/cau\/wp-content\/uploads\/sites\/45\/2026\/02\/image-1-1085x1536.png 1085w, https:\/\/tecnologia.ufpr.br\/cau\/wp-content\/uploads\/sites\/45\/2026\/02\/image-1-1446x2048.png 1446w, https:\/\/tecnologia.ufpr.br\/cau\/wp-content\/uploads\/sites\/45\/2026\/02\/image-1-8x12.png 8w, https:\/\/tecnologia.ufpr.br\/cau\/wp-content\/uploads\/sites\/45\/2026\/02\/image-1-85x120.png 85w\" sizes=\"(max-width: 723px) 100vw, 723px\" \/><\/figure>\n\n\n\n<p>Pr\u00eamio: 1\u00ba lugar<\/p>\n\n\n\n<p>Equipe: Estudantes&nbsp;Amanda Sayuri Hashimoto, Guilherme Pinheiro e Silva.&nbsp;&nbsp;<\/p>\n\n\n\n<p>Objeto premiado: Renovation of former Hotel Tassi and conversion into museum<\/p>\n\n\n\n<p>Site do pr\u00eamio:&nbsp;<a rel=\"noreferrer noopener\" target=\"_blank\" href=\"https:\/\/www.empa.ch\/web\/aaa\/results2024\">Empa &#8211; AAA &#8211; Results<\/a><\/p>\n\n\n\n<p><mark class=\"has-inline-color has-white-color\">.<\/mark><\/p>\n\n\n\n<h2 class=\"wp-block-heading\" id=\"block-d257eb63-8181-4aef-ab6f-731ceadcb17f\"><strong>17\u00b0 Concurso CBCA de Arquitetura em a\u00e7o &#8211; 2024<\/strong><\/h2>\n\n\n\n<figure class=\"wp-block-image size-full\"><img loading=\"lazy\" decoding=\"async\" width=\"6497\" height=\"3249\" src=\"https:\/\/tecnologia.ufpr.br\/cau\/wp-content\/uploads\/sites\/45\/2026\/02\/2287_20240825200455_prancha-4_page-0001-1.jpg\" alt=\"\" class=\"wp-image-4955\" \/><\/figure>\n\n\n\n<p>Pr\u00eamio: Men\u00e7\u00e3o honrosa<\/p>\n\n\n\n<p>Equipe UFPR: Estudantes:&nbsp;Gabriel Castro Osachuki, Raul Comelli Pizzato, J\u00falia Oliveira Rodrigues, Isabel Massola Scarioti; <\/p>\n\n\n\n<p>Orientador Prof. Silvio Parucker, co-orientadora: Prof. Maria Regina Leoni Schmid Sarro<\/p>\n\n\n\n<p>Objeto premiado: Projeto para o tema &#8220;A\u00e7\u00e3o contra mudan\u00e7a global do clima&#8221;<\/p>\n\n\n\n<p>Site do concurso:&nbsp;<a rel=\"noreferrer noopener\" target=\"_blank\" href=\"https:\/\/www.cbca-acobrasil.org.br\/arquitetura\/edicoes-anteriores\/edicao-17\/vencedores.php\">Vencedores | 17\u00ba Concurso CBCA para Estudantes de Arquitetura 2024<\/a><\/p>\n\n\n\n<p>Projeto premiado:&nbsp;<a rel=\"noreferrer noopener\" target=\"_blank\" href=\"https:\/\/www.cbca-acobrasil.org.br\/upfiles\/arquivos\/arquitetura-2024\/2-MENCAO.zip\">https:\/\/www.cbca-acobrasil.org.br\/upfiles\/arquivos\/arquitetura-2024\/2-MENCAO.zip<\/a><\/p>\n\n\n\n<p><mark class=\"has-inline-color has-white-color\">.<\/mark><\/p>\n\n\n\n<p><\/p>\n\n\n\n<h2 class=\"wp-block-heading\" id=\"block-d257eb63-8181-4aef-ab6f-731ceadcb17f\"><strong>16\u00ba Concurso CBCA de Arquitetura em a\u00e7o &#8211; 2023<\/strong><\/h2>\n\n\n\n<figure class=\"wp-block-image size-large\"><img loading=\"lazy\" decoding=\"async\" width=\"1024\" height=\"512\" src=\"https:\/\/tecnologia.ufpr.br\/cau\/wp-content\/uploads\/sites\/45\/2026\/02\/fd0d2d4b57d5eb-PRANCHA-05-1024x512.png\" alt=\"\" class=\"wp-image-4956\" srcset=\"https:\/\/tecnologia.ufpr.br\/cau\/wp-content\/uploads\/sites\/45\/2026\/02\/fd0d2d4b57d5eb-PRANCHA-05-1024x512.png 1024w, https:\/\/tecnologia.ufpr.br\/cau\/wp-content\/uploads\/sites\/45\/2026\/02\/fd0d2d4b57d5eb-PRANCHA-05-300x150.png 300w, https:\/\/tecnologia.ufpr.br\/cau\/wp-content\/uploads\/sites\/45\/2026\/02\/fd0d2d4b57d5eb-PRANCHA-05-768x384.png 768w, https:\/\/tecnologia.ufpr.br\/cau\/wp-content\/uploads\/sites\/45\/2026\/02\/fd0d2d4b57d5eb-PRANCHA-05-1536x768.png 1536w, https:\/\/tecnologia.ufpr.br\/cau\/wp-content\/uploads\/sites\/45\/2026\/02\/fd0d2d4b57d5eb-PRANCHA-05-2048x1024.png 2048w, https:\/\/tecnologia.ufpr.br\/cau\/wp-content\/uploads\/sites\/45\/2026\/02\/fd0d2d4b57d5eb-PRANCHA-05-18x9.png 18w, https:\/\/tecnologia.ufpr.br\/cau\/wp-content\/uploads\/sites\/45\/2026\/02\/fd0d2d4b57d5eb-PRANCHA-05-160x80.png 160w\" sizes=\"(max-width: 1024px) 100vw, 1024px\" \/><\/figure>\n\n\n\n<p>Pr\u00eamio: Men\u00e7\u00e3o honrosa<\/p>\n\n\n\n<p>Equipe UFPR: Estudantes: Gabriela do Rosario Baggio, Renata do Prado Leite, Amanda de Oliveira,&nbsp;<br>Radmyla Teixeira Nunes; <\/p>\n\n\n\n<p>Orientadora: Prof. Lisana Katia Schmitz Santos; co-orientadora: Prof. Maria Regina Leoni Schmid Sarro<\/p>\n\n\n\n<p>Objeto premiado: projeto para o tema &#8220;Educa\u00e7\u00e3o de qualidade&#8221;&nbsp;<\/p>\n\n\n\n<p>Site do concurso:&nbsp;<a href=\"https:\/\/www.cbca-acobrasil.org.br\/arquitetura\/edicoes-anteriores\/edicao-16\/vencedores.php\" target=\"_blank\" rel=\"noreferrer noopener\">Vencedores | 16\u00ba Concurso CBCA para Estudantes de Arquitetura 2023<\/a><\/p>\n\n\n\n<p>Projeto premiado:&nbsp;<a href=\"https:\/\/www.cbca-acobrasil.org.br\/upfiles\/arquivos\/arquitetura-2023\/1-MENCAO.zip\" target=\"_blank\" rel=\"noreferrer noopener\">https:\/\/www.cbca-acobrasil.org.br\/upfiles\/arquivos\/arquitetura-2023\/1-MENCAO.zip<\/a><\/p>\n\n\n\n<p><mark class=\"has-inline-color has-white-color\">.<\/mark><\/p>\n\n\n\n<p><\/p>\n\n\n\n<h2 class=\"wp-block-heading\" id=\"block-d257eb63-8181-4aef-ab6f-731ceadcb17f\"><strong>14\u00ba Concurso CBCA de Arquitetura em a\u00e7o &#8211; 2021<\/strong><\/h2>\n\n\n\n<figure class=\"wp-block-image size-full\"><img loading=\"lazy\" decoding=\"async\" width=\"6497\" height=\"3249\" src=\"https:\/\/tecnologia.ufpr.br\/cau\/wp-content\/uploads\/sites\/45\/2026\/02\/prancha-01_page-0001.jpg\" alt=\"\" class=\"wp-image-4957\" \/><\/figure>\n\n\n\n<p>Pr\u00eamio: Men\u00e7\u00e3o honrosa<\/p>\n\n\n\n<p>Equipe UFPR: Estudantes: Caio Santos Fernandes, Eduardo Andrey Silva Meireles, Giovanna Leal Antonio,&nbsp;<br>Lucas Medeiros Mendes da Silva. <\/p>\n\n\n\n<p>Orientador: Prof. Emerson Jos\u00e9 Vidigal<\/p>\n\n\n\n<p>Objeto premiado: projeto para o tema &#8220;Sa\u00fade e bem-estar&#8221;<br>Site do concurso:&nbsp;<a href=\"https:\/\/www.cbca-acobrasil.org.br\/upfiles\/arquivos\/arquitetura-2021\/1-mencao-honrosa.zip\" target=\"_blank\" rel=\"noreferrer noopener\">https:\/\/www.cbca-acobrasil.org.br\/upfiles\/arquivos\/arquitetura-2021\/1-mencao-honrosa.zip<\/a><\/p>\n\n\n\n<p>Projeto premiado:&nbsp;<a href=\"https:\/\/www.cbca-acobrasil.org.br\/upfiles\/arquivos\/arquitetura-2021\/1-mencao-honrosa.zip\" target=\"_blank\" rel=\"noreferrer noopener\">https:\/\/www.cbca-acobrasil.org.br\/upfiles\/arquivos\/arquitetura-2021\/1-mencao-honrosa.zip<\/a><\/p>\n\n\n\n<p><\/p>\n\n\n\n<p><\/p>\n\n\n\n<p><\/p>\n","protected":false},"excerpt":{"rendered":"<p>18\u00b0 Concurso CBCA de Arquitetura em a\u00e7o &#8211; 2025 Pr\u00eamio: Segundo lugar Equipe UFPR: Estudantes:\u00a0Gabriel Castro Osachuki, Raul Comelli Pizzato Orientador Prof. Silvio Parucker, co-orientadora: Prof. Maria Regina Leoni Schmid Sarro Objeto premiado: Projeto para o tema &#8220;Vida de Ecossistemas Terrestres&#8220; Site do concurso:&nbsp;Vencedores | 18\u00ba Concurso CBCA para Estudantes de Arquitetura 2025 Projeto premiado:&nbsp;https:\/\/www.cbca-acobrasil.org.br\/upfiles\/arquivos\/arquitetura-2025\/2-VENCEDOR.zip [&hellip;]<\/p>\n","protected":false},"author":1078,"featured_media":0,"parent":0,"menu_order":0,"comment_status":"closed","ping_status":"closed","template":"","meta":{"footnotes":""},"_links":{"self":[{"href":"https:\/\/tecnologia.ufpr.br\/cau\/wp-json\/wp\/v2\/pages\/4829"}],"collection":[{"href":"https:\/\/tecnologia.ufpr.br\/cau\/wp-json\/wp\/v2\/pages"}],"about":[{"href":"https:\/\/tecnologia.ufpr.br\/cau\/wp-json\/wp\/v2\/types\/page"}],"author":[{"embeddable":true,"href":"https:\/\/tecnologia.ufpr.br\/cau\/wp-json\/wp\/v2\/users\/1078"}],"replies":[{"embeddable":true,"href":"https:\/\/tecnologia.ufpr.br\/cau\/wp-json\/wp\/v2\/comments?post=4829"}],"version-history":[{"count":9,"href":"https:\/\/tecnologia.ufpr.br\/cau\/wp-json\/wp\/v2\/pages\/4829\/revisions"}],"predecessor-version":[{"id":4973,"href":"https:\/\/tecnologia.ufpr.br\/cau\/wp-json\/wp\/v2\/pages\/4829\/revisions\/4973"}],"wp:attachment":[{"href":"https:\/\/tecnologia.ufpr.br\/cau\/wp-json\/wp\/v2\/media?parent=4829"}],"curies":[{"name":"wp","href":"https:\/\/api.w.org\/{rel}","templated":true}]}}