{"id":4819,"date":"2025-10-08T10:48:29","date_gmt":"2025-10-08T13:48:29","guid":{"rendered":"https:\/\/tecnologia.ufpr.br\/cau\/?page_id=4819"},"modified":"2025-10-09T11:36:21","modified_gmt":"2025-10-09T14:36:21","slug":"xviii-ebramem-2025","status":"publish","type":"page","link":"https:\/\/tecnologia.ufpr.br\/cau\/xviii-ebramem-2025\/","title":{"rendered":"XVIII EBRAMEM &#8211; 2025"},"content":{"rendered":"\n<h3 class=\"wp-block-heading has-large-font-size\"><strong>Palestra 06\/05\/2025: A tend\u00eancia da constru\u00e7\u00e3o industrializada no mundo &#8211; Eng. Tobias Ott (Chile)<\/strong><\/h3>\n\n\n\n<div data-wp-interactive=\"core\/file\" class=\"wp-block-file\"><object data-wp-bind--hidden=\"!state.hasPdfPreview\"  class=\"wp-block-file__embed\" data=\"https:\/\/tecnologia.ufpr.br\/cau\/wp-content\/uploads\/sites\/45\/2025\/10\/TobiasOtt-prasentation-ebramem-final-WOODfRAME.pdf\" type=\"application\/pdf\" style=\"width:100%;height:600px\" aria-label=\"Incorporado de TobiasOtt-prasentation-ebramem-final-WOODfRAME.\"><\/object><a id=\"wp-block-file--media-0925de5b-e1c7-43ac-802b-46fe2bee52f1\" href=\"https:\/\/tecnologia.ufpr.br\/cau\/wp-content\/uploads\/sites\/45\/2025\/10\/TobiasOtt-prasentation-ebramem-final-WOODfRAME.pdf\">TobiasOtt-prasentation-ebramem-final-WOODfRAME<\/a><a href=\"https:\/\/tecnologia.ufpr.br\/cau\/wp-content\/uploads\/sites\/45\/2025\/10\/TobiasOtt-prasentation-ebramem-final-WOODfRAME.pdf\" class=\"wp-block-file__button wp-element-button\" download aria-describedby=\"wp-block-file--media-0925de5b-e1c7-43ac-802b-46fe2bee52f1\">Baixar<\/a><\/div>\n\n\n\n<h3 class=\"wp-block-heading has-large-font-size\"><strong>Palestra 07\/05\/2025: Madeira engenheirada pelo mundo &#8211; Eng. Gustavo Lozano C\u00f4rtes<\/strong><\/h3>\n\n\n\n<div data-wp-interactive=\"core\/file\" class=\"wp-block-file\"><object data-wp-bind--hidden=\"!state.hasPdfPreview\"  class=\"wp-block-file__embed\" data=\"https:\/\/tecnologia.ufpr.br\/cau\/wp-content\/uploads\/sites\/45\/2025\/10\/EBRAMEM-2025-Madeira-Engenheirada-pelo-Mundo.pdf\" type=\"application\/pdf\" style=\"width:100%;height:600px\" aria-label=\"Incorporado de EBRAMEM-2025-Madeira-Engenheirada-pelo-Mundo.\"><\/object><a id=\"wp-block-file--media-4f638011-d024-4338-b218-8e2366503f6c\" href=\"https:\/\/tecnologia.ufpr.br\/cau\/wp-content\/uploads\/sites\/45\/2025\/10\/EBRAMEM-2025-Madeira-Engenheirada-pelo-Mundo.pdf\">EBRAMEM-2025-Madeira-Engenheirada-pelo-Mundo<\/a><a href=\"https:\/\/tecnologia.ufpr.br\/cau\/wp-content\/uploads\/sites\/45\/2025\/10\/EBRAMEM-2025-Madeira-Engenheirada-pelo-Mundo.pdf\" class=\"wp-block-file__button wp-element-button\" download aria-describedby=\"wp-block-file--media-4f638011-d024-4338-b218-8e2366503f6c\">Baixar<\/a><\/div>\n\n\n\n<h3 class=\"wp-block-heading has-large-font-size\"><strong>Apresenta\u00e7\u00e3o \/ painel de debates 07\/05\/2025: Empresa Art Massif &#8211; Eng. Gustavo Lozano C\u00f4rtes <\/strong><\/h3>\n\n\n\n<div data-wp-interactive=\"core\/file\" class=\"wp-block-file\"><object data-wp-bind--hidden=\"!state.hasPdfPreview\"  class=\"wp-block-file__embed\" data=\"https:\/\/tecnologia.ufpr.br\/cau\/wp-content\/uploads\/sites\/45\/2025\/10\/EBRAMEM-2025-Painel-de-debates-Gustavo.pdf\" type=\"application\/pdf\" style=\"width:100%;height:600px\" aria-label=\"Incorporado de EBRAMEM-2025-Painel-de-debates-Gustavo.\"><\/object><a id=\"wp-block-file--media-d05a31a1-6b41-4e51-9283-de4573699f23\" href=\"https:\/\/tecnologia.ufpr.br\/cau\/wp-content\/uploads\/sites\/45\/2025\/10\/EBRAMEM-2025-Painel-de-debates-Gustavo.pdf\">EBRAMEM-2025-Painel-de-debates-Gustavo<\/a><a href=\"https:\/\/tecnologia.ufpr.br\/cau\/wp-content\/uploads\/sites\/45\/2025\/10\/EBRAMEM-2025-Painel-de-debates-Gustavo.pdf\" class=\"wp-block-file__button wp-element-button\" download aria-describedby=\"wp-block-file--media-d05a31a1-6b41-4e51-9283-de4573699f23\">Baixar<\/a><\/div>\n\n\n\n<h2 class=\"wp-block-heading has-large-font-size\"><strong>08\/09\/2025: Oficina Hackathon da Madeira: Constru\u00e7\u00f5es em madeira e ambiente constru\u00eddo &#8211; Eng. Gustavo Lozano C\u00f4rtes<\/strong><\/h2>\n\n\n\n<div data-wp-interactive=\"core\/file\" class=\"wp-block-file\"><object data-wp-bind--hidden=\"!state.hasPdfPreview\"  class=\"wp-block-file__embed\" data=\"https:\/\/tecnologia.ufpr.br\/cau\/wp-content\/uploads\/sites\/45\/2025\/10\/Hackaton-Construcoes-em-madeira-e-ambiente-construido-Gustavo.pdf\" type=\"application\/pdf\" style=\"width:100%;height:600px\" aria-label=\"Incorporado de Hackaton-Construcoes-em-madeira-e-ambiente-construido-Gustavo.\"><\/object><a id=\"wp-block-file--media-68656b9e-d36d-40bf-9d60-2e89a6d70ac7\" href=\"https:\/\/tecnologia.ufpr.br\/cau\/wp-content\/uploads\/sites\/45\/2025\/10\/Hackaton-Construcoes-em-madeira-e-ambiente-construido-Gustavo.pdf\">Hackaton-Construcoes-em-madeira-e-ambiente-construido-Gustavo<\/a><a href=\"https:\/\/tecnologia.ufpr.br\/cau\/wp-content\/uploads\/sites\/45\/2025\/10\/Hackaton-Construcoes-em-madeira-e-ambiente-construido-Gustavo.pdf\" class=\"wp-block-file__button wp-element-button\" download aria-describedby=\"wp-block-file--media-68656b9e-d36d-40bf-9d60-2e89a6d70ac7\">Baixar<\/a><\/div>\n","protected":false},"excerpt":{"rendered":"<p>Palestra 06\/05\/2025: A tend\u00eancia da constru\u00e7\u00e3o industrializada no mundo &#8211; Eng. Tobias Ott (Chile) Palestra 07\/05\/2025: Madeira engenheirada pelo mundo &#8211; Eng. Gustavo Lozano C\u00f4rtes Apresenta\u00e7\u00e3o \/ painel de debates 07\/05\/2025: Empresa Art Massif &#8211; Eng. Gustavo Lozano C\u00f4rtes 08\/09\/2025: Oficina Hackathon da Madeira: Constru\u00e7\u00f5es em madeira e ambiente constru\u00eddo &#8211; Eng. Gustavo Lozano C\u00f4rtes<\/p>\n","protected":false},"author":1078,"featured_media":0,"parent":0,"menu_order":0,"comment_status":"closed","ping_status":"closed","template":"","meta":{"footnotes":""},"_links":{"self":[{"href":"https:\/\/tecnologia.ufpr.br\/cau\/wp-json\/wp\/v2\/pages\/4819"}],"collection":[{"href":"https:\/\/tecnologia.ufpr.br\/cau\/wp-json\/wp\/v2\/pages"}],"about":[{"href":"https:\/\/tecnologia.ufpr.br\/cau\/wp-json\/wp\/v2\/types\/page"}],"author":[{"embeddable":true,"href":"https:\/\/tecnologia.ufpr.br\/cau\/wp-json\/wp\/v2\/users\/1078"}],"replies":[{"embeddable":true,"href":"https:\/\/tecnologia.ufpr.br\/cau\/wp-json\/wp\/v2\/comments?post=4819"}],"version-history":[{"count":5,"href":"https:\/\/tecnologia.ufpr.br\/cau\/wp-json\/wp\/v2\/pages\/4819\/revisions"}],"predecessor-version":[{"id":4828,"href":"https:\/\/tecnologia.ufpr.br\/cau\/wp-json\/wp\/v2\/pages\/4819\/revisions\/4828"}],"wp:attachment":[{"href":"https:\/\/tecnologia.ufpr.br\/cau\/wp-json\/wp\/v2\/media?parent=4819"}],"curies":[{"name":"wp","href":"https:\/\/api.w.org\/{rel}","templated":true}]}}