{"id":4398,"date":"2025-01-11T22:57:20","date_gmt":"2025-01-12T01:57:20","guid":{"rendered":"https:\/\/tecnologia.ufpr.br\/cau\/?page_id=4398"},"modified":"2025-02-14T17:11:36","modified_gmt":"2025-02-14T20:11:36","slug":"teste-seletivo-dau-professor-substituto-na-area-de-projeto-2025","status":"publish","type":"page","link":"https:\/\/tecnologia.ufpr.br\/cau\/teste-seletivo-dau-professor-substituto-na-area-de-projeto-2025\/","title":{"rendered":"Teste seletivo DAU \u2013 Professor substituto na \u00e1rea de Projeto 2025"},"content":{"rendered":"\n<p>N\u00famero de vagas: 1 (uma)<\/p>\n\n\n\n<p>\u00c1rea de conhecimento: Projeto de Arquitetura<\/p>\n\n\n\n<p>Mat\u00e9ria(s) espec\u00edfica(s): as disciplinas a serem ministradas pelos(as) professores(as) substitutos(as) contratados(as) s\u00e3o: TA211 \u2013 Projeto de Arquitetura 2 e TA219 \u2013 Projeto Integrado de Arquitetura e da Paisagem 1<\/p>\n\n\n\n<p>Regime de trabalho: 40 (quarenta) horas<\/p>\n\n\n\n<p>Crit\u00e9rios de sele\u00e7\u00e3o: An\u00e1lise de Curr\u00edculo e Prova Did\u00e1tica<\/p>\n\n\n\n<p>Titula\u00e7\u00e3o exigida: Diploma de gradua\u00e7\u00e3o em Arquitetura e Urbanismo, com mestrado em arquitetura, paisagem, engenharia civil, design ou \u00e1reas afins, obtidos na forma da lei<\/p>\n\n\n\n<p>Programa de provas:<\/p>\n\n\n\n<p>1. Teoria do Projeto (<em>Design Studies<\/em>)<\/p>\n\n\n\n<p>2. Teoria da forma e a concep\u00e7\u00e3o de projeto arquitet\u00f4nico<\/p>\n\n\n\n<p>3. Desenho e a concep\u00e7\u00e3o de projeto arquitet\u00f4nico<\/p>\n\n\n\n<p>4.&nbsp;Arquitetura e fenomenologia<\/p>\n\n\n\n<p>5. Tecnologias de constru\u00e7\u00e3o e a concep\u00e7\u00e3o de projeto arquitet\u00f4nico<\/p>\n\n\n\n<p>6. Tecnologias digitais de informa\u00e7\u00e3o e a concep\u00e7\u00e3o de projeto arquitet\u00f4nico<\/p>\n\n\n\n<p>7. Teorias da paisagem e a concep\u00e7\u00e3o de projeto arquitet\u00f4nico<\/p>\n\n\n\n<p>8. Inclus\u00e3o social e a concep\u00e7\u00e3o de projeto arquitet\u00f4nico<\/p>\n\n\n\n<p>Local para realiza\u00e7\u00e3o das inscri\u00e7\u00f5es: por meio do e-mail do Departamento de Arquitetura e Urbanismo \u2013 dep.arq.urb@ufpr.br<\/p>\n\n\n\n<p>Per\u00edodo de inscri\u00e7\u00f5es: <strong>de 13\/01\/2025 a 24\/01\/2025 (10 dias \u00fateis)<\/strong><\/p>\n\n\n\n<p>Hor\u00e1rio para realiza\u00e7\u00e3o das inscri\u00e7\u00f5es: das 00h do primeiro dia das inscri\u00e7\u00f5es \u00e0s 23h59 do \u00faltimo dia das inscri\u00e7\u00f5es<\/p>\n\n\n\n<p>Forma de realiza\u00e7\u00e3o das provas: presencial<\/p>\n\n\n\n<h2 class=\"wp-block-heading\"><strong>Edital de Abertura&nbsp;<\/strong><\/h2>\n\n\n\n<div data-wp-interactive=\"core\/file\" class=\"wp-block-file\"><object data-wp-bind--hidden=\"!state.hasPdfPreview\"  class=\"wp-block-file__embed\" data=\"https:\/\/tecnologia.ufpr.br\/cau\/wp-content\/uploads\/sites\/45\/2025\/01\/Ed_005_de_2025-1.pdf\" type=\"application\/pdf\" style=\"width:100%;height:600px\" aria-label=\"Incorporado de Ed_005_de_2025-1.\"><\/object><a id=\"wp-block-file--media-6df558ad-37a2-402d-a529-0d9036e39e6c\" href=\"https:\/\/tecnologia.ufpr.br\/cau\/wp-content\/uploads\/sites\/45\/2025\/01\/Ed_005_de_2025-1.pdf\">Ed_005_de_2025-1<\/a><a href=\"https:\/\/tecnologia.ufpr.br\/cau\/wp-content\/uploads\/sites\/45\/2025\/01\/Ed_005_de_2025-1.pdf\" class=\"wp-block-file__button wp-element-button\" download aria-describedby=\"wp-block-file--media-6df558ad-37a2-402d-a529-0d9036e39e6c\">Baixar<\/a><\/div>\n\n\n\n<p>Edital na \u00edntegra dispon\u00edvel no endere\u00e7o eletr\u00f4nico: <a href=\"https:\/\/progepe.ufpr.br\/a\/concursos\/docente\/concursos_publicos\/editais\/edital005-25.pdf\">https:\/\/progepe.ufpr.br\/a\/concursos\/docente\/concursos_publicos\/editais\/edital005-25.pdf<\/a><\/p>\n\n\n\n<h2 class=\"wp-block-heading\">Edital 01<strong> &#8211; <\/strong>Resultado da aprecia\u00e7\u00e3o das inscri\u00e7\u00f5es<\/h2>\n\n\n\n<div data-wp-interactive=\"core\/file\" class=\"wp-block-file\"><object data-wp-bind--hidden=\"!state.hasPdfPreview\"  class=\"wp-block-file__embed\" data=\"https:\/\/tecnologia.ufpr.br\/cau\/wp-content\/uploads\/sites\/45\/2025\/01\/SEI_7451394_Edital_01-1.pdf\" type=\"application\/pdf\" style=\"width:100%;height:600px\" aria-label=\"Incorporado de SEI_7451394_Edital_01-1.\"><\/object><a id=\"wp-block-file--media-fcd3bf0b-f8c3-48f0-98b8-bb6b2d9b42a1\" href=\"https:\/\/tecnologia.ufpr.br\/cau\/wp-content\/uploads\/sites\/45\/2025\/01\/SEI_7451394_Edital_01-1.pdf\">SEI_7451394_Edital_01-1<\/a><a href=\"https:\/\/tecnologia.ufpr.br\/cau\/wp-content\/uploads\/sites\/45\/2025\/01\/SEI_7451394_Edital_01-1.pdf\" class=\"wp-block-file__button wp-element-button\" download aria-describedby=\"wp-block-file--media-fcd3bf0b-f8c3-48f0-98b8-bb6b2d9b42a1\">Baixar<\/a><\/div>\n\n\n\n<h2 class=\"wp-block-heading\">Edital 01<strong> &#8211; <\/strong>Resultado da aprecia\u00e7\u00e3o das inscri\u00e7\u00f5es (Retificado)<\/h2>\n\n\n\n<div data-wp-interactive=\"core\/file\" class=\"wp-block-file\"><object data-wp-bind--hidden=\"!state.hasPdfPreview\"  class=\"wp-block-file__embed\" data=\"https:\/\/tecnologia.ufpr.br\/cau\/wp-content\/uploads\/sites\/45\/2025\/01\/SEI_7453497_Edital_01-retificado.pdf\" type=\"application\/pdf\" style=\"width:100%;height:600px\" aria-label=\"Incorporado de SEI_7453497_Edital_01-retificado.\"><\/object><a id=\"wp-block-file--media-80ba3710-a15c-4ff7-8137-10807b066749\" href=\"https:\/\/tecnologia.ufpr.br\/cau\/wp-content\/uploads\/sites\/45\/2025\/01\/SEI_7453497_Edital_01-retificado.pdf\">SEI_7453497_Edital_01-retificado<\/a><a href=\"https:\/\/tecnologia.ufpr.br\/cau\/wp-content\/uploads\/sites\/45\/2025\/01\/SEI_7453497_Edital_01-retificado.pdf\" class=\"wp-block-file__button wp-element-button\" download aria-describedby=\"wp-block-file--media-80ba3710-a15c-4ff7-8137-10807b066749\">Baixar<\/a><\/div>\n\n\n\n<h2 class=\"wp-block-heading\">Edital 02<strong> &#8211;<\/strong> Resultado da aprecia\u00e7\u00e3o das inscri\u00e7\u00f5es ap\u00f3s per\u00edodo de recursos <\/h2>\n\n\n\n<div data-wp-interactive=\"core\/file\" class=\"wp-block-file\"><object data-wp-bind--hidden=\"!state.hasPdfPreview\"  class=\"wp-block-file__embed\" data=\"https:\/\/tecnologia.ufpr.br\/cau\/wp-content\/uploads\/sites\/45\/2025\/02\/SEI_7465504_Edital_02-1.pdf\" type=\"application\/pdf\" style=\"width:100%;height:600px\" aria-label=\"Incorporado de SEI_7465504_Edital_02-1.\"><\/object><a id=\"wp-block-file--media-9e989074-bd31-42bc-9363-f583510f064b\" href=\"https:\/\/tecnologia.ufpr.br\/cau\/wp-content\/uploads\/sites\/45\/2025\/02\/SEI_7465504_Edital_02-1.pdf\">SEI_7465504_Edital_02-1<\/a><a href=\"https:\/\/tecnologia.ufpr.br\/cau\/wp-content\/uploads\/sites\/45\/2025\/02\/SEI_7465504_Edital_02-1.pdf\" class=\"wp-block-file__button wp-element-button\" download aria-describedby=\"wp-block-file--media-9e989074-bd31-42bc-9363-f583510f064b\">Baixar<\/a><\/div>\n\n\n\n<h2 class=\"wp-block-heading\">COMUNICA\u00c7\u00c3O: Sess\u00e3o P\u00fablica de Abertura do Processo Seletivo  <\/h2>\n\n\n\n<p><strong>Data e Hor\u00e1rio:<\/strong> 07 de fevereiro de 2025, \u00e0s 10h30.&nbsp;<\/p>\n\n\n\n<p><strong>Local:\u202f<\/strong> Sala PD06, pavimento inferior do Bloco I do Centro Polit\u00e9cnico da Universidade Federal do Paran\u00e1, Av. Cel. Francisco H.\u202fdos Santos, 100, bairro Jardim das Am\u00e9ricas, Curitiba-PR<strong>.<\/strong>&nbsp;<\/p>\n\n\n\n<h2 class=\"wp-block-heading\">Edital 03 &#8211; Cronograma das provas, pontos e os crit\u00e9rios de avalia\u00e7\u00e3o de cada uma das etapas do Processo Seletivo<\/h2>\n\n\n\n<div data-wp-interactive=\"core\/file\" class=\"wp-block-file\"><object data-wp-bind--hidden=\"!state.hasPdfPreview\"  class=\"wp-block-file__embed\" data=\"https:\/\/tecnologia.ufpr.br\/cau\/wp-content\/uploads\/sites\/45\/2025\/02\/SEI_7480170_Edital_3-1.pdf\" type=\"application\/pdf\" style=\"width:100%;height:600px\" aria-label=\"Incorporado de SEI_7480170_Edital_3-1.\"><\/object><a id=\"wp-block-file--media-39541a59-287b-485c-a6fb-a7d5a0be77ef\" href=\"https:\/\/tecnologia.ufpr.br\/cau\/wp-content\/uploads\/sites\/45\/2025\/02\/SEI_7480170_Edital_3-1.pdf\">SEI_7480170_Edital_3-1<\/a><a href=\"https:\/\/tecnologia.ufpr.br\/cau\/wp-content\/uploads\/sites\/45\/2025\/02\/SEI_7480170_Edital_3-1.pdf\" class=\"wp-block-file__button wp-element-button\" download aria-describedby=\"wp-block-file--media-39541a59-287b-485c-a6fb-a7d5a0be77ef\">Baixar<\/a><\/div>\n\n\n\n<h2 class=\"wp-block-heading\">Edital 04 &#8211; Resultado da Prova de An\u00e1lise de Curr\u00edculo e o cronograma do Sorteio dos pontos para a Prova Did\u00e1tica<\/h2>\n\n\n\n<div data-wp-interactive=\"core\/file\" class=\"wp-block-file\"><object data-wp-bind--hidden=\"!state.hasPdfPreview\"  class=\"wp-block-file__embed\" data=\"https:\/\/tecnologia.ufpr.br\/cau\/wp-content\/uploads\/sites\/45\/2025\/02\/SEI_7486329_Edital_4.pdf\" type=\"application\/pdf\" style=\"width:100%;height:600px\" aria-label=\"Incorporado de SEI_7486329_Edital_4.\"><\/object><a id=\"wp-block-file--media-0e4625b1-d5bc-44e1-b0d8-9b6a78f5c0c7\" href=\"https:\/\/tecnologia.ufpr.br\/cau\/wp-content\/uploads\/sites\/45\/2025\/02\/SEI_7486329_Edital_4.pdf\">SEI_7486329_Edital_4<\/a><a href=\"https:\/\/tecnologia.ufpr.br\/cau\/wp-content\/uploads\/sites\/45\/2025\/02\/SEI_7486329_Edital_4.pdf\" class=\"wp-block-file__button wp-element-button\" download aria-describedby=\"wp-block-file--media-0e4625b1-d5bc-44e1-b0d8-9b6a78f5c0c7\">Baixar<\/a><\/div>\n\n\n\n<h2 class=\"wp-block-heading\">Edital 05 &#8211; Cronograma de divulga\u00e7\u00e3o do resultado final<\/h2>\n\n\n\n<div data-wp-interactive=\"core\/file\" class=\"wp-block-file\"><object data-wp-bind--hidden=\"!state.hasPdfPreview\"  class=\"wp-block-file__embed\" data=\"https:\/\/tecnologia.ufpr.br\/cau\/wp-content\/uploads\/sites\/45\/2025\/02\/SEI_7492680_Edital_05-1.pdf\" type=\"application\/pdf\" style=\"width:100%;height:600px\" aria-label=\"Incorporado de SEI_7492680_Edital_05-1.\"><\/object><a id=\"wp-block-file--media-53942b8b-d2a7-4626-be67-8b0186811217\" href=\"https:\/\/tecnologia.ufpr.br\/cau\/wp-content\/uploads\/sites\/45\/2025\/02\/SEI_7492680_Edital_05-1.pdf\">SEI_7492680_Edital_05-1<\/a><a href=\"https:\/\/tecnologia.ufpr.br\/cau\/wp-content\/uploads\/sites\/45\/2025\/02\/SEI_7492680_Edital_05-1.pdf\" class=\"wp-block-file__button wp-element-button\" download aria-describedby=\"wp-block-file--media-53942b8b-d2a7-4626-be67-8b0186811217\">Baixar<\/a><\/div>\n\n\n\n<h2 class=\"wp-block-heading\">Edital 06 &#8211; Parecer Final <\/h2>\n\n\n\n<div data-wp-interactive=\"core\/file\" class=\"wp-block-file\"><object data-wp-bind--hidden=\"!state.hasPdfPreview\"  class=\"wp-block-file__embed\" data=\"https:\/\/tecnologia.ufpr.br\/cau\/wp-content\/uploads\/sites\/45\/2025\/02\/SEI_7500717_Edital_06-1.pdf\" type=\"application\/pdf\" style=\"width:100%;height:600px\" aria-label=\"Incorporado de SEI_7500717_Edital_06-1.\"><\/object><a id=\"wp-block-file--media-e95a293f-aae2-4676-a205-ff590b5d96b9\" href=\"https:\/\/tecnologia.ufpr.br\/cau\/wp-content\/uploads\/sites\/45\/2025\/02\/SEI_7500717_Edital_06-1.pdf\">SEI_7500717_Edital_06-1<\/a><a href=\"https:\/\/tecnologia.ufpr.br\/cau\/wp-content\/uploads\/sites\/45\/2025\/02\/SEI_7500717_Edital_06-1.pdf\" class=\"wp-block-file__button wp-element-button\" download aria-describedby=\"wp-block-file--media-e95a293f-aae2-4676-a205-ff590b5d96b9\">Baixar<\/a><\/div>\n","protected":false},"excerpt":{"rendered":"<p>N\u00famero de vagas: 1 (uma) \u00c1rea de conhecimento: Projeto de Arquitetura Mat\u00e9ria(s) espec\u00edfica(s): as disciplinas a serem ministradas pelos(as) professores(as) substitutos(as) contratados(as) s\u00e3o: TA211 \u2013 Projeto de Arquitetura 2 e TA219 \u2013 Projeto Integrado de Arquitetura e da Paisagem 1 Regime de trabalho: 40 (quarenta) horas Crit\u00e9rios de sele\u00e7\u00e3o: An\u00e1lise de Curr\u00edculo e Prova Did\u00e1tica [&hellip;]<\/p>\n","protected":false},"author":1077,"featured_media":0,"parent":0,"menu_order":0,"comment_status":"closed","ping_status":"closed","template":"","meta":{"footnotes":""},"_links":{"self":[{"href":"https:\/\/tecnologia.ufpr.br\/cau\/wp-json\/wp\/v2\/pages\/4398"}],"collection":[{"href":"https:\/\/tecnologia.ufpr.br\/cau\/wp-json\/wp\/v2\/pages"}],"about":[{"href":"https:\/\/tecnologia.ufpr.br\/cau\/wp-json\/wp\/v2\/types\/page"}],"author":[{"embeddable":true,"href":"https:\/\/tecnologia.ufpr.br\/cau\/wp-json\/wp\/v2\/users\/1077"}],"replies":[{"embeddable":true,"href":"https:\/\/tecnologia.ufpr.br\/cau\/wp-json\/wp\/v2\/comments?post=4398"}],"version-history":[{"count":20,"href":"https:\/\/tecnologia.ufpr.br\/cau\/wp-json\/wp\/v2\/pages\/4398\/revisions"}],"predecessor-version":[{"id":4501,"href":"https:\/\/tecnologia.ufpr.br\/cau\/wp-json\/wp\/v2\/pages\/4398\/revisions\/4501"}],"wp:attachment":[{"href":"https:\/\/tecnologia.ufpr.br\/cau\/wp-json\/wp\/v2\/media?parent=4398"}],"curies":[{"name":"wp","href":"https:\/\/api.w.org\/{rel}","templated":true}]}}