{"id":4184,"date":"2024-08-12T13:38:26","date_gmt":"2024-08-12T16:38:26","guid":{"rendered":"https:\/\/tecnologia.ufpr.br\/cau\/?page_id=4184"},"modified":"2024-08-23T17:15:22","modified_gmt":"2024-08-23T20:15:22","slug":"concurso-dau-professor-substituto-2024","status":"publish","type":"page","link":"https:\/\/tecnologia.ufpr.br\/cau\/concurso-dau-professor-substituto-2024\/","title":{"rendered":"Processo seletivo DAU &#8211; Professor substituto 2024"},"content":{"rendered":"\n<p>Clique nos links dos itens abaixo para visualizar os editais.<\/p>\n\n\n\n<ol>\n<li><strong><a href=\"https:\/\/tecnologia.ufpr.br\/cau\/2024\/07\/29\/processo-seletivo-para-a-contratacao-de-professor-substituto-na-area-de-urbanismo-inscricoes-de-29-de-julho-a-09-de-agosto-de-2024\/\">Edital do processo seletivo para a contrata\u00e7\u00e3o de professor substituto, na \u00e1rea de Urbanismo<\/a><\/strong><\/li>\n\n\n\n<li><a href=\"https:\/\/tecnologia.ufpr.br\/cau\/2024\/08\/12\/resultado-da-apreciacao-das-inscricoes-do-processo-seletivo-edital-227-2024-progepe\/\"><strong>Edital 01\/2024 &#8211; Resultado da aprecia\u00e7\u00e3o das inscri\u00e7\u00f5es do Processo Seletivo Edital 227\/2024 &#8211; PROGEPE<\/strong><\/a><\/li>\n\n\n\n<li><strong><a href=\"https:\/\/tecnologia.ufpr.br\/cau\/2024\/08\/15\/resultado-da-apreciacao-das-inscricoes-do-processo-seletivo-edital-227-2024-progepe-apos-recurso\/\">Edital 02\/2024 &#8211; Homologa\u00e7\u00e3o das Inscri\u00e7\u00f5es do Processo Seletivo Edital 227\/2024 &#8211; P\u00f3s-Recursos<\/a><\/strong><\/li>\n\n\n\n<li><a href=\"https:\/\/tecnologia.ufpr.br\/cau\/2024\/08\/15\/cronograma-das-provas-pontos-e-criterios-de-avaliacao-do-processo-seletivo-edital-227-2024-progepe\/\"><strong>Edital 03\/2024 &#8211; Cronograma das provas, pontos e crit\u00e9rios de avalia\u00e7\u00e3o<\/strong><\/a><\/li>\n\n\n\n<li><strong><a href=\"https:\/\/tecnologia.ufpr.br\/cau\/2024\/08\/20\/resultado-da-prova-de-analise-de-curriculo-e-o-cronograma-do-sorteio-dos-pontos-para-a-prova-didatica-do-processo-seletivo-edital-227-2024-progepe\/\">Edital 04\/2024 &#8211; Resultado da Prova de An\u00e1lise de Curr\u00edculo e o cronograma do Sorteio dos pontos para a Prova Did\u00e1tica<\/a><\/strong><\/li>\n\n\n\n<li><strong><a href=\"https:\/\/tecnologia.ufpr.br\/cau\/2024\/08\/23\/parecer-final-do-processo-seletivo-edital-227-2024-progepe\/\">Resultado Final: Edital 05 (Parecer Final) e Tabela do Resultado Final do Processo Seletivo Edital 227\/2024 \u2013 PROGEPE<\/a><\/strong><\/li>\n<\/ol>\n\n\n\n<p><\/p>\n","protected":false},"excerpt":{"rendered":"<p>Clique nos links dos itens abaixo para visualizar os editais.<\/p>\n","protected":false},"author":1078,"featured_media":0,"parent":0,"menu_order":0,"comment_status":"closed","ping_status":"closed","template":"","meta":{"footnotes":""},"_links":{"self":[{"href":"https:\/\/tecnologia.ufpr.br\/cau\/wp-json\/wp\/v2\/pages\/4184"}],"collection":[{"href":"https:\/\/tecnologia.ufpr.br\/cau\/wp-json\/wp\/v2\/pages"}],"about":[{"href":"https:\/\/tecnologia.ufpr.br\/cau\/wp-json\/wp\/v2\/types\/page"}],"author":[{"embeddable":true,"href":"https:\/\/tecnologia.ufpr.br\/cau\/wp-json\/wp\/v2\/users\/1078"}],"replies":[{"embeddable":true,"href":"https:\/\/tecnologia.ufpr.br\/cau\/wp-json\/wp\/v2\/comments?post=4184"}],"version-history":[{"count":10,"href":"https:\/\/tecnologia.ufpr.br\/cau\/wp-json\/wp\/v2\/pages\/4184\/revisions"}],"predecessor-version":[{"id":4246,"href":"https:\/\/tecnologia.ufpr.br\/cau\/wp-json\/wp\/v2\/pages\/4184\/revisions\/4246"}],"wp:attachment":[{"href":"https:\/\/tecnologia.ufpr.br\/cau\/wp-json\/wp\/v2\/media?parent=4184"}],"curies":[{"name":"wp","href":"https:\/\/api.w.org\/{rel}","templated":true}]}}