{"id":4089,"date":"2024-07-03T14:39:04","date_gmt":"2024-07-03T17:39:04","guid":{"rendered":"https:\/\/tecnologia.ufpr.br\/cau\/?page_id=4089"},"modified":"2024-07-03T15:09:27","modified_gmt":"2024-07-03T18:09:27","slug":"entidades-e-coletivos","status":"publish","type":"page","link":"https:\/\/tecnologia.ufpr.br\/cau\/entidades-e-coletivos\/","title":{"rendered":"Entidades e Coletivos"},"content":{"rendered":"\n<p>Os textos a seguir s\u00e3o referentes as entidades e coletivos formados por estudantes do curso de Arquitetura e Urbanismo da Universidade Federal do Paran\u00e1.<\/p>\n\n\n\n<p><strong>O Ateli\u00ea&nbsp;<\/strong>\u00e9 um curso livre de desenho, com professores volunt\u00e1rios que s\u00e3o alunos da UFPR. Nas nossas aulas, a rela\u00e7\u00e3o entre professores e alunos \u00e9 uma rela\u00e7\u00e3o de<\/p>\n\n\n\n<p>troca onde os dois lados ensinam e aprendem.&nbsp;<\/p>\n\n\n\n<p>Cada m\u00f3dulo de aulas do Ateli\u00ea foca em objetivos art\u00edsticos e de aprendizagem<\/p>\n\n\n\n<p>diferentes, com o intuito de explorar diferentes formas de fazer arte.<\/p>\n\n\n\n<p><strong>Instagram: @atelieufpr.<\/strong><\/p>\n\n\n\n<p><strong>O Formas de Habitar<\/strong>&nbsp;\u00e9 um projeto de extens\u00e3o que procura entender as formas de habitar que extrapolam a dimens\u00e3o da habita\u00e7\u00e3o e produzem a cidade de Curitiba e regi\u00e3o. A partir da experimenta\u00e7\u00e3o coletiva e da pr\u00e1tica da co-investiga\u00e7\u00e3o, que consiste em chegar em solu\u00e7\u00f5es para os problemas juntamente com a popula\u00e7\u00e3o local, levando em conta fatores como a territorializa\u00e7\u00e3o dos processos de organiza\u00e7\u00e3o popular associativa, da<\/p>\n\n\n\n<p>subjetiva\u00e7\u00e3o das pol\u00edticas presentes atualmente em assentamentos informais, al\u00e9m de mir\u00edade de atores presentes \u2013 como crime, religi\u00e3o, Ongs, associa\u00e7\u00f5es de moradores e etc.<\/p>\n\n\n\n<p><strong>A Modular Jr.<\/strong>&nbsp;\u00e9 a Empresa J\u00fanior de Arquitetura e Urbanismo da UFPR. 100% gerida por alunos e alunas dos diversos per\u00edodos do curso, que atuam desde a gest\u00e3o administrativa e comercial at\u00e9 a realiza\u00e7\u00e3o de projetos para clientes reais.&nbsp;<\/p>\n\n\n\n<p>Fazem projetos arquitet\u00f4nicos, paisag\u00edsticos e de interiores, todos contando com a orienta\u00e7\u00e3o de professoras, professores ou profissionais do mercado.&nbsp;<\/p>\n\n\n\n<p><strong>Instagram: @modular.jr<\/strong><\/p>\n\n\n\n<p><strong>O Coletivo Caracol<\/strong>&nbsp;\u00e9 o EMAU (Escrit\u00f3rio Modelo de Arquitetura e Urbanismo) da UFPR. Pr\u00e1tica extens\u00e3o universit\u00e1ria popular e visa atuar com projetos arquitet\u00f4nicos e de planejamento territorial em diferentes comunidades organizadas, em territ\u00f3rios populares urbanos e rurais, somando for\u00e7as com movimentos sociais e associa\u00e7\u00f5es comunit\u00e1rias.&nbsp;<\/p>\n\n\n\n<p>Em seus princ\u00edpios est\u00e1 a populariza\u00e7\u00e3o do saber t\u00e9cnico e a Universidade P\u00fablica.&nbsp;<\/p>\n\n\n\n<p><strong>Instagram: @caracol.ufpr<\/strong><\/p>\n\n\n\n<p><strong>O GAU&nbsp;<\/strong>\u00e9 o Gr\u00eamio de Arquitetura e Urbanismo, Centro Acad\u00eamico que representa os estudantes do curso em reuni\u00f5es com o departamento, a coordena\u00e7\u00e3o, o setor, e ao DCE, sempre lutando pelo interesse e pelos direitos dos alunos.&nbsp;<\/p>\n\n\n\n<p>Composto por todos os estudantes matriculados no curso (que s\u00e3o membros da assembleia geral do GAU), conta tamb\u00e9m com uma diretoria executiva, que passa por elei\u00e7\u00f5es a cada ano, todos est\u00e3o livres para criar uma chapa, apresentar suas propostas e concorrer.&nbsp;<\/p>\n\n\n\n<p>Esse grupo deve trabalhar com as demandas dos alunos e ajudar a organizar as discuss\u00f5es e decis\u00f5es que s\u00e3o tomadas entre todos, como uma das formas de melhorar coletivamente o curso e a universidade.<\/p>\n\n\n\n<p>O GAU tamb\u00e9m auxilia na realiza\u00e7\u00e3o de atividades (como palestras, debates e oficinas) e eventos do curso (como as festas e a SAAU, nossa semana acad\u00eamica). Para esses momentos tamb\u00e9m s\u00e3o abertas as comiss\u00f5es organizadoras, que s\u00e3o compostas pelos alunos do curso interessados em construir o evento mais de perto.<\/p>\n\n\n\n<p>Ser estudante do curso \u00e9 ser parte do GAU, ent\u00e3o sinta-se convidado para construir o C.A. junto com a gente, indo nas reuni\u00f5es abertas, assembleias, participando de grupos de trabalho e comiss\u00f5es organizadoras!<\/p>\n\n\n\n<p><strong>Instagram: @insta.gau<\/strong><\/p>\n\n\n\n<p><strong>Coletivo cubata<\/strong><\/p>\n\n\n\n<p>O Coletivo Cubata \u00e9 o primeiro coletivo negro dos estudantes de arquitetura e urbanismo da UFPR.&nbsp;<\/p>\n\n\n\n<p>Com seu surgimento associado a necessidade de defender os direitos e interesses da comunidade de estudantes negros em um dos cursos de arquitetura e urbanismo mais antigos do Brasil, que tem 61 anos de exist\u00eancia mas nenhum professor negro em seu corpo docente. Onde se prop\u00f5e a refor\u00e7ar a luta pelo fim do racismo dentro do campo t\u00e9cnico de Arquitetura e Urbanismo.&nbsp;<\/p>\n\n\n\n<p>O coletivo est\u00e1 aberto para a participa\u00e7\u00e3o de qualquer pessoa&nbsp;interessada. Al\u00e9m da produ\u00e7\u00e3o acad\u00eamica, queremos ser um grupo de uni\u00e3o e acolhimento onde podemos celebrar quem n\u00f3s somos.<\/p>\n\n\n\n<p><strong>Instagram: @coletivocubata.ufpr<\/strong><\/p>\n\n\n\n<p><strong>FeNEA<\/strong>\u00a0\u00e9 a Federa\u00e7\u00e3o Nacional de Estudantes de Arquitetura e Urbanismo que \u00e9 a articula\u00e7\u00e3o de estudantes de todo o Brasil e se dedica a organizar nossa luta nacionalmente, al\u00e9m de promover eventos que nos proporcionam integraliza\u00e7\u00e3o e trocas de experi\u00eancias.<\/p>\n\n\n\n<p><strong>Instagram: @fenea.br<\/strong><\/p>\n","protected":false},"excerpt":{"rendered":"<p>Os textos a seguir s\u00e3o referentes as entidades e coletivos formados por estudantes do curso de Arquitetura e Urbanismo da Universidade Federal do Paran\u00e1. O Ateli\u00ea&nbsp;\u00e9 um curso livre de desenho, com professores volunt\u00e1rios que s\u00e3o alunos da UFPR. Nas nossas aulas, a rela\u00e7\u00e3o entre professores e alunos \u00e9 uma rela\u00e7\u00e3o de troca onde os [&hellip;]<\/p>\n","protected":false},"author":1078,"featured_media":0,"parent":0,"menu_order":0,"comment_status":"closed","ping_status":"closed","template":"","meta":{"footnotes":""},"_links":{"self":[{"href":"https:\/\/tecnologia.ufpr.br\/cau\/wp-json\/wp\/v2\/pages\/4089"}],"collection":[{"href":"https:\/\/tecnologia.ufpr.br\/cau\/wp-json\/wp\/v2\/pages"}],"about":[{"href":"https:\/\/tecnologia.ufpr.br\/cau\/wp-json\/wp\/v2\/types\/page"}],"author":[{"embeddable":true,"href":"https:\/\/tecnologia.ufpr.br\/cau\/wp-json\/wp\/v2\/users\/1078"}],"replies":[{"embeddable":true,"href":"https:\/\/tecnologia.ufpr.br\/cau\/wp-json\/wp\/v2\/comments?post=4089"}],"version-history":[{"count":2,"href":"https:\/\/tecnologia.ufpr.br\/cau\/wp-json\/wp\/v2\/pages\/4089\/revisions"}],"predecessor-version":[{"id":4100,"href":"https:\/\/tecnologia.ufpr.br\/cau\/wp-json\/wp\/v2\/pages\/4089\/revisions\/4100"}],"wp:attachment":[{"href":"https:\/\/tecnologia.ufpr.br\/cau\/wp-json\/wp\/v2\/media?parent=4089"}],"curies":[{"name":"wp","href":"https:\/\/api.w.org\/{rel}","templated":true}]}}