{"id":3284,"date":"2022-05-12T09:25:53","date_gmt":"2022-05-12T12:25:53","guid":{"rendered":"https:\/\/tecnologia.ufpr.br\/cau\/?page_id=3284"},"modified":"2022-05-17T09:03:31","modified_gmt":"2022-05-17T12:03:31","slug":"fichas-02","status":"publish","type":"page","link":"https:\/\/tecnologia.ufpr.br\/cau\/fichas-02\/","title":{"rendered":"Fichas 02"},"content":{"rendered":"\n<h2 class=\"wp-block-heading\">Disciplinas do Primeiro Semestre Letivo de 2022<\/h2>\n\n\n\n<h3 class=\"wp-block-heading\">Projeto e Paisagem<\/h3>\n\n\n\n<p><a href=\"https:\/\/tecnologia.ufpr.br\/cau\/wp-content\/uploads\/sites\/45\/2022\/05\/TA114-Informatica-na-Arquitetura-Prof.-Rudnei-Campos.pdf\">TA114 &#8211; Inform\u00e1tica na Arquitetura &#8211; Prof. Rudnei Campos<\/a><br><a href=\"https:\/\/tecnologia.ufpr.br\/cau\/wp-content\/uploads\/sites\/45\/2022\/05\/TA199-Desenho-Arquitetonico-I-Profa.-Marina-Oba.pdf\">TA199 &#8211; Desenho Arquitet\u00f4nico I &#8211; Profa. Marina Oba<\/a><br><a href=\"https:\/\/tecnologia.ufpr.br\/cau\/wp-content\/uploads\/sites\/45\/2022\/05\/TA199-Desenho-Arquitetonico-I-Prof.-Rafael-Cartana.pdf\">TA199 &#8211; Desenho Arquitet\u00f4nico I &#8211; Prof. Rafael Cartana<\/a><br><a href=\"https:\/\/tecnologia.ufpr.br\/cau\/wp-content\/uploads\/sites\/45\/2022\/05\/TA201-Estudos-da-Forma-Prof.-Marco-Dudeque.pdf\">TA201 &#8211; Estudos da Forma &#8211; Prof. Marco Dudeque<\/a><br><a href=\"https:\/\/tecnologia.ufpr.br\/cau\/wp-content\/uploads\/sites\/45\/2022\/05\/TA201-Estudos-da-Forma-Profa.-Silvana-Weihermann.pdf\">TA201 &#8211; Estudos da Forma &#8211; Profa. Silvana Weihermann<\/a><br><a href=\"https:\/\/tecnologia.ufpr.br\/cau\/wp-content\/uploads\/sites\/45\/2022\/05\/TA101-Arquitetura-I-Prof.-Artur-Ortega.pdf\">TA101 &#8211; Arquitetura I &#8211; Prof. Artur Ortega<\/a><br><a href=\"https:\/\/tecnologia.ufpr.br\/cau\/wp-content\/uploads\/sites\/45\/2022\/05\/TA101-Arquitetura-I-Prof.-Cervantes-Ayres-Filho.pdf\">TA101 &#8211; Arquitetura I &#8211; Prof. Cervantes Ayres Filho<\/a><br><a href=\"https:\/\/tecnologia.ufpr.br\/cau\/wp-content\/uploads\/sites\/45\/2022\/05\/TA101-Arquitetura-I-Profa.-Andrea-Berriel.pdf\">TA101 &#8211; Arquitetura I &#8211; Profa. Andrea Berriel<\/a><br><a href=\"https:\/\/tecnologia.ufpr.br\/cau\/wp-content\/uploads\/sites\/45\/2022\/05\/TA109-Paisagismo-I-Prof.-Alessandro-filla.pdf\">TA109 &#8211; Paisagismo I &#8211; Prof. Alessandro Filla<\/a><br><a href=\"https:\/\/tecnologia.ufpr.br\/cau\/wp-content\/uploads\/sites\/45\/2022\/05\/TA103-Arquitetura-II-Profs.-Lisana-Schmitz_Paulo-Chiesa_e_Paulo-Pacheco.pdf\">TA103 &#8211; Arquitetura II &#8211; Profs. Lisana Schmitz_Paulo Chiesa_e_Paulo Pacheco<\/a><br><a href=\"https:\/\/tecnologia.ufpr.br\/cau\/wp-content\/uploads\/sites\/45\/2022\/05\/TA110-Paisagismo-II-Prof.-Roberto-Sabatella-Adam.pdf\">TA110 &#8211; Paisagismo II &#8211; Prof. Roberto Sabatella Adam<\/a><br><a href=\"https:\/\/tecnologia.ufpr.br\/cau\/wp-content\/uploads\/sites\/45\/2022\/05\/TA-105-Arquitetura-III-Prof.-Emerson-Vidigal.pdf\">TA 105 &#8211; Arquitetura III &#8211; Prof. Emerson Vidigal<\/a><br><a href=\"https:\/\/tecnologia.ufpr.br\/cau\/wp-content\/uploads\/sites\/45\/2022\/05\/TA106-Arquitetura_IV-Profs.-Eneida-Kuchpil-e-Silvio-Parucker.pdf\">TA106 &#8211; Arquitetura IV &#8211; Profs. Eneida Kuchpil e Silvio Parucker<\/a><br><a href=\"https:\/\/tecnologia.ufpr.br\/cau\/wp-content\/uploads\/sites\/45\/2022\/05\/TA203-Arquitetura-V-Prof.-Marco-Dudeque.pdf\">TA203 &#8211; Arquitetura V &#8211; Prof. Marco Dudeque<\/a><\/p>\n\n\n\n<h3 class=\"wp-block-heading\">Urbanismo<\/h3>\n\n\n<p><a href=\"https:\/\/tecnologia.ufpr.br\/cau\/wp-content\/uploads\/sites\/45\/2022\/05\/TA116-Cidade-e-Meio-Ambiente-I-Profa.-Cristina-de-Araujo-Lima-Turma-A.pdf\">TA116 \u2013 Cidade e Meio Ambiente I \u2013 Profa. Cristina de Ara\u00fajo Lima \u2013 Turma A<\/a><br \/><a href=\"https:\/\/tecnologia.ufpr.br\/cau\/wp-content\/uploads\/sites\/45\/2022\/05\/TA-116-Cidade-e-Meio-Ambiente-I-Turma-B.pdf\">TA116 \u2013 Cidade e Meio Ambiente I \u2013 Profa. Cristina de Ara\u00fajo Lima \u2013 Turma B<\/a><a href=\"https:\/\/tecnologia.ufpr.br\/cau\/wp-content\/uploads\/sites\/45\/2022\/05\/TA-117-Cidade-e-Meio-Ambiente-II-Profa.-Cristina-de-Araujo.pdf\"><br \/><\/a><a href=\"https:\/\/tecnologia.ufpr.br\/cau\/wp-content\/uploads\/sites\/45\/2022\/05\/TA122-Estudos-Urbanos-e-Regionais-I-Profa.-Madianita-Nunes-Turma-A.pdf\">TA122 \u2013 Estudos Urbanos e Regionais I \u2013 Profa. Madianita Nunes \u2013 Turma A<\/a><a href=\"https:\/\/tecnologia.ufpr.br\/cau\/wp-content\/uploads\/sites\/45\/2022\/05\/TA-117-Cidade-e-Meio-Ambiente-II-Profa.-Cristina-de-Araujo.pdf\"><br \/><\/a><a href=\"https:\/\/tecnologia.ufpr.br\/cau\/wp-content\/uploads\/sites\/45\/2022\/05\/TA122-Estudos-Urbanos-e-Regionais-I-%E2%80%93-Profa.-Madianita-Nunes-Turma-B.pdf\">TA122 \u2013 Estudos Urbanos e Regionais I \u2013 Profa. Madianita Nunes \u2013 Turma B<\/a><a href=\"https:\/\/tecnologia.ufpr.br\/cau\/wp-content\/uploads\/sites\/45\/2022\/05\/TA-117-Cidade-e-Meio-Ambiente-II-Profa.-Cristina-de-Araujo.pdf\"><br \/><\/a><a href=\"https:\/\/tecnologia.ufpr.br\/cau\/wp-content\/uploads\/sites\/45\/2022\/05\/TA-119-Desenho-Urbano-II-Profa.-Leticia-Gadens-Turma-A.pdf\">TA 119 \u2013 Desenho Urbano II \u2013 Profa. Let\u00edcia Gadens \u2013 Turma A<\/a><a href=\"https:\/\/tecnologia.ufpr.br\/cau\/wp-content\/uploads\/sites\/45\/2022\/05\/TA-117-Cidade-e-Meio-Ambiente-II-Profa.-Cristina-de-Araujo.pdf\"><br \/><\/a><a href=\"https:\/\/tecnologia.ufpr.br\/cau\/wp-content\/uploads\/sites\/45\/2022\/05\/TA-119-Desenho-Urbano-II-Profa.-Maria-Carolina-Maziviero-Turma-B.pdf\">TA 119 \u2013 Desenho Urbano II \u2013 Profa. Maria Carolina Maziviero \u2013 Turma B<\/a><a href=\"https:\/\/tecnologia.ufpr.br\/cau\/wp-content\/uploads\/sites\/45\/2022\/05\/TA-117-Cidade-e-Meio-Ambiente-II-Profa.-Cristina-de-Araujo.pdf\"><br \/><\/a><a href=\"https:\/\/tecnologia.ufpr.br\/cau\/wp-content\/uploads\/sites\/45\/2022\/05\/TA-119-Desenho-Urbano-II-Profa.-Marcelo-Andreoli-Turma-C.pdf\">TA 119 \u2013 Desenho Urbano II \u2013 Profa. Marcelo Andreoli \u2013 Turma C<\/a><a href=\"https:\/\/tecnologia.ufpr.br\/cau\/wp-content\/uploads\/sites\/45\/2022\/05\/TA-117-Cidade-e-Meio-Ambiente-II-Profa.-Cristina-de-Araujo.pdf\"><br \/><\/a><a href=\"https:\/\/tecnologia.ufpr.br\/cau\/wp-content\/uploads\/sites\/45\/2022\/05\/TA-124-Planejamento-Urbano-e-Regional-I-Profa.-Leticia-Gadens-Turma-A.pdf\">TA 124 \u2013 Planejamento Urbano e Regional I \u2013 Profa. Let\u00edcia Gadens \u2013 Turma A<\/a><a href=\"https:\/\/tecnologia.ufpr.br\/cau\/wp-content\/uploads\/sites\/45\/2022\/05\/TA-117-Cidade-e-Meio-Ambiente-II-Profa.-Cristina-de-Araujo.pdf\"><br \/><\/a><a href=\"https:\/\/tecnologia.ufpr.br\/cau\/wp-content\/uploads\/sites\/45\/2022\/05\/TA-124-Planejamento-Urbano-e-Regional-I-Profa.-Madianite-Nunes-Turma-B.pdf\">TA 124 \u2013 Planejamento Urbano e Regional I \u2013 Profa. Madianita Nunes \u2013 Turma B<\/a><a href=\"https:\/\/tecnologia.ufpr.br\/cau\/wp-content\/uploads\/sites\/45\/2022\/05\/TA-117-Cidade-e-Meio-Ambiente-II-Profa.-Cristina-de-Araujo.pdf\"><br \/><\/a><a href=\"https:\/\/tecnologia.ufpr.br\/cau\/wp-content\/uploads\/sites\/45\/2022\/05\/TA-124-Planejamento-Urbano-e-Regional-I-Profa.-Marcelo-Andreoli-Turma-C.pdf\">TA 124 \u2013 Planejamento Urbano e Regional I \u2013 Profa. Marcelo Andreoli \u2013 Turma C<\/a><a href=\"https:\/\/tecnologia.ufpr.br\/cau\/wp-content\/uploads\/sites\/45\/2022\/05\/TA-117-Cidade-e-Meio-Ambiente-II-Profa.-Cristina-de-Araujo.pdf\"><br \/><\/a><a href=\"https:\/\/tecnologia.ufpr.br\/cau\/wp-content\/uploads\/sites\/45\/2022\/05\/TA-121-Denho-Urbano-IV-Profa.-Maria-Carolina-Maziviero.pdf\">TA 121 \u2013 Denho Urbano IV \u2013 Profa. Maria Carolina Maziviero<\/a><a href=\"https:\/\/tecnologia.ufpr.br\/cau\/wp-content\/uploads\/sites\/45\/2022\/05\/TA-117-Cidade-e-Meio-Ambiente-II-Profa.-Cristina-de-Araujo.pdf\"><br \/><\/a><a href=\"https:\/\/tecnologia.ufpr.br\/cau\/wp-content\/uploads\/sites\/45\/2022\/05\/TA-183-Dinamicas-Urbanas-Profa.-Cristina-de-Araujo-Lima.pdf\">TA 183 \u2013 Din\u00e2micas Urbanas \u2013 Profa. Cristina de Ara\u00fajo Lima<\/a><a href=\"https:\/\/tecnologia.ufpr.br\/cau\/wp-content\/uploads\/sites\/45\/2022\/05\/TA-117-Cidade-e-Meio-Ambiente-II-Profa.-Cristina-de-Araujo.pdf\"><br \/><\/a><a href=\"https:\/\/tecnologia.ufpr.br\/cau\/wp-content\/uploads\/sites\/45\/2022\/05\/TA157-Topicos-Especiais-em-Urbanismo-III-Profa.-Maria-Carolina-Maziviero.pdf\">TA157 \u2013 T\u00f3picos Especiais em Urbanismo III \u2013 Profa. Maria Carolina Maziviero<\/a><\/p>\n\n\n<h3 class=\"wp-block-heading\">Teoria e Hist\u00f3ria<\/h3>\n\n\n\n<p><a href=\"https:\/\/tecnologia.ufpr.br\/cau\/wp-content\/uploads\/sites\/45\/2022\/05\/TA189-Fundamentos-da-Arquitetura-I-Prof.-Antonio-Castelnou.pdf\">TA189 &#8211; Fundamentos da Arquitetura I &#8211; Prof. Antonio Castelnou<\/a><br><a href=\"https:\/\/tecnologia.ufpr.br\/cau\/wp-content\/uploads\/sites\/45\/2022\/05\/TA091-Teoria-e-Historia-da-Arquitetura-I-Profa.-Juliana-Suzuki.pdf\">TA091 &#8211; Teoria e Hist\u00f3ria da Arquitetura I &#8211; Profa. Juliana Suzuki<\/a><br><a href=\"https:\/\/tecnologia.ufpr.br\/cau\/wp-content\/uploads\/sites\/45\/2022\/05\/TA087-Historia-da-Arte-I-Prof.-Antonio-Castelnou.pdf\">TA087 &#8211; Hist\u00f3ria da Arte I &#8211; Prof. Antonio Castelnou<\/a><br><a href=\"https:\/\/tecnologia.ufpr.br\/cau\/wp-content\/uploads\/sites\/45\/2022\/05\/TA093-Teoria-e-Historia-da-Arquitetura-III-Prof.-Rodrigo-Jabur.pdf\">TA093 &#8211; Teoria e Hist\u00f3ria da Arquitetura III &#8211; Prof. Rodrigo Jabur<\/a><br><a href=\"https:\/\/tecnologia.ufpr.br\/cau\/wp-content\/uploads\/sites\/45\/2022\/05\/TA089-Historia-da-Cidade-I-Profa.-Elizabeth-Amorim-de-Castro.pdf\">TA089 &#8211; Hist\u00f3ria da Cidade I &#8211; Profa. Elizabeth Amorim de Castro<\/a><br><a href=\"https:\/\/tecnologia.ufpr.br\/cau\/wp-content\/uploads\/sites\/45\/2022\/05\/TA095-Arquitetura-Brasileira-I-Profa.-Juliana-Suzuki.pdf\">TA095 &#8211; Arquitetura Brasileira I &#8211; Profa. Juliana Suzuki<\/a><br><a href=\"https:\/\/tecnologia.ufpr.br\/cau\/wp-content\/uploads\/sites\/45\/2022\/05\/TA097-Patrimonio-e-Tecnicas-Retrospectivas-I-Profa.-Elizabeth-Amorim-de-Castro.pdf\">TA097 &#8211; Patrim\u00f4nio e T\u00e9cnicas Retrospectivas I &#8211; Profa. Elizabeth Amorim de Castro<\/a><br><a href=\"https:\/\/tecnologia.ufpr.br\/cau\/wp-content\/uploads\/sites\/45\/2022\/05\/TA192-Arquitetura-Escolar-do-Parana-Profa.-Elizabeth-Amorim-de-Castro.pdf\">TA192 &#8211; Arquitetura Escolar do Paran\u00e1 &#8211; Profa. Elizabeth Amorim de Castro<\/a><\/p>\n\n\n\n<h3 class=\"wp-block-heading\">Tecnologia<\/h3>\n\n\n\n<p><a href=\"https:\/\/tecnologia.ufpr.br\/cau\/wp-content\/uploads\/sites\/45\/2022\/05\/TA126-Estatica-Prof.-Carlos-Adao.pdf\">TA126 &#8211; Est\u00e1tica &#8211; Prof. Carlos Ad\u00e3o<\/a><br><a href=\"https:\/\/tecnologia.ufpr.br\/cau\/wp-content\/uploads\/sites\/45\/2022\/05\/TA132-Materiais-de-Construcao-Profa.-Maria-Regina-Sarro.pdf\">TA132 &#8211; Materiais de Constru\u00e7\u00e3o &#8211; Profa. Maria Regina Sarro<\/a><br><a href=\"https:\/\/tecnologia.ufpr.br\/cau\/wp-content\/uploads\/sites\/45\/2022\/05\/TA128-Sistemas-Estruturais-Prof.-Carlos-Adao.pdf\">TA128 &#8211; Sistemas Estruturais I &#8211; Prof. Carlos Ad\u00e3o<\/a><br><a href=\"https:\/\/tecnologia.ufpr.br\/cau\/wp-content\/uploads\/sites\/45\/2022\/05\/TA134-Construcao-Civil-I-Profa.-Andressa-Gobbi.pdf\">TA134 &#8211; Constru\u00e7\u00e3o Civil I &#8211; Profa. Andressa Gobbi<\/a><br><a href=\"https:\/\/tecnologia.ufpr.br\/cau\/wp-content\/uploads\/sites\/45\/2022\/05\/TA138-Ambiente-Construido-I-Prof.-Aloisio-Schmid.pdf\">TA138 &#8211; Ambiente Constru\u00eddo I &#8211; Prof. Alo\u00edsio Schmid<\/a><br><a href=\"https:\/\/tecnologia.ufpr.br\/cau\/wp-content\/uploads\/sites\/45\/2022\/05\/TA130-Estruturas-de-Concreto-Armado-Profa.-Maria-Regina-Sarro.pdf\">TA130 &#8211; Estruturas de Concreto Armado &#8211; Profa. Maria Regina Sarro<\/a><br><a href=\"https:\/\/tecnologia.ufpr.br\/cau\/wp-content\/uploads\/sites\/45\/2022\/05\/TA136-Instalacoes-Prediais-I-Profa-Andressa-Gobbi.pdf\">TA136 &#8211; Instala\u00e7\u00f5es Prediais I &#8211; Profa. Andressa Gobbi<\/a><br><a href=\"https:\/\/tecnologia.ufpr.br\/cau\/wp-content\/uploads\/sites\/45\/2022\/05\/TA140-Ambiente-Construido-III-Prof.-Aloisio-Schmid.pdf\">TA140 &#8211; Ambiente Constru\u00eddo III &#8211; Prof. Alo\u00edsio Schmid<\/a><br><br><\/p>\n\n\n\n<p><br><br><br><\/p>\n\n\n\n<p><br><br><\/p>\n","protected":false},"excerpt":{"rendered":"<p>Disciplinas do Primeiro Semestre Letivo de 2022 Projeto e Paisagem TA114 &#8211; Inform\u00e1tica na Arquitetura &#8211; Prof. Rudnei CamposTA199 &#8211; Desenho Arquitet\u00f4nico I &#8211; Profa. Marina ObaTA199 &#8211; Desenho Arquitet\u00f4nico I &#8211; Prof. Rafael CartanaTA201 &#8211; Estudos da Forma &#8211; Prof. Marco DudequeTA201 &#8211; Estudos da Forma &#8211; Profa. Silvana WeihermannTA101 &#8211; Arquitetura I &#8211; [&hellip;]<\/p>\n","protected":false},"author":1077,"featured_media":0,"parent":0,"menu_order":0,"comment_status":"closed","ping_status":"closed","template":"","meta":{"footnotes":""},"_links":{"self":[{"href":"https:\/\/tecnologia.ufpr.br\/cau\/wp-json\/wp\/v2\/pages\/3284"}],"collection":[{"href":"https:\/\/tecnologia.ufpr.br\/cau\/wp-json\/wp\/v2\/pages"}],"about":[{"href":"https:\/\/tecnologia.ufpr.br\/cau\/wp-json\/wp\/v2\/types\/page"}],"author":[{"embeddable":true,"href":"https:\/\/tecnologia.ufpr.br\/cau\/wp-json\/wp\/v2\/users\/1077"}],"replies":[{"embeddable":true,"href":"https:\/\/tecnologia.ufpr.br\/cau\/wp-json\/wp\/v2\/comments?post=3284"}],"version-history":[{"count":13,"href":"https:\/\/tecnologia.ufpr.br\/cau\/wp-json\/wp\/v2\/pages\/3284\/revisions"}],"predecessor-version":[{"id":3378,"href":"https:\/\/tecnologia.ufpr.br\/cau\/wp-json\/wp\/v2\/pages\/3284\/revisions\/3378"}],"wp:attachment":[{"href":"https:\/\/tecnologia.ufpr.br\/cau\/wp-json\/wp\/v2\/media?parent=3284"}],"curies":[{"name":"wp","href":"https:\/\/api.w.org\/{rel}","templated":true}]}}