{"id":3132,"date":"2022-03-30T10:20:02","date_gmt":"2022-03-30T13:20:02","guid":{"rendered":"https:\/\/tecnologia.ufpr.br\/cau\/?page_id=3132"},"modified":"2022-03-30T10:31:01","modified_gmt":"2022-03-30T13:31:01","slug":"tfg","status":"publish","type":"page","link":"https:\/\/tecnologia.ufpr.br\/cau\/tfg\/","title":{"rendered":"TFG"},"content":{"rendered":"<h3><a href=\"https:\/\/tecnologia.ufpr.br\/cau\/wp-content\/uploads\/sites\/45\/2022\/03\/tfg_ufpr_-_doc_01.pdf\">TFG Doc. 01 &#8211; Trabalho Final de Gradua\u00e7\u00e3o<\/a><br \/>Defini\u00e7\u00f5es e Objetivos Gerais<\/h3>\n<p>Conte\u00fado<br \/>Apresenta\u00e7\u00e3o<br \/>Defini\u00e7\u00f5es<br \/>Objetivos gerais<br \/>Temas<br \/>Requerimento de Orienta\u00e7\u00e3o<br \/>Carta de Inten\u00e7\u00f5es<br \/>MODELO 01 \u2013 REQUERIMENTO DE ORIENTA\u00c7\u00c3O<br \/>MODELO 02 \u2013 CARTA DE INTEN\u00c7\u00d5ES<\/p>\n\n<h3><a href=\"https:\/\/tecnologia.ufpr.br\/cau\/wp-content\/uploads\/sites\/45\/2022\/03\/tfg_ufpr_-_doc_02.pdf\">TFG Doc. 02 &#8211; Trabalho Final de Gradua\u00e7\u00e3o<\/a><br \/>Termo de Refer\u00eancia \/ Orienta\u00e7\u00f5es<\/h3>\n<p>Conte\u00fado<br \/>Apresenta\u00e7\u00e3o<br \/>TA059 \u2013 Orienta\u00e7\u00e3o de Pesquisa<br \/>TA060 \u2013 Trabalho Final de Gradua\u00e7\u00e3o (TFG)<br \/>Responsabilidades<br \/>Orienta\u00e7\u00f5es<br \/>Termo de Refer\u00eancia<br \/>Calend\u00e1rio do TFG<br \/>MODELO 03 \u2013 RELAT\u00d3RIO DE ORIENTA\u00c7\u00c3O<br \/>MODELO 04 \u2013 TERMO DE REFER\u00caNCIA<\/p>\n\n<h3><a href=\"https:\/\/tecnologia.ufpr.br\/cau\/wp-content\/uploads\/sites\/45\/2022\/03\/tfg_ufpr_-_doc_03.pdf\">TFG Doc.03 &#8211; Trabalho Final de Gradua\u00e7\u00e3o<\/a><br \/>Desenvolvimento da Pesquisa<\/h3>\n\n\n<p>Conte\u00fado<br>Apresenta\u00e7\u00e3o<br>Pesquisa do Trabalho Final de Gradua\u00e7\u00e3o<br>Partes constituintes da pesquisa:<br>I. Introdu\u00e7\u00e3o<br>II. Conceitua\u00e7\u00e3o tem\u00e1tica<br>III. Estudo de casos<br>IV. Interpreta\u00e7\u00e3o da realidade<br>V. Diretrizes gerais de projeto<br>VI. Refer\u00eancias<br>Forma de apresenta\u00e7\u00e3o da pesquisa<br>Apresenta\u00e7\u00e3o e defesa oral da pesquisa<\/p>\n\n\n<h3><a href=\"https:\/\/tecnologia.ufpr.br\/cau\/wp-content\/uploads\/sites\/45\/2022\/03\/tfg_ufpr_-_doc_04.pdf\">TFG Doc.04 &#8211; Trabalho Final de Gradua\u00e7\u00e3o<\/a><br \/>Elabora\u00e7\u00e3o e Defesa do Projeto Final<\/h3>\n<p>Conte\u00fado<br \/>Apresenta\u00e7\u00e3o<br \/>Desenvolvimento do Trabalho Final de Gradua\u00e7\u00e3o<br \/>Pr\u00e9-Banca<br \/>Forma de apresenta\u00e7\u00e3o \u2013 Banca Final<br \/>Conte\u00fados m\u00ednimos: I. Projeto de Arquitetura<br \/>II. Projeto de Urbanismo<br \/>III. Projeto de Paisagismo<br \/>Banca Final<\/p>","protected":false},"excerpt":{"rendered":"<p>TFG Doc. 01 &#8211; Trabalho Final de Gradua\u00e7\u00e3oDefini\u00e7\u00f5es e Objetivos Gerais Conte\u00fadoApresenta\u00e7\u00e3oDefini\u00e7\u00f5esObjetivos geraisTemasRequerimento de Orienta\u00e7\u00e3oCarta de Inten\u00e7\u00f5esMODELO 01 \u2013 REQUERIMENTO DE ORIENTA\u00c7\u00c3OMODELO 02 \u2013 CARTA DE INTEN\u00c7\u00d5ES TFG Doc. 02 &#8211; Trabalho Final de Gradua\u00e7\u00e3oTermo de Refer\u00eancia \/ Orienta\u00e7\u00f5es Conte\u00fadoApresenta\u00e7\u00e3oTA059 \u2013 Orienta\u00e7\u00e3o de PesquisaTA060 \u2013 Trabalho Final de Gradua\u00e7\u00e3o (TFG)ResponsabilidadesOrienta\u00e7\u00f5esTermo de Refer\u00eanciaCalend\u00e1rio do TFGMODELO 03 [&hellip;]<\/p>\n","protected":false},"author":1078,"featured_media":0,"parent":0,"menu_order":0,"comment_status":"closed","ping_status":"closed","template":"","meta":{"footnotes":""},"_links":{"self":[{"href":"https:\/\/tecnologia.ufpr.br\/cau\/wp-json\/wp\/v2\/pages\/3132"}],"collection":[{"href":"https:\/\/tecnologia.ufpr.br\/cau\/wp-json\/wp\/v2\/pages"}],"about":[{"href":"https:\/\/tecnologia.ufpr.br\/cau\/wp-json\/wp\/v2\/types\/page"}],"author":[{"embeddable":true,"href":"https:\/\/tecnologia.ufpr.br\/cau\/wp-json\/wp\/v2\/users\/1078"}],"replies":[{"embeddable":true,"href":"https:\/\/tecnologia.ufpr.br\/cau\/wp-json\/wp\/v2\/comments?post=3132"}],"version-history":[{"count":2,"href":"https:\/\/tecnologia.ufpr.br\/cau\/wp-json\/wp\/v2\/pages\/3132\/revisions"}],"predecessor-version":[{"id":3139,"href":"https:\/\/tecnologia.ufpr.br\/cau\/wp-json\/wp\/v2\/pages\/3132\/revisions\/3139"}],"wp:attachment":[{"href":"https:\/\/tecnologia.ufpr.br\/cau\/wp-json\/wp\/v2\/media?parent=3132"}],"curies":[{"name":"wp","href":"https:\/\/api.w.org\/{rel}","templated":true}]}}