{"id":2513,"date":"2021-07-06T17:11:09","date_gmt":"2021-07-06T20:11:09","guid":{"rendered":"https:\/\/tecnologia.ufpr.br\/cau\/?page_id=2513"},"modified":"2021-07-06T17:26:59","modified_gmt":"2021-07-06T20:26:59","slug":"intercambio","status":"publish","type":"page","link":"https:\/\/tecnologia.ufpr.br\/cau\/intercambio\/","title":{"rendered":"Interc\u00e2mbio"},"content":{"rendered":"\n<p>O(a)s estudantes interessado(a)s em realizar interc\u00e2mbio\/mobilidade acad\u00eamica poder\u00e3o se informar sobre as possibilidades existentes com a chancela da UFPR atrav\u00e9s do site <a href=\"http:\/\/www.internacional.ufpr.br\/inscricao\">www.internacional.ufpr.br\/inscricao<\/a> e, na sequ\u00eancia, clicar em <strong>&#8220;parcerias&#8221; &#8211; &#8220;por curso&#8221;<\/strong>.<br><br>Ao clicar nestas Universidades, aparecer\u00e3o o n\u00famero de vagas, a vig\u00eancia dos acordos e, o mais importante, qual o idioma e tipo de certificado dever\u00e1 ser  apresentado para a realiza\u00e7\u00e3o da inscri\u00e7\u00e3o.\u00a0\u00a0O certificado de profici\u00eancia \u00e9 o primeiro documento que dever\u00e1 ser submetido no sistema, ainda no ato da inscri\u00e7\u00e3o. <\/p>\n","protected":false},"excerpt":{"rendered":"<p>O(a)s estudantes interessado(a)s em realizar interc\u00e2mbio\/mobilidade acad\u00eamica poder\u00e3o se informar sobre as possibilidades existentes com a chancela da UFPR atrav\u00e9s do site www.internacional.ufpr.br\/inscricao e, na sequ\u00eancia, clicar em &#8220;parcerias&#8221; &#8211; &#8220;por curso&#8221;. Ao clicar nestas Universidades, aparecer\u00e3o o n\u00famero de vagas, a vig\u00eancia dos acordos e, o mais importante, qual o idioma e tipo de [&hellip;]<\/p>\n","protected":false},"author":1077,"featured_media":0,"parent":0,"menu_order":0,"comment_status":"closed","ping_status":"closed","template":"","meta":{"footnotes":""},"_links":{"self":[{"href":"https:\/\/tecnologia.ufpr.br\/cau\/wp-json\/wp\/v2\/pages\/2513"}],"collection":[{"href":"https:\/\/tecnologia.ufpr.br\/cau\/wp-json\/wp\/v2\/pages"}],"about":[{"href":"https:\/\/tecnologia.ufpr.br\/cau\/wp-json\/wp\/v2\/types\/page"}],"author":[{"embeddable":true,"href":"https:\/\/tecnologia.ufpr.br\/cau\/wp-json\/wp\/v2\/users\/1077"}],"replies":[{"embeddable":true,"href":"https:\/\/tecnologia.ufpr.br\/cau\/wp-json\/wp\/v2\/comments?post=2513"}],"version-history":[{"count":5,"href":"https:\/\/tecnologia.ufpr.br\/cau\/wp-json\/wp\/v2\/pages\/2513\/revisions"}],"predecessor-version":[{"id":2519,"href":"https:\/\/tecnologia.ufpr.br\/cau\/wp-json\/wp\/v2\/pages\/2513\/revisions\/2519"}],"wp:attachment":[{"href":"https:\/\/tecnologia.ufpr.br\/cau\/wp-json\/wp\/v2\/media?parent=2513"}],"curies":[{"name":"wp","href":"https:\/\/api.w.org\/{rel}","templated":true}]}}