{"id":2175,"date":"2021-02-01T15:38:24","date_gmt":"2021-02-01T18:38:24","guid":{"rendered":"https:\/\/tecnologia.ufpr.br\/cau\/?page_id=2175"},"modified":"2021-02-01T22:11:44","modified_gmt":"2021-02-02T01:11:44","slug":"concursos-atuais","status":"publish","type":"page","link":"https:\/\/tecnologia.ufpr.br\/cau\/concursos-atuais\/","title":{"rendered":"Concursos atuais"},"content":{"rendered":"\n<h2 class=\"wp-block-heading\">Concurso para Professor do DAU \u2013 \u00c1rea de Conhecimento: Tecnologia da Arquitetura e Urbanismo.<\/h2>\n\n\n\n<p><a href=\"http:\/\/www.progepe.ufpr.br\/progepe\/concursos\/docente\/concursos_publicos\/editais\/edital113-20.pdf\">Edital 113\/20<\/a><br><a href=\"https:\/\/tecnologia.ufpr.br\/cau\/wp-content\/uploads\/sites\/45\/2021\/01\/Edital_13_14_21_dou.pdf\">*Retificado pelo Edital 13\/21<\/a> <br><br><strong>N\u00famero de vagas<\/strong>: 01 (uma)\u202f&nbsp;<\/p>\n\n\n\n<p><strong>N\u00famero limite de candidatos habilitados<\/strong>: 05\u202f&nbsp;<\/p>\n\n\n\n<p><strong>Classe<\/strong>: A\u202f&nbsp;<\/p>\n\n\n\n<p><strong>Denomina\u00e7\u00e3<\/strong>o: Adjunto A\u202f&nbsp;<\/p>\n\n\n\n<p><strong>N\u00edvel<\/strong>: 1\u202f&nbsp;<\/p>\n\n\n\n<p><strong>Regime de Trabalho<\/strong>: 20 (vinte) horas semanais\u202f&nbsp;<\/p>\n\n\n\n<p><strong>Titula\u00e7\u00e3o M\u00ednima Exigida<\/strong>: Gradua\u00e7\u00e3o em Arquitetura e Urbanismo\u202fou Engenharia Civil COM Doutorado na \u00c1rea de Arquitetura ou Constru\u00e7\u00e3o Civil;\u202f&nbsp;<\/p>\n\n\n\n<p><strong>Tipos de Provas<\/strong>: Escrita (classificat\u00f3ria e eliminat\u00f3ria),\u202fDid\u00e1tica (classificat\u00f3ria e eliminat\u00f3ria), An\u00e1lise de Curr\u00edculo (classificat\u00f3ria) e Defesa do Curr\u00edculo e de Projeto de Pesquisa (classificat\u00f3ria).\u202f&nbsp;<br>Para a prova de Defesa do Curr\u00edculo e de Projeto de Pesquisa, os candidatos dever\u00e3o apresentar proposta de projeto de pesquisa na \u00e1rea de conhecimento do concurso, conforme item 8.5 do presente edital.\u202f&nbsp;<br>Anteriormente \u00e0 realiza\u00e7\u00e3o das provas, ser\u00e1 publicado edital complementar especificando a forma como ser\u00e3o realizadas as provas e os demais procedimentos do concurso, podendo ocorrer de forma presencial ou remotas.&nbsp;<\/p>\n\n\n\n<p><strong>Per\u00edodo prov\u00e1vel para realiza\u00e7\u00e3o das provas<\/strong>: Segunda\u202fquinzena de\u202fmaio de 2021, devendo o respectivo setor divulgar em edital, as datas, locais e hor\u00e1rios de realiza\u00e7\u00e3o das provas.\u202f&nbsp;<\/p>\n\n\n\n<p><strong>Taxa de Inscri\u00e7\u00e3o<\/strong>: R$ 88,00\u202f&nbsp;<\/p>\n\n\n\n<p><strong>Forma de realiza\u00e7\u00e3o das inscri\u00e7\u00f5es<\/strong>: Os e-mails para as inscri\u00e7\u00f5es est\u00e3o especificados no item 4.1.20 do presente edital, de acordo com o respectivo setor.<\/p>\n\n\n\n<p><strong>E-mail: \u00a0<\/strong>dep.arq.urb@ufpr.br<br><span class=\"has-inline-color has-vivid-red-color\">*Os candidatos que solicitarem a inscri\u00e7\u00e3o conforme o Edital 113\/20 PROGEPE\/UFPR receber\u00e3o um e-mail, acusando o recebimento dessa solicita\u00e7\u00e3o. Caso isso n\u00e3o ocorra, dever\u00e3o entrar com contato com a Comiss\u00e3o Organizadora, pelo e-mail concursos.cauufpr@gmail.com.<\/span><\/p>\n\n\n\n<p><strong>Per\u00edodo das inscri\u00e7\u00f5es<\/strong>:\u202f\u202f25\/01\/2021 a 23\/02\/2021&nbsp;<\/p>\n\n\n\n<p><strong>Programa do Concurso:<\/strong><br>1. Materiais de constru\u00e7\u00e3o: aglomerantes e agregados, madeira, argamassa e concreto de cimento Portland;<br>2. Instala\u00e7\u00f5es prediais: instala\u00e7\u00f5es el\u00e9tricas, instala\u00e7\u00f5es hidr\u00e1ulicas e instala\u00e7\u00f5es de combate a inc\u00eandio;<br>3. Constru\u00e7\u00e3o civil: servi\u00e7os preliminares, loca\u00e7\u00e3o da obra, sistemas estruturais, processos executivos e racionalizados para estruturas de concreto armado e met\u00e1lica, alvenarias e veda\u00e7\u00f5es, normas para seguran\u00e7a do trabalho na constru\u00e7\u00e3o civil.<\/p>\n\n\n\n<h2 class=\"wp-block-heading\">Concurso para Professor do DAU \u2013 \u00c1rea de Conhecimento: Projeto.<\/h2>\n\n\n\n<p><a href=\"http:\/\/www.progepe.ufpr.br\/progepe\/concursos\/docente\/concursos_publicos\/editais\/edital113-20.pdf\">Edital 113\/20<\/a><br><a href=\"https:\/\/tecnologia.ufpr.br\/cau\/wp-content\/uploads\/sites\/45\/2021\/01\/Edital_13_14_21_dou.pdf\">*Retificado pelo Edital 14\/21<\/a><\/p>\n\n\n\n<p><strong>N\u00famero de vagas<\/strong>: 01 (uma)<\/p>\n\n\n\n<p><strong>N\u00famero limite de candidatos habilitados<\/strong>: 05\u202f&nbsp;<\/p>\n\n\n\n<p><strong>Classe<\/strong>: A\u202f<\/p>\n\n\n\n<p><strong>Denomina\u00e7\u00e3o<\/strong>: Adjunto A\u202f&nbsp;<\/p>\n\n\n\n<p><strong>N\u00edvel<\/strong>: 1\u202f&nbsp;<\/p>\n\n\n\n<p><strong>Regime de Trabalho<\/strong>: 20 (vinte) horas semanais\u202f<\/p>\n\n\n\n<p><strong>Titula\u00e7\u00e3o M\u00ednima Exigida<\/strong>: Gradua\u00e7\u00e3o em Arquitetura e Urbanismo\u202fCOM Doutorado na \u00c1rea de Arquitetura;<\/p>\n\n\n\n<p><strong>Tipos de Provas<\/strong>: Escrita (classificat\u00f3ria e eliminat\u00f3ria),\u202fDid\u00e1tica (classificat\u00f3ria e eliminat\u00f3ria), An\u00e1lise de Curr\u00edculo (classificat\u00f3ria) e Defesa do Curr\u00edculo e de Projeto de Pesquisa (classificat\u00f3ria).\u202f&nbsp;<br>Para a prova de Defesa do Curr\u00edculo e de Projeto de Pesquisa, os candidatos dever\u00e3o apresentar proposta de projeto de pesquisa na \u00e1rea de conhecimento do concurso, conforme item 8.5 do presente edital.\u202f<br>Anteriormente \u00e0 realiza\u00e7\u00e3o das provas, ser\u00e1 publicado edital complementar especificando a forma como ser\u00e3o realizadas as provas e os demais procedimentos do concurso, podendo ocorrer de forma presencial ou remotas.&nbsp;&nbsp;<\/p>\n\n\n\n<p><strong>Per\u00edodo prov\u00e1vel para realiza\u00e7\u00e3o das provas<\/strong>: Segunda\u202fquinzena de\u202fmaio\u202fde 2021, devendo o respectivo setor divulgar em edital, as datas, locais e hor\u00e1rios de realiza\u00e7\u00e3o das provas.\u202f&nbsp;<\/p>\n\n\n\n<p><strong>Taxa de Inscri\u00e7\u00e3o<\/strong>: R$ 88,00\u202f&nbsp;<\/p>\n\n\n<p><strong>Forma de realiza\u00e7\u00e3o das inscri\u00e7\u00f5es<\/strong>: Os e-mails para as inscri\u00e7\u00f5es est\u00e3o especificados no item 4.1.20 do presente edital, de acordo com o respectivo setor.<\/p>\n\n\n<p><strong>E-mail: \u00a0<\/strong>dep.arq.urb@ufpr.br<br><span class=\"has-inline-color has-vivid-red-color\">*Os candidatos que solicitarem a inscri\u00e7\u00e3o conforme o Edital 113\/20 PROGEPE\/UFPR receber\u00e3o um e-mail, acusando o recebimento dessa solicita\u00e7\u00e3o. Caso isso n\u00e3o ocorra, dever\u00e3o entrar com contato com a Comiss\u00e3o Organizadora, pelo e-mail concursos.cauufpr@gmail.com.<\/span><\/p>\n\n\n\n<p><strong>Per\u00edodo das inscri\u00e7\u00f5es<\/strong>:\u202f\u202f25\/01\/2021 a 23\/02\/2021&nbsp;<\/p>\n\n\n\n<p><strong>Programa do Concurso:<\/strong><br>1. Arquitetura e metodologia de projeto;<br>2. Arquitetura e tecnologia;<br>3. Arquitetura: conceitos e tend\u00eancias contempor\u00e2neas;<br>4. A rela\u00e7\u00e3o entre arquitetura e a paisagem urbana;<br>5. O existente como condicionante de projeto na arquitetura.<\/p>\n","protected":false},"excerpt":{"rendered":"<p>Concurso para Professor do DAU \u2013 \u00c1rea de Conhecimento: Tecnologia da Arquitetura e Urbanismo. Edital 113\/20*Retificado pelo Edital 13\/21 N\u00famero de vagas: 01 (uma)\u202f&nbsp; N\u00famero limite de candidatos habilitados: 05\u202f&nbsp; Classe: A\u202f&nbsp; Denomina\u00e7\u00e3o: Adjunto A\u202f&nbsp; N\u00edvel: 1\u202f&nbsp; Regime de Trabalho: 20 (vinte) horas semanais\u202f&nbsp; Titula\u00e7\u00e3o M\u00ednima Exigida: Gradua\u00e7\u00e3o em Arquitetura e Urbanismo\u202fou Engenharia Civil COM [&hellip;]<\/p>\n","protected":false},"author":1078,"featured_media":0,"parent":0,"menu_order":0,"comment_status":"closed","ping_status":"closed","template":"","meta":{"footnotes":""},"_links":{"self":[{"href":"https:\/\/tecnologia.ufpr.br\/cau\/wp-json\/wp\/v2\/pages\/2175"}],"collection":[{"href":"https:\/\/tecnologia.ufpr.br\/cau\/wp-json\/wp\/v2\/pages"}],"about":[{"href":"https:\/\/tecnologia.ufpr.br\/cau\/wp-json\/wp\/v2\/types\/page"}],"author":[{"embeddable":true,"href":"https:\/\/tecnologia.ufpr.br\/cau\/wp-json\/wp\/v2\/users\/1078"}],"replies":[{"embeddable":true,"href":"https:\/\/tecnologia.ufpr.br\/cau\/wp-json\/wp\/v2\/comments?post=2175"}],"version-history":[{"count":10,"href":"https:\/\/tecnologia.ufpr.br\/cau\/wp-json\/wp\/v2\/pages\/2175\/revisions"}],"predecessor-version":[{"id":2192,"href":"https:\/\/tecnologia.ufpr.br\/cau\/wp-json\/wp\/v2\/pages\/2175\/revisions\/2192"}],"wp:attachment":[{"href":"https:\/\/tecnologia.ufpr.br\/cau\/wp-json\/wp\/v2\/media?parent=2175"}],"curies":[{"name":"wp","href":"https:\/\/api.w.org\/{rel}","templated":true}]}}