{"id":2001,"date":"2021-01-18T19:35:44","date_gmt":"2021-01-18T22:35:44","guid":{"rendered":"https:\/\/tecnologia.ufpr.br\/cau\/?page_id=2001"},"modified":"2024-03-18T14:50:45","modified_gmt":"2024-03-18T17:50:45","slug":"projeto-de-extensao","status":"publish","type":"page","link":"https:\/\/tecnologia.ufpr.br\/cau\/projeto-de-extensao\/","title":{"rendered":"Projetos de Extens\u00e3o"},"content":{"rendered":"\n<div class=\"wp-block-group\"><div class=\"wp-block-group__inner-container is-layout-flow wp-block-group-is-layout-flow\"><\/div><\/div>\n\n\n<h2><strong>1. Conhecendo a organaria: cultura, preserva\u00e7\u00e3o e manuten\u00e7\u00e3o desta arte<\/strong><\/h2>\n<p><strong>Resumo:<\/strong> A Organaria, arte da constru\u00e7\u00e3o, restaura\u00e7\u00e3o e manuten\u00e7\u00e3o de \u00f3rg\u00e3os, instrumentos musicais dos mais antigos e mais complexos, envolve conhecimentos diversificados, como do trabalho com madeira, metais e couro, e ainda pneum\u00e1tica e eletricidade. Os artefatos abordados chegam a s\u00e9culos de idade. \u00c9 tamb\u00e9m dificilmente separ\u00e1vel da m\u00fasica, ou da pr\u00e1tica lit\u00fargica (na maioria, os \u00f3rg\u00e3os encontram-se em igrejas crist\u00e3s). Vem atraindo interesse tanto de discentes, como pessoas ao redor dos instrumentos abordados. Em 2022, um marco foi a revitaliza\u00e7\u00e3o do \u00f3rg\u00e3o Edmundo Bohn do Semin\u00e1rio Arquidiocesano S\u00e3o Jos\u00e9, em Curitiba, com inaugura\u00e7\u00e3o em 15 de maio. Outra frente de trabalho j\u00e1 iniciada em 2021 era da revitaliza\u00e7\u00e3o do \u00f3rg\u00e3o Edmundo Bohn do Santu\u00e1rio S\u00e3o Benedito na Lapa, PR. Houve inicialmente a entona\u00e7\u00e3o e afina\u00e7\u00e3o dos tubos da metade direita do \u00f3rg\u00e3o, ou \u00f3rg\u00e3o principal. Ap\u00f3s finaliza\u00e7\u00e3o daqueles trabalhos, foi iniciado o trabalho na metade do lado esquerdo. Houve retirada dos tubos, limpeza, desamassamento, reparo de soldas defeituosas ou ausentes e in\u00edcio da entona\u00e7\u00e3o e afina\u00e7\u00e3o. Houve participa\u00e7\u00e3o de pessoas da comunidade. Os trabalhos foram interrompidos pela inutiliza\u00e7\u00e3o do ventilador, tendo sido especificado e encomendado outro. H\u00e1 expectativa de inaugura\u00e7\u00e3o do instrumento ainda em 2022, para qual j\u00e1 contamos com apoio da R\u00e1dio Legend\u00e1ria, capaz de efetiva mobiliza\u00e7\u00e3o do p\u00fablico. Outras tarefas realizadas em 2022 foram uma revis\u00e3o inicial do \u00f3rg\u00e3o digital Johannus situado na Capela da Reitoria. Em agosto, houve trabalhos aprofundados de reparo por t\u00e9cnicos contratados pela associa\u00e7\u00e3o Optimus, propriet\u00e1ria do instrumento, que o cedeu em comodato \u00e0 UFPR. O \u00f3rg\u00e3o, disponibilizado para pr\u00e1tica, vem sendo aproveitado por meia d\u00fazia de musicistas da cidade. Nas oficinas do Curso de Luteria, houve ainda a confec\u00e7\u00e3o de banco para \u00f3rg\u00e3o Hammond existente no audit\u00f3rio do SEPT. Foi realizada visita ao \u00f3rg\u00e3o Speith da Igreja Santo Estanislau. Por\u00e9m, o instrumento foi avaliado como demandando extensos e profundos trabalhos. Tamb\u00e9m foi realizada visita ao \u00f3rg\u00e3o Walcker da Igreja Santo Ant\u00f4nio de Orleans, cuja revitaliza\u00e7\u00e3o \u00e9 tida como tarefa mais vi\u00e1vel.<\/p>\n<p><strong>Coordena\u00e7\u00e3o:<\/strong> Alo\u00edsio Leoni Schmid (atualmente sem vice-coordena\u00e7\u00e3o)<br \/><strong>Equipe:<\/strong> Alyson Solyom (solyom@ufpr.br),\u00a0Guilherme Duarte Nunes Augusto (guilherme.dnaugusto@ufpr.br), Ivan Gon\u00e7alves Figueiredo (ivangoncalves820@yahoo.com.br), Edmilson Cezar Paglia (edpaglia@gmail.com, colaborador externo), Leiny Toshie Campos Izumida (ltcizumida@ufpr.br, colaboradora externa), Dilmar Kussik (dilmarkussik@ufpr.br participante), Alo\u00edsio Leoni Schmid (iso@ufpr.br, coordenador)<\/p>\n<p><strong>Contatos<\/strong> acima<\/p>\n<h2><strong>2. <b>Empresa Junior de Arquitetura e Urbanismo da UFPR<\/b><\/strong><\/h2>\n<p><strong>Resumo:<\/strong> O projeto de extens\u00e3o &#8220;Empresa Junior de Arquitetura e Urbanismo da UFPR&#8221; adota como princ\u00edpios o empreendedorismo social, a impessoalidade, a responsabilidade, a pondera\u00e7\u00e3o, a razoabilidade, a transpar\u00eancia financeira, a \u00e9tica profissional, a coopera\u00e7\u00e3o, a efici\u00eancia, a difus\u00e3o e a instrumentaliza\u00e7\u00e3o do conhecimento.<br \/>Tem como finalidade a presta\u00e7\u00e3o de servi\u00e7os de arquitetura e urbanismo (todas as atividades e atribui\u00e7\u00f5es previstas na Resolu\u00e7\u00e3o CAU\/BR N\u00b021, de 05 de abril de 2012); apresenta um trabalho a favor dos talentos pessoais e da capacita\u00e7\u00e3o humana e profissional dos acad\u00eamicos da UFPR; trata da valoriza\u00e7\u00e3o dos alunos e profissionais da UFPR no mercado de trabalho e no espa\u00e7o acad\u00eamico; incentiva o fomento ao empreendedorismo e \u00e0s habilidades de gest\u00e3o de seus associados; prop\u00f5e a realiza\u00e7\u00e3o de projetos que contribuam para o desenvolvimento socioecon\u00f4mico da comunidade; gera est\u00edmulo, reconhecimento e valoriza\u00e7\u00e3o das iniciativas que visem \u00e0 promo\u00e7\u00e3o da justi\u00e7a.<\/p>\n<p>In\u00edcio do Projeto: Abril de 2022<br \/>Final do Projeto: Abril de 2024<\/p>\n<p><strong>Coordena\u00e7\u00e3o: <\/strong>Silvio Parucker<\/p>\n<h2><strong data-rich-text-format-boundary=\"true\">3. Est\u00fadio Fronteira<\/strong><\/h2>\n<p><strong>Resumo<\/strong>: O projeto tem com objetivo geral o desenvolvimento de registros e orienta\u00e7\u00f5es engajados com modos de produ\u00e7\u00e3o de espa\u00e7o n\u00e3o hegem\u00f4nicos. Contempla o desenvolvimento de levantamentos t\u00e9cnicos e diagn\u00f3sticos de conjuntos arquitet\u00f4nicos e recortes urbanos e rurais, com \u00eanfase nas apropria\u00e7\u00f5es e manifesta\u00e7\u00f5es humanas, bem como a composi\u00e7\u00e3o de orienta\u00e7\u00f5es de manejo e de estrutura\u00e7\u00e3o territorial.<\/p>\n<p><strong>Coordena\u00e7\u00e3o: <\/strong>Marina Oba<br \/><strong>Equipe<\/strong>: Emerson Vidigal, Leandro Fernandes, Karoline Richter, Luis Veiga<\/p>\n<p><strong>Contato<\/strong>: marina.oba@ufpr.br<\/p>\n<h2><strong data-rich-text-format-boundary=\"true\">4. A metr\u00f3pole de Curitiba e o direito \u00e0 cidade: por uma converg\u00eancia de pr\u00e1ticas, sujeitos e ideais<\/strong><\/h2>\n<p><strong>Resumo<\/strong>: Projeto de extens\u00e3o vinculado ao N\u00facleo Curitiba do Observat\u00f3rio das Metr\u00f3poles, voltado \u00e0 cria\u00e7\u00e3o de espa\u00e7os de (inter)a\u00e7\u00e3o para a promo\u00e7\u00e3o da justi\u00e7a socioespacial e o direito \u00e0 cidade. O objetivo geral do projeto \u00e9 articular saberes, sujeitos e pr\u00e1ticas de diversos segmentos da sociedade para a promo\u00e7\u00e3o da justi\u00e7a socioespacial na escala metropolitana.<\/p>\n<p><strong>Coordenadora: <\/strong>Carolina Batista Israel (Departamento de Geografia)<strong><br \/>Vice Coordenadora: <\/strong>Madianita Nunes da Silva (Departamento de Arquitetura e Urbanismo)<strong><br \/><\/strong><strong>Equipe<\/strong>: Leticia Nerone Gadens, Leandro Franklin Gorsdorf, Luiz Belmiro Teixeira, Maria Tarcisa Silva Bega, Olga L\u00facia Castreghini de Freitas, Rodrigo Jos\u00e9 Firmino, Rosa Maria Moura da Silva, Anderson Dias de Almeida Proen\u00e7a, Ana Gabriela Texeira, Constan\u00e7a Lacerda Camargo, Daisy Carolina Tavares Ribeiro, Elisa da Costa Siqueira, J\u00e9ssica Wludarski, Kamila Anne Carvalho da Silva, Lorreine Santos Vaccari, Fabiana Moro Martins, Fl\u00e1via Iankowski Claro Pereira, Ivandra Alves Ribeiro, Kelly Maria Christine Mengarda Vasco, L\u00edria Yuri Nagamine, Marcelo Nogueira de Souza, Marina Sutile de Lima, Tha\u00eds Kornin, Jo\u00e3o Renato Ferreira Duraes, Julia Silveira, Rafael de Abreu Dittrich, Robert de Almeida Marques, Eduardo de Souza Ransolim, Bernardo Donasolo Machado, Felipe Yoshi Mori Bijega, J\u00falia Faustina Abad, Henrique Kramer da Cruz e Silva, Leonardo Batista Favretto, Pietra Milano Bizerril, Valter Fanini.<\/p>\n<p><strong>Contato<\/strong>: madianita.ns@ufpr.br e carol_israel@ufpr.br<\/p>\n<p><strong>Site<\/strong>: <a href=\"https:\/\/observacuritiba.ufpr.br\/\">https:\/\/observacuritiba.ufpr.br\/<\/a><\/p>\n<h2><strong data-rich-text-format-boundary=\"true\">5. O uso de jogos no ensino<\/strong><\/h2>\n<p><strong>Resumo<\/strong>: O projeto tem o objetivo de oferecer um curso de extens\u00e3o de forma\u00e7\u00e3o de professores no desenvolvimento de jogos educativos de tabuleiro, e uma disciplina extensionista voltada \u00e0 capacita\u00e7\u00e3o de estudantes de Arquitetura e Urbanismo no desenvolvimento de jogos aplicados \u00e0 sua \u00e1rea de atua\u00e7\u00e3o.\u00a0<\/p>\n<p><strong>Coordenadora: <\/strong>Prof. Maria Regina Leoni Schmid Sarro (DAU\/UFPR)<strong><br \/>Vice Coordenadora: <\/strong>Prof. Andressa Gobbi (DAU\/UFPR)<br \/><strong>Equipe<\/strong>: formada por componentes do grupo de pesquisas GEPPETE da UFPR e por estudantes do curso de Arquitetura e Urbanismo.<\/p>\n<p><strong>Contato<\/strong>: mariaregina@ufpr.br<\/p>\n<h2><strong data-rich-text-format-boundary=\"true\">6. Resgate arquitet\u00f4nico e estrutural do complexo Rubens Meister<\/strong><\/h2>\n<p><strong>Resumo<\/strong>: O projeto tem o objetivo de fazer um mapeamento das condi\u00e7\u00f5es atuais de uso de todas as salas do complexo Rubens Meister, no Centro Polit\u00e9cnico da UFPR, a partir de inspe\u00e7\u00f5es prediais feitas por estudantes dos cursos de Engenharia Civil e Arquitetura e Urbanismo, e registrar digitalmente o resultado disso, de forma a possibilitar o uso de ferramentas BIM para o controle das manuten\u00e7\u00f5es necess\u00e1rias nessas salas.\u00a0<\/p>\n<p><strong>Coordenadora: <\/strong>Prof. Marco Andr\u00e9 Argenta (DCC\/UFPR)<strong><br \/>Vice Coordenadora: <\/strong>Prof. Maria Regina Leoni Schmid Sarro (DAU\/UFPR)<br \/><strong>Equipe:<\/strong> formada por docentes e discentes dos cursos Arquitetura e Urbanismo, Engenharia Civil e Engenharia El\u00e9trica.\u00a0<\/p>\n<p><strong>Contato<\/strong>: mariaregina@ufpr.br<\/p>\n\n\n<hr class=\"wp-block-separator has-css-opacity\" \/>\n\n\n\n<p>Em constru\u00e7\u00e3o.<br><br>Atualizado em 18\/03\/2024<\/p>\n","protected":false},"excerpt":{"rendered":"<p>1. Conhecendo a organaria: cultura, preserva\u00e7\u00e3o e manuten\u00e7\u00e3o desta arte Resumo: A Organaria, arte da constru\u00e7\u00e3o, restaura\u00e7\u00e3o e manuten\u00e7\u00e3o de \u00f3rg\u00e3os, instrumentos musicais dos mais antigos e mais complexos, envolve conhecimentos diversificados, como do trabalho com madeira, metais e couro, e ainda pneum\u00e1tica e eletricidade. Os artefatos abordados chegam a s\u00e9culos de idade. \u00c9 tamb\u00e9m [&hellip;]<\/p>\n","protected":false},"author":1077,"featured_media":0,"parent":0,"menu_order":0,"comment_status":"closed","ping_status":"closed","template":"","meta":{"footnotes":""},"_links":{"self":[{"href":"https:\/\/tecnologia.ufpr.br\/cau\/wp-json\/wp\/v2\/pages\/2001"}],"collection":[{"href":"https:\/\/tecnologia.ufpr.br\/cau\/wp-json\/wp\/v2\/pages"}],"about":[{"href":"https:\/\/tecnologia.ufpr.br\/cau\/wp-json\/wp\/v2\/types\/page"}],"author":[{"embeddable":true,"href":"https:\/\/tecnologia.ufpr.br\/cau\/wp-json\/wp\/v2\/users\/1077"}],"replies":[{"embeddable":true,"href":"https:\/\/tecnologia.ufpr.br\/cau\/wp-json\/wp\/v2\/comments?post=2001"}],"version-history":[{"count":26,"href":"https:\/\/tecnologia.ufpr.br\/cau\/wp-json\/wp\/v2\/pages\/2001\/revisions"}],"predecessor-version":[{"id":4031,"href":"https:\/\/tecnologia.ufpr.br\/cau\/wp-json\/wp\/v2\/pages\/2001\/revisions\/4031"}],"wp:attachment":[{"href":"https:\/\/tecnologia.ufpr.br\/cau\/wp-json\/wp\/v2\/media?parent=2001"}],"curies":[{"name":"wp","href":"https:\/\/api.w.org\/{rel}","templated":true}]}}