{"id":1897,"date":"2021-01-14T18:28:56","date_gmt":"2021-01-14T21:28:56","guid":{"rendered":"https:\/\/tecnologia.ufpr.br\/cau\/?page_id=1897"},"modified":"2025-04-23T15:26:31","modified_gmt":"2025-04-23T18:26:31","slug":"estrutura-administrativa","status":"publish","type":"page","link":"https:\/\/tecnologia.ufpr.br\/cau\/estrutura-administrativa\/","title":{"rendered":"Estrutura Administrativa"},"content":{"rendered":"\n<p id=\"block-baaf9c3d-2e11-49f4-bf8c-23e8dbbd13cf\">Por que existe o Departamento de Arquitetura e Urbanismo e a Coordena\u00e7\u00e3o do Curso de Arquitetura e Urbanismo? Quais s\u00e3o as suas diferen\u00e7as?<\/p>\n\n\n\n<p id=\"block-b173bcca-ddf0-4f5a-9253-39c5eb02e710\">A centen\u00e1ria Universidade Federal do Paran\u00e1 j\u00e1 foi estruturada de diversas maneiras ao longo de sua hist\u00f3ria. J\u00e1 foi dividida, por exemplo, em faculdades que centralizavam todas as fun\u00e7\u00f5es relacionadas direta e indiretamente ao ensino. Atualmente ela se estrutura em setores que comportam departamentos e coordena\u00e7\u00f5es e que ofertam cursos de \u00e1reas correlacionadas. O nosso Setor de Tecnologia, por exemplo, oferta diversos cursos de Engenharia, al\u00e9m do curso de Arquitetura e Urbanismo, que faz parte do setor por ter um car\u00e1ter tecnol\u00f3gico, ainda que tamb\u00e9m tenha um vi\u00e9s art\u00edstico. Por outro lado, o curso de Arquitetura e Urbanismo tem um elo hist\u00f3rico com este Setor e com a antiga Escola de Engenharia, na qual foi criado h\u00e1 quase seis d\u00e9cadas.<\/p>\n\n\n\n<p id=\"block-52e1b7c4-9de0-4037-b8f1-d782a4132eef\">Os departamentos t\u00eam fun\u00e7\u00f5es diferentes das coordena\u00e7\u00f5es de curso. Enquanto os departamentos t\u00eam como fun\u00e7\u00e3o principal administrar os recursos humanos e a infraestrutura disponibilizada para a oferta de disciplinas, as coordena\u00e7\u00f5es de cursos coordenam os assuntos relativos ao andamento dos cursos e \u00e0 vida acad\u00eamica dos estudantes. Desta forma, as duas unidades administrativas ligadas ao Curso de Arquitetura e Urbanismo, ou seja, Departamento de Arquitetura e Urbanismo (DAU) e Coordena\u00e7\u00e3o do Curso de Arquitetura e Urbanismo (CCAU) acabam por manter p\u00fablicos principais, ainda que n\u00e3o exclusivos, diferentes. Sendo assim, o DAU tem como p\u00fablico principal os professores e t\u00e9cnicos, atendendo alunos em algumas situa\u00e7\u00f5es especiais. Por sua vez, a CCAU tem como p\u00fablico principal e priorit\u00e1rio os estudantes do Curso.<\/p>\n\n\n\n<p id=\"block-aaeb8770-2873-4fdf-9451-2adecfe9d1fc\">Por motivos de otimiza\u00e7\u00e3o da log\u00edstica e da infraestrutura voltadas para a oferta do Curso de Arquitetura e Urbanismo, o DAU divide o seu espa\u00e7o f\u00edsico (\u00e1rea administrativa e secretaria) com a CCAU. Entretanto, por se tratarem de duas distintas unidades administrativas da UFPR, apresentam n\u00edtidas diferen\u00e7as com rela\u00e7\u00e3o \u00e0s suas finalidades e atribui\u00e7\u00f5es.<\/p>\n\n\n\n<p id=\"block-6fa75edc-c053-4a6c-953e-0b11ea975bb5\">Alguns exemplos de demandas e atribui\u00e7\u00f5es do DAU:<br>Manuten\u00e7\u00e3o da infraestrutura &#8211; laborat\u00f3rios e salas de aula;<br>Contrata\u00e7\u00e3o de professores e t\u00e9cnicos;<br>Oferta de disciplinas;<br>Monitoria;<br>Requerimentos de 2\u00aa chamada;<br>Vistas e revis\u00f5es de prova.<\/p>\n\n\n\n<p id=\"block-8fa1871a-3b50-44a1-91ec-469b224c69f0\">Alguns exemplos de demandas e atribui\u00e7\u00f5es da CCAU:<br>Matr\u00edculas;<br>Comprovantes de matr\u00edculas;<br>Diplomas;<br>Trancamentos;<br>Est\u00e1gios;<br>Tratamento especial e outras rotinas relativas \u00e0 vida acad\u00eamica dos alunos.<\/p>\n\n\n\n<p id=\"block-6a3a1d4e-0c13-4284-ad43-4edd48ac78dd\">O Colegiado \u00e9 a inst\u00e2ncia maior do Curso e \u00e9 presidido pelo Coordenador do Curso de Arquitetura e Urbanismo e formado por professores representantes das \u00e1reas e per\u00edodos do Curso, em sua maioria professores do Departamento de Arquitetura e Urbanismo, por\u00e9m, com a participa\u00e7\u00e3o de professores que representam outros departamentos que ofertam disciplinas ao Curso e de representantes discentes. O Colegiado se re\u00fane regularmente em reuni\u00f5es ordin\u00e1rias e extraordin\u00e1rias.<\/p>\n\n\n\n<p id=\"block-bd790478-4ca2-41a4-9524-08b718c22303\">A Plen\u00e1ria Departamental \u00e9 a inst\u00e2ncia maior do Departamento e \u00e9 presidida pelo Chefe do Departamento e formada por todos os professores lotados no Departamento de Arquitetura e Urbanismo, sejam efetivos ou substitutos, al\u00e9m de t\u00e9cnicos e representantes discentes. A Plen\u00e1ria Departamental se re\u00fane regularmente em reuni\u00f5es ordin\u00e1rias e extraordin\u00e1rias.<\/p>\n\n\n\n<p id=\"block-386839a9-20f7-4e6b-ab8a-127c214c16b0\">A atual Coordenadora do Curso \u00e9 a Profa. Silvana Weihermann e a Vice-coordenadora \u00e9 a Profa. Eneida Kuchpil. O atual Chefe do Departamento \u00e9 o Prof. Leandro Carlos Fernandes e o Suplente \u00e9 o Prof. Silvio Parucker. <\/p>\n\n\n\n<p id=\"block-97df3b95-817e-4313-8126-7c7ea17c9968\">A Secret\u00e1ria do Curso \u00e9 a Sra. Ot\u00edlia Marcassi e o secret\u00e1rio do Departamento \u00e9 o Sr. Gilmar Ferreira.<\/p>\n","protected":false},"excerpt":{"rendered":"<p>Por que existe o Departamento de Arquitetura e Urbanismo e a Coordena\u00e7\u00e3o do Curso de Arquitetura e Urbanismo? Quais s\u00e3o as suas diferen\u00e7as? A centen\u00e1ria Universidade Federal do Paran\u00e1 j\u00e1 foi estruturada de diversas maneiras ao longo de sua hist\u00f3ria. J\u00e1 foi dividida, por exemplo, em faculdades que centralizavam todas as fun\u00e7\u00f5es relacionadas direta e [&hellip;]<\/p>\n","protected":false},"author":1078,"featured_media":0,"parent":0,"menu_order":0,"comment_status":"closed","ping_status":"closed","template":"","meta":{"footnotes":""},"_links":{"self":[{"href":"https:\/\/tecnologia.ufpr.br\/cau\/wp-json\/wp\/v2\/pages\/1897"}],"collection":[{"href":"https:\/\/tecnologia.ufpr.br\/cau\/wp-json\/wp\/v2\/pages"}],"about":[{"href":"https:\/\/tecnologia.ufpr.br\/cau\/wp-json\/wp\/v2\/types\/page"}],"author":[{"embeddable":true,"href":"https:\/\/tecnologia.ufpr.br\/cau\/wp-json\/wp\/v2\/users\/1078"}],"replies":[{"embeddable":true,"href":"https:\/\/tecnologia.ufpr.br\/cau\/wp-json\/wp\/v2\/comments?post=1897"}],"version-history":[{"count":9,"href":"https:\/\/tecnologia.ufpr.br\/cau\/wp-json\/wp\/v2\/pages\/1897\/revisions"}],"predecessor-version":[{"id":4676,"href":"https:\/\/tecnologia.ufpr.br\/cau\/wp-json\/wp\/v2\/pages\/1897\/revisions\/4676"}],"wp:attachment":[{"href":"https:\/\/tecnologia.ufpr.br\/cau\/wp-json\/wp\/v2\/media?parent=1897"}],"curies":[{"name":"wp","href":"https:\/\/api.w.org\/{rel}","templated":true}]}}