{"id":1876,"date":"2021-01-14T10:57:28","date_gmt":"2021-01-14T13:57:28","guid":{"rendered":"https:\/\/tecnologia.ufpr.br\/cau\/?page_id=1876"},"modified":"2026-02-25T18:41:18","modified_gmt":"2026-02-25T21:41:18","slug":"comissoes-departamentais","status":"publish","type":"page","link":"https:\/\/tecnologia.ufpr.br\/cau\/comissoes-departamentais\/","title":{"rendered":"Comiss\u00f5es Departamentais"},"content":{"rendered":"\n<ul>\n<li><strong>Comiss\u00e3o Gestora de Pesquisa do DAU e Representantes do DAU no Comit\u00ea Setorial de Pesquisa:&nbsp;<\/strong>Titular 1: ELIZABETH AMORIM DE CASTRO (Representante Setorial Titular); Titular 2: ANTONIO MANOEL NUNES CASTELNOU NETO (Representante Setorial Suplente).<\/li>\n<\/ul>\n\n\n\n<ul>\n<li><strong>Comiss\u00e3o Gestora de Extens\u00e3o (CGE) \u2013 tamb\u00e9m representam o DAU no Comit\u00ea Setorial de Extens\u00e3o (CSE):&nbsp;<\/strong>Titular 1: ALOISIO LEONI SCHMID (Representante Setorial Titular); Titular 2: MARINA MILLANI OBA (Representante Setorial Suplente).<\/li>\n<\/ul>\n\n\n\n<ul>\n<li><strong>Comiss\u00e3o de Revalida\u00e7\u00e3o de Diplomas:\u00a0<\/strong>Titular 1: EMERSON JOS\u00c9 VIDIGAL; Titular 2: ALESSANDRO FILLA ROSANELI; Titular 3: MARIA REGINA LEONI SCHMID SARRO.<\/li>\n<\/ul>\n\n\n\n<ul>\n<li><strong>Comiss\u00e3o Orientadora de Est\u00e1gios \u2013 COE:\u00a0<\/strong>Titular 1 (Presidente): MARCO CEZAR DUDEQUE; Titular 2: CARLOS ALBERTO AD\u00c3O; Titular 3: a definir.<\/li>\n<\/ul>\n\n\n\n<ul>\n<li><strong>Comiss\u00e3o de Atividades Formativas Complementares (CAFC):\u00a0<\/strong>Titular 1: ALOISIO LEONI SCHMID; Titular 2: ROBERTO SABATELLA ADAM.<\/li>\n<\/ul>\n\n\n\n<ul>\n<li><strong>Comiss\u00e3o Gestora do Trabalho Final de Gradua\u00e7\u00e3o (CGT):\u00a0<\/strong>Titular 1 (Presidente): PAULO CHIESA; Titular 2: LISANA KATIA SCHMITZ SANTOS; Titular 3: ANTONIO MANOEL NUNES CASTELNOU NETO.<br><\/li>\n\n\n\n<li><strong>Comiss\u00e3o de Orienta\u00e7\u00e3o Acad\u00eamica (COA)<\/strong>: JULIANA HARUMI SUZUKI e RODRIGO SARTORI JABUR (titulares).<\/li>\n<\/ul>\n\n\n\n<ul>\n<li><strong>N\u00facleo Docente Estruturante (NDE):\u00a0<\/strong>Titular 1 (Presidente \u2013 Coordenador(a) do CCAU): SILVANA WEIHERMANN; Titular 2 (\u00c1rea de Teoria e Hist\u00f3ria): JULIANA HARUMI SUZUKI; Titular 3 (\u00c1rea de Urbanismo): MADIANITA NUNES DA SILVA; Titular 4 (\u00c1rea de Tecnologia): CARLOS ALBERTO AD\u00c3O; Titular 5 (\u00c1rea de Projeto e Paisagismo): ARTUR RENATO ORTEGA<\/li>\n<\/ul>\n\n\n\n<ul>\n<li><strong>Forma\u00e7\u00e3o do Colegiado:<\/strong>\u00a0Titular 1 (Presidente \u2013 Coordenador(a)a do CCAU): SILVANA WEIHERMANN; Suplente Titular 1 (Vice-coordenador(a) do CCAU): ENEIDA KUCHPIL; Titular 2 (Representante da \u00c1rea de Teoria e Hist\u00f3ria): JULIANA HARUMI SUZUKI; Suplente Titular 2 (Representante da \u00c1rea de Teoria e Hist\u00f3ria): RODRIGO SARTORI JABUR; Titular 3 (Representante da \u00c1rea de Urbanismo): MADIANITA NUNES DA SILVA; Suplente Titular 3 (Representante da \u00c1rea de Urbanismo): LAURA ESMANHOTO BERTOL; Titular 4 (Representante da \u00c1rea de Projeto e Paisagismo): ARTUR RENATO ORTEGA; Suplente Titular 4 (Representante da \u00c1rea de Projeto e Paisagismo): PAULO CHIESA; Titular 5 (Representante da \u00c1rea de Tecnologia): MARIA REGINA LEONI SCHMID SARRO; Suplente Titular 5 (Representante da \u00c1rea de Tecnologia): CARLOS ALBERTO AD\u00c3O.<\/li>\n<\/ul>\n","protected":false},"excerpt":{"rendered":"","protected":false},"author":1077,"featured_media":0,"parent":0,"menu_order":0,"comment_status":"closed","ping_status":"closed","template":"","meta":{"footnotes":""},"_links":{"self":[{"href":"https:\/\/tecnologia.ufpr.br\/cau\/wp-json\/wp\/v2\/pages\/1876"}],"collection":[{"href":"https:\/\/tecnologia.ufpr.br\/cau\/wp-json\/wp\/v2\/pages"}],"about":[{"href":"https:\/\/tecnologia.ufpr.br\/cau\/wp-json\/wp\/v2\/types\/page"}],"author":[{"embeddable":true,"href":"https:\/\/tecnologia.ufpr.br\/cau\/wp-json\/wp\/v2\/users\/1077"}],"replies":[{"embeddable":true,"href":"https:\/\/tecnologia.ufpr.br\/cau\/wp-json\/wp\/v2\/comments?post=1876"}],"version-history":[{"count":18,"href":"https:\/\/tecnologia.ufpr.br\/cau\/wp-json\/wp\/v2\/pages\/1876\/revisions"}],"predecessor-version":[{"id":4949,"href":"https:\/\/tecnologia.ufpr.br\/cau\/wp-json\/wp\/v2\/pages\/1876\/revisions\/4949"}],"wp:attachment":[{"href":"https:\/\/tecnologia.ufpr.br\/cau\/wp-json\/wp\/v2\/media?parent=1876"}],"curies":[{"name":"wp","href":"https:\/\/api.w.org\/{rel}","templated":true}]}}