{"id":1870,"date":"2021-01-14T10:42:28","date_gmt":"2021-01-14T13:42:28","guid":{"rendered":"https:\/\/tecnologia.ufpr.br\/cau\/?page_id=1870"},"modified":"2021-01-14T10:43:59","modified_gmt":"2021-01-14T13:43:59","slug":"lathau","status":"publish","type":"page","link":"https:\/\/tecnologia.ufpr.br\/cau\/lathau\/","title":{"rendered":"LATHAU"},"content":{"rendered":"\n<p>O Laborat\u00f3rio de Teoria e Hist\u00f3ria da Arquitetura e Urbanismo (LATHAU) tem por finalidade dar suporte \u00e0 pesquisa, ao ensino e ao desenvolvimento de atividades de extens\u00e3o e de presta\u00e7\u00e3o de servi\u00e7os \u00e0 comunidade, conforme os grupos de pesquisa vinculados ao Departamento de Arquitetura e Urbanismo e outros que vierem a ser criados dentro de tem\u00e1ticas referentes \u00e0 teoria e hist\u00f3ria da arte, arquitetura e cidade; estudo, projeto, planifica\u00e7\u00e3o e preserva\u00e7\u00e3o do patrim\u00f4nio cultural, art\u00edstico, arquitet\u00f4nico, paisag\u00edstico e urban\u00edstico; pesquisa e invent\u00e1rio de t\u00e9cnicas retrospectivas: materiais, tecnologias e m\u00e9todos construtivos tradicionais.<br>As atividades de ensino, pesquisa e extens\u00e3o s\u00e3o desenvolvidas de acordo com as diretrizes e normas da UFPR, buscando:<\/p>\n\n\n\n<ul id=\"block-d614737a-a3ee-43c7-8577-98a9a5a01ad8\"><li>Formar um referencial te\u00f3rico, acad\u00eamico e interdisciplinar em rela\u00e7\u00e3o \u00e0s \u00e1reas de estudo afins, para o p\u00fablico interno e externo;<\/li><li>Estimular a capacita\u00e7\u00e3o e aprimoramento de recursos humanos nos n\u00edveis de gradua\u00e7\u00e3o e p\u00f3s-gradua\u00e7\u00e3o;<\/li><li>Propor e realizar cursos de extens\u00e3o e p\u00f3s-gradua\u00e7\u00e3o &#8220;lato&#8221; e &#8220;stricto sensu&#8221; nas \u00e1reas de conhecimento especificadas acima, de forma interdisciplinar;<\/li><li>Prestar servi\u00e7os e dar orienta\u00e7\u00e3o t\u00e9cnica a entidades p\u00fablicas, privadas e comunit\u00e1rias na forma de consultoria ou similar;<\/li><li>Desenvolver projetos de ensino, pesquisa e extens\u00e3o de car\u00e1ter experimental;<\/li><li>Organizar eventos como semin\u00e1rios, confer\u00eancias, simp\u00f3sios e congressos ou similares em suas \u00e1reas de conhecimento;<\/li><li>Propor e executar acordos e conv\u00eanios com outros laborat\u00f3rios e Departamentos da UFPR, quando de interesse acad\u00eamico, t\u00e9cnico e cient\u00edfico; e<\/li><li>Propor e executar acordos e conv\u00eanios com entidades p\u00fablicas, privadas e comunit\u00e1rias, nacionais e internacionais, de comum acordo com o Departamento de Arquitetura e Urbanismo e dentro de seu campo de conhecimento.<br><br><strong>Coordenadora do LATHAU<\/strong>: Prof\u00aa Dr\u00aa Elizabeth Amorim de Castro<br><strong>Vice-coordenador do LATHAU<\/strong>: Prof. Dr. Rodrigo Jabur Sartori<br><strong>Docentes vinculados ao LATHAU<\/strong>: Prof. Dr. Antonio Manoel Nunes Castelnou Neto e Prof\u00aa Dr\u00aa Juliana Harumi Suzuki.<\/li><\/ul>\n","protected":false},"excerpt":{"rendered":"<p>O Laborat\u00f3rio de Teoria e Hist\u00f3ria da Arquitetura e Urbanismo (LATHAU) tem por finalidade dar suporte \u00e0 pesquisa, ao ensino e ao desenvolvimento de atividades de extens\u00e3o e de presta\u00e7\u00e3o de servi\u00e7os \u00e0 comunidade, conforme os grupos de pesquisa vinculados ao Departamento de Arquitetura e Urbanismo e outros que vierem a ser criados dentro de [&hellip;]<\/p>\n","protected":false},"author":1078,"featured_media":0,"parent":0,"menu_order":0,"comment_status":"closed","ping_status":"closed","template":"","meta":{"footnotes":""},"_links":{"self":[{"href":"https:\/\/tecnologia.ufpr.br\/cau\/wp-json\/wp\/v2\/pages\/1870"}],"collection":[{"href":"https:\/\/tecnologia.ufpr.br\/cau\/wp-json\/wp\/v2\/pages"}],"about":[{"href":"https:\/\/tecnologia.ufpr.br\/cau\/wp-json\/wp\/v2\/types\/page"}],"author":[{"embeddable":true,"href":"https:\/\/tecnologia.ufpr.br\/cau\/wp-json\/wp\/v2\/users\/1078"}],"replies":[{"embeddable":true,"href":"https:\/\/tecnologia.ufpr.br\/cau\/wp-json\/wp\/v2\/comments?post=1870"}],"version-history":[{"count":3,"href":"https:\/\/tecnologia.ufpr.br\/cau\/wp-json\/wp\/v2\/pages\/1870\/revisions"}],"predecessor-version":[{"id":1873,"href":"https:\/\/tecnologia.ufpr.br\/cau\/wp-json\/wp\/v2\/pages\/1870\/revisions\/1873"}],"wp:attachment":[{"href":"https:\/\/tecnologia.ufpr.br\/cau\/wp-json\/wp\/v2\/media?parent=1870"}],"curies":[{"name":"wp","href":"https:\/\/api.w.org\/{rel}","templated":true}]}}