{"id":158,"date":"2013-08-26T11:04:27","date_gmt":"2013-08-26T14:04:27","guid":{"rendered":"http:\/\/www.cau.ufpr.br\/?page_id=158"},"modified":"2024-02-29T11:52:00","modified_gmt":"2024-02-29T14:52:00","slug":"disciplinas","status":"publish","type":"page","link":"https:\/\/tecnologia.ufpr.br\/cau\/disciplinas\/","title":{"rendered":"do Curr\u00edculo 2013"},"content":{"rendered":"<p><a title=\"Disciplinas Projeto_Paisagem\" href=\"https:\/\/tecnologia.ufpr.br\/cau\/wp-content\/uploads\/sites\/45\/2015\/03\/Disciplinas-Projeto_Paisagem-16.11.2013.docx\">Disciplinas Projeto_Paisagem<\/a><br \/>\n*<a href=\"https:\/\/tecnologia.ufpr.br\/cau\/wp-content\/uploads\/sites\/45\/2024\/02\/Alteradas-pela-Portaria-178.pdf\">Alteradas pela Portaria 178<\/a><br \/>\n<a title=\"Disciplinas de Tecnologia\" href=\"https:\/\/tecnologia.ufpr.br\/cau\/wp-content\/uploads\/sites\/45\/2015\/03\/Disciplinas-Tecnologia-16.11.2013.docx\">Disciplinas Tecnologia<\/a><br \/>\n<a title=\"Disciplinas de Teoria e Hist\u00f3ria\" href=\"https:\/\/tecnologia.ufpr.br\/cau\/wp-content\/uploads\/sites\/45\/2015\/03\/Disciplinas-Teoria-e-Historia_CAU2014-29.11.2013.docx\">Disciplinas Teoria e Hist\u00f3ria<br \/>\n<\/a><a title=\"Disciplinas de Urbanismo\" href=\"https:\/\/tecnologia.ufpr.br\/cau\/wp-content\/uploads\/sites\/45\/2015\/03\/Disciplinas-Urbanismo-14.11.2013.docx\">Disciplinas Urbanismo<\/a><br \/>\n<a href=\"https:\/\/tecnologia.ufpr.br\/cau\/tfg\/\">TFG\u00a0<\/a><br \/>\n<a href=\"https:\/\/tecnologia.ufpr.br\/cau\/fichas-02\/\">Fichas 02<\/a><br \/>\n<strong>Disciplinas de outros departamentos <\/strong><br \/>\n<a href=\"https:\/\/tecnologia.ufpr.br\/cau\/wp-content\/uploads\/sites\/45\/2024\/02\/arquitetura_exp-graf.pdf\">Express\u00e3o Gr\u00e1fica<\/a><br \/>\n<a href=\"https:\/\/tecnologia.ufpr.br\/cau\/wp-content\/uploads\/sites\/45\/2024\/02\/Topografia.pdf\">Topografia<\/a><br \/>\n<a href=\"https:\/\/tecnologia.ufpr.br\/cau\/wp-content\/uploads\/sites\/45\/2024\/02\/Hidraulica-e-Saneamento.pdf\">Hidr\u00e1ulica e Saneamento<\/a><\/p>\n<p>Elenco de disciplinas do CAU-UFPR (Curr\u00edculo 2013): <a href=\"https:\/\/tecnologia.ufpr.br\/cau\/wp-content\/uploads\/sites\/45\/2015\/02\/resol-8713-CEPE-CAU.pdf\">Resolu\u00e7\u00e3o N\u00ba87\/13-CEPE<\/a><\/p>\n<p><a href=\"https:\/\/tecnologia.ufpr.br\/cau\/wp-content\/uploads\/sites\/45\/2015\/02\/cepe9213.pdf\">Resolu\u00e7\u00e3o\u00a0N\u00b0 92\/13 \u2013 CEPE:<\/a>\u00a0Aprova normas de dispensa de Disciplinas, de Equival\u00eancia de\u00a0Disciplinas, de Exames de Adiantamento e Aproveitamento de\u00a0Conhecimento<br \/>\n<a title=\"Instru\u00e7\u00e3o Normativa 01.14\" href=\"https:\/\/tecnologia.ufpr.br\/cau\/wp-content\/uploads\/sites\/45\/2015\/03\/Instrucao-normativa-01-14-PROGRAD-Normatiza-cepe9213.pdf\">Instru\u00e7\u00e3o Normativa N\u00ba 01\/14 &#8211; PROGRAD<\/a>:\u00a0Regulamenta os procedimentos administrativos de dispensa e<br \/>\nequival\u00eancia de Disciplinas e dos exames de Adiantamento e de\u00a0Aproveitamento de Conhecimento de que trata a Resolu\u00e7\u00e3o\u00a092\/13-CEPE.<\/p>\n<p>*As resolu\u00e7\u00f5es acima podem ser consultadas tamb\u00e9m atrav\u00e9s do site da Secretaria de \u00d3rg\u00e3os Colegiados \u2013 SOC:\u00a0<a href=\"http:\/\/www.ufpr.br\/soc\/\">http:\/\/www.ufpr.br\/soc\/<\/a><a title=\"Projeto_Paisagem\" href=\"https:\/\/tecnologia.ufpr.br\/cau\/wp-content\/uploads\/sites\/45\/2015\/03\/Disciplinas-Projeto_Paisagem-16.11.2013.docx\"><br \/>\n<\/a><br \/>\n<a href=\"http:\/\/www.ufpr.br\/soc\/\"><br \/>\n<\/a><\/p>\n","protected":false},"excerpt":{"rendered":"<p>Disciplinas Projeto_Paisagem *Alteradas pela Portaria 178 Disciplinas Tecnologia Disciplinas Teoria e Hist\u00f3ria Disciplinas Urbanismo TFG\u00a0 Fichas 02 Disciplinas de outros departamentos Express\u00e3o Gr\u00e1fica Topografia Hidr\u00e1ulica e Saneamento Elenco de disciplinas do CAU-UFPR (Curr\u00edculo 2013): Resolu\u00e7\u00e3o N\u00ba87\/13-CEPE Resolu\u00e7\u00e3o\u00a0N\u00b0 92\/13 \u2013 CEPE:\u00a0Aprova normas de dispensa de Disciplinas, de Equival\u00eancia de\u00a0Disciplinas, de Exames de Adiantamento e Aproveitamento de\u00a0Conhecimento [&hellip;]<\/p>\n","protected":false},"author":1078,"featured_media":0,"parent":0,"menu_order":0,"comment_status":"open","ping_status":"open","template":"","meta":{"footnotes":""},"_links":{"self":[{"href":"https:\/\/tecnologia.ufpr.br\/cau\/wp-json\/wp\/v2\/pages\/158"}],"collection":[{"href":"https:\/\/tecnologia.ufpr.br\/cau\/wp-json\/wp\/v2\/pages"}],"about":[{"href":"https:\/\/tecnologia.ufpr.br\/cau\/wp-json\/wp\/v2\/types\/page"}],"author":[{"embeddable":true,"href":"https:\/\/tecnologia.ufpr.br\/cau\/wp-json\/wp\/v2\/users\/1078"}],"replies":[{"embeddable":true,"href":"https:\/\/tecnologia.ufpr.br\/cau\/wp-json\/wp\/v2\/comments?post=158"}],"version-history":[{"count":7,"href":"https:\/\/tecnologia.ufpr.br\/cau\/wp-json\/wp\/v2\/pages\/158\/revisions"}],"predecessor-version":[{"id":3989,"href":"https:\/\/tecnologia.ufpr.br\/cau\/wp-json\/wp\/v2\/pages\/158\/revisions\/3989"}],"wp:attachment":[{"href":"https:\/\/tecnologia.ufpr.br\/cau\/wp-json\/wp\/v2\/media?parent=158"}],"curies":[{"name":"wp","href":"https:\/\/api.w.org\/{rel}","templated":true}]}}