{"id":1481,"date":"2019-03-19T10:35:08","date_gmt":"2019-03-19T13:35:08","guid":{"rendered":"http:\/\/www.cau.ufpr.br\/?page_id=1453"},"modified":"2021-01-22T14:32:31","modified_gmt":"2021-01-22T17:32:31","slug":"laboratoriodeprojetos","status":"publish","type":"page","link":"https:\/\/tecnologia.ufpr.br\/cau\/laboratoriodeprojetos\/","title":{"rendered":"LP \u2013 Laborat\u00f3rio de Projetos"},"content":{"rendered":"<p>O Laborat\u00f3rio de Projetos foi idealizado como espa\u00e7o para discuss\u00e3o de projetos inovadores relacionados \u00e0 pesquisa, ensino e extens\u00e3o, onde os alunos colocam em pr\u00e1tica os conhecimentos adquiridos em sala de aula, al\u00e9m de auxiliar em projetos voltados para a inclus\u00e3o social com redes colaborativas e parcerias e conv\u00eanios.<br \/>Tamb\u00e9m utilizado de espa\u00e7o para discuss\u00e3o de projetos do Escrit\u00f3rio Modelo de Arquitetura e Urbanismo e Empresa J\u00fanior de Arquitetura e Urbanismo (<a href=\"http:\/\/modularjr.com\/\">http:\/\/modularjr.com\/<\/a>).<\/p>\n<div><img loading=\"lazy\" decoding=\"async\" class=\"alignnone wp-image-1827\" src=\"https:\/\/tecnologia.ufpr.br\/cau\/wp-content\/uploads\/sites\/45\/2021\/01\/WhatsApp-Image-2021-01-08-at-17.46.43-225x300.jpeg\" alt=\"\" width=\"248\" height=\"331\" srcset=\"https:\/\/tecnologia.ufpr.br\/cau\/wp-content\/uploads\/sites\/45\/2021\/01\/WhatsApp-Image-2021-01-08-at-17.46.43-225x300.jpeg 225w, https:\/\/tecnologia.ufpr.br\/cau\/wp-content\/uploads\/sites\/45\/2021\/01\/WhatsApp-Image-2021-01-08-at-17.46.43-90x120.jpeg 90w, https:\/\/tecnologia.ufpr.br\/cau\/wp-content\/uploads\/sites\/45\/2021\/01\/WhatsApp-Image-2021-01-08-at-17.46.43.jpeg 768w\" sizes=\"(max-width: 248px) 100vw, 248px\" \/><\/div>\n\n\n<p><\/p>\n\n\n\n<p><strong>Coordenador:<\/strong> Prof. Silvio Parucker<br><strong>T\u00e9cnica respons\u00e1vel:<\/strong> Eng. Karoline Richter<br><strong>e-mail:<\/strong> labprojetoscau.ufpr@gmail.com<br><strong>Ramal:<\/strong> 3069<\/p>\n","protected":false},"excerpt":{"rendered":"<p>O Laborat\u00f3rio de Projetos foi idealizado como espa\u00e7o para discuss\u00e3o de projetos inovadores relacionados \u00e0 pesquisa, ensino e extens\u00e3o, onde os alunos colocam em pr\u00e1tica os conhecimentos adquiridos em sala de aula, al\u00e9m de auxiliar em projetos voltados para a inclus\u00e3o social com redes colaborativas e parcerias e conv\u00eanios.Tamb\u00e9m utilizado de espa\u00e7o para discuss\u00e3o de [&hellip;]<\/p>\n","protected":false},"author":1077,"featured_media":0,"parent":0,"menu_order":0,"comment_status":"closed","ping_status":"closed","template":"","meta":{"footnotes":""},"_links":{"self":[{"href":"https:\/\/tecnologia.ufpr.br\/cau\/wp-json\/wp\/v2\/pages\/1481"}],"collection":[{"href":"https:\/\/tecnologia.ufpr.br\/cau\/wp-json\/wp\/v2\/pages"}],"about":[{"href":"https:\/\/tecnologia.ufpr.br\/cau\/wp-json\/wp\/v2\/types\/page"}],"author":[{"embeddable":true,"href":"https:\/\/tecnologia.ufpr.br\/cau\/wp-json\/wp\/v2\/users\/1077"}],"replies":[{"embeddable":true,"href":"https:\/\/tecnologia.ufpr.br\/cau\/wp-json\/wp\/v2\/comments?post=1481"}],"version-history":[{"count":21,"href":"https:\/\/tecnologia.ufpr.br\/cau\/wp-json\/wp\/v2\/pages\/1481\/revisions"}],"predecessor-version":[{"id":2099,"href":"https:\/\/tecnologia.ufpr.br\/cau\/wp-json\/wp\/v2\/pages\/1481\/revisions\/2099"}],"wp:attachment":[{"href":"https:\/\/tecnologia.ufpr.br\/cau\/wp-json\/wp\/v2\/media?parent=1481"}],"curies":[{"name":"wp","href":"https:\/\/api.w.org\/{rel}","templated":true}]}}