{"id":1285,"date":"2018-02-16T11:47:40","date_gmt":"2018-02-16T13:47:40","guid":{"rendered":"http:\/\/www.cau.ufpr.br\/?page_id=1285"},"modified":"2024-02-29T11:56:57","modified_gmt":"2024-02-29T14:56:57","slug":"curriculo","status":"publish","type":"page","link":"https:\/\/tecnologia.ufpr.br\/cau\/curriculo\/","title":{"rendered":"Grade Curricular\/PPC\/PPI"},"content":{"rendered":"\n<p><a href=\"https:\/\/tecnologia.ufpr.br\/cau\/wp-content\/uploads\/sites\/45\/2022\/03\/01_pdi-ppi_ufpr.pdf\">Projeto Pedag\u00f3gico da Institui\u00e7\u00e3o (PPI)<\/a><\/p>\n\n\n\n<h2 class=\"wp-block-heading\">PPC 2013<\/h2>\n\n\n\n<p><a href=\"https:\/\/tecnologia.ufpr.br\/cau\/wp-content\/uploads\/sites\/45\/2021\/11\/2.-PPC-CAUUFPR-compactado_compressed.pdf\">Projeto Pedag\u00f3gico do Curso de Gradua\u00e7\u00e3o em Arquitetura e Urbanismo 2013<\/a><\/p>\n\n\n\n<p><a href=\"https:\/\/tecnologia.ufpr.br\/cau\/wp-content\/uploads\/sites\/45\/2022\/03\/Grade-curricular_2-6-scaled.jpg\">Matriz curricular 2013<\/a><\/p>\n\n\n\n<p><a href=\"https:\/\/tecnologia.ufpr.br\/cau\/disciplinas\/\">Disciplinas do PPC 2013<\/a><\/p>\n\n\n\n<h2 class=\"wp-block-heading\">PPC 2024<\/h2>\n\n\n\n<p><a href=\"https:\/\/tecnologia.ufpr.br\/cau\/wp-content\/uploads\/sites\/45\/2024\/02\/ppc_2024_cau-ufpr__267p__vf.pdf\">Projeto Pedag\u00f3gico do Curso de Gradua\u00e7\u00e3o em Arquitetura e Urbanismo 2024<\/a><\/p>\n\n\n\n<p><a href=\"https:\/\/tecnologia.ufpr.br\/cau\/wp-content\/uploads\/sites\/45\/2024\/02\/Disciplinas-do-Curriculo-2024-compactado.pdf\">Disciplinas do PPC 2024<\/a><\/p>\n\n\n\n<div class=\"wp-block-group\"><div class=\"wp-block-group__inner-container is-layout-constrained wp-block-group-is-layout-constrained\">\n<figure class=\"wp-block-gallery has-nested-images columns-1 is-cropped wp-block-gallery-1 is-layout-flex wp-block-gallery-is-layout-flex\">\n<figure data-wp-context=\"{&quot;uploadedSrc&quot;:&quot;https:\\\/\\\/tecnologia.ufpr.br\\\/cau\\\/wp-content\\\/uploads\\\/sites\\\/45\\\/2024\\\/02\\\/0001-2-scaled.jpg&quot;,&quot;figureClassNames&quot;:&quot;wp-block-image size-full&quot;,&quot;figureStyles&quot;:null,&quot;imgClassNames&quot;:&quot;wp-image-3912&quot;,&quot;imgStyles&quot;:null,&quot;targetWidth&quot;:2560,&quot;targetHeight&quot;:1517,&quot;scaleAttr&quot;:false,&quot;ariaLabel&quot;:&quot;Aumentar imagem&quot;,&quot;alt&quot;:&quot;&quot;}\" data-wp-interactive=\"core\/image\" class=\"wp-block-image size-full wp-lightbox-container\"><img loading=\"lazy\" decoding=\"async\" width=\"2560\" height=\"1517\" data-wp-init=\"callbacks.setButtonStyles\" data-wp-on--click=\"actions.showLightbox\" data-wp-on--load=\"callbacks.setButtonStyles\" data-wp-on-window--resize=\"callbacks.setButtonStyles\" src=\"https:\/\/tecnologia.ufpr.br\/cau\/wp-content\/uploads\/sites\/45\/2024\/02\/0001-2-scaled.jpg\" alt=\"\" class=\"wp-image-3912\" srcset=\"https:\/\/tecnologia.ufpr.br\/cau\/wp-content\/uploads\/sites\/45\/2024\/02\/0001-2-scaled.jpg 2560w, https:\/\/tecnologia.ufpr.br\/cau\/wp-content\/uploads\/sites\/45\/2024\/02\/0001-2-300x178.jpg 300w, https:\/\/tecnologia.ufpr.br\/cau\/wp-content\/uploads\/sites\/45\/2024\/02\/0001-2-1024x607.jpg 1024w, https:\/\/tecnologia.ufpr.br\/cau\/wp-content\/uploads\/sites\/45\/2024\/02\/0001-2-768x455.jpg 768w, https:\/\/tecnologia.ufpr.br\/cau\/wp-content\/uploads\/sites\/45\/2024\/02\/0001-2-1536x910.jpg 1536w, https:\/\/tecnologia.ufpr.br\/cau\/wp-content\/uploads\/sites\/45\/2024\/02\/0001-2-2048x1214.jpg 2048w, https:\/\/tecnologia.ufpr.br\/cau\/wp-content\/uploads\/sites\/45\/2024\/02\/0001-2-160x95.jpg 160w\" sizes=\"(max-width: 2560px) 100vw, 2560px\" \/><button\n\t\t\tclass=\"lightbox-trigger\"\n\t\t\ttype=\"button\"\n\t\t\taria-haspopup=\"dialog\"\n\t\t\taria-label=\"Aumentar imagem\"\n\t\t\tdata-wp-init=\"callbacks.initTriggerButton\"\n\t\t\tdata-wp-on--click=\"actions.showLightbox\"\n\t\t\tdata-wp-style--right=\"context.imageButtonRight\"\n\t\t\tdata-wp-style--top=\"context.imageButtonTop\"\n\t\t>\n\t\t\t<svg xmlns=\"http:\/\/www.w3.org\/2000\/svg\" width=\"12\" height=\"12\" fill=\"none\" viewBox=\"0 0 12 12\">\n\t\t\t\t<path fill=\"#fff\" d=\"M2 0a2 2 0 0 0-2 2v2h1.5V2a.5.5 0 0 1 .5-.5h2V0H2Zm2 10.5H2a.5.5 0 0 1-.5-.5V8H0v2a2 2 0 0 0 2 2h2v-1.5ZM8 12v-1.5h2a.5.5 0 0 0 .5-.5V8H12v2a2 2 0 0 1-2 2H8Zm2-12a2 2 0 0 1 2 2v2h-1.5V2a.5.5 0 0 0-.5-.5H8V0h2Z\" \/>\n\t\t\t<\/svg>\n\t\t<\/button><\/figure>\n\n\n\n<figure data-wp-context=\"{&quot;uploadedSrc&quot;:&quot;https:\\\/\\\/tecnologia.ufpr.br\\\/cau\\\/wp-content\\\/uploads\\\/sites\\\/45\\\/2024\\\/02\\\/0002-2-scaled.jpg&quot;,&quot;figureClassNames&quot;:&quot;wp-block-image size-full&quot;,&quot;figureStyles&quot;:null,&quot;imgClassNames&quot;:&quot;wp-image-3911&quot;,&quot;imgStyles&quot;:null,&quot;targetWidth&quot;:2560,&quot;targetHeight&quot;:1397,&quot;scaleAttr&quot;:false,&quot;ariaLabel&quot;:&quot;Aumentar imagem&quot;,&quot;alt&quot;:&quot;&quot;}\" data-wp-interactive=\"core\/image\" class=\"wp-block-image size-full wp-lightbox-container\"><img loading=\"lazy\" decoding=\"async\" width=\"2560\" height=\"1397\" data-wp-init=\"callbacks.setButtonStyles\" data-wp-on--click=\"actions.showLightbox\" data-wp-on--load=\"callbacks.setButtonStyles\" data-wp-on-window--resize=\"callbacks.setButtonStyles\" src=\"https:\/\/tecnologia.ufpr.br\/cau\/wp-content\/uploads\/sites\/45\/2024\/02\/0002-2-scaled.jpg\" alt=\"\" class=\"wp-image-3911\" srcset=\"https:\/\/tecnologia.ufpr.br\/cau\/wp-content\/uploads\/sites\/45\/2024\/02\/0002-2-scaled.jpg 2560w, https:\/\/tecnologia.ufpr.br\/cau\/wp-content\/uploads\/sites\/45\/2024\/02\/0002-2-300x164.jpg 300w, https:\/\/tecnologia.ufpr.br\/cau\/wp-content\/uploads\/sites\/45\/2024\/02\/0002-2-1024x559.jpg 1024w, https:\/\/tecnologia.ufpr.br\/cau\/wp-content\/uploads\/sites\/45\/2024\/02\/0002-2-768x419.jpg 768w, https:\/\/tecnologia.ufpr.br\/cau\/wp-content\/uploads\/sites\/45\/2024\/02\/0002-2-1536x838.jpg 1536w, https:\/\/tecnologia.ufpr.br\/cau\/wp-content\/uploads\/sites\/45\/2024\/02\/0002-2-2048x1118.jpg 2048w, https:\/\/tecnologia.ufpr.br\/cau\/wp-content\/uploads\/sites\/45\/2024\/02\/0002-2-160x87.jpg 160w\" sizes=\"(max-width: 2560px) 100vw, 2560px\" \/><button\n\t\t\tclass=\"lightbox-trigger\"\n\t\t\ttype=\"button\"\n\t\t\taria-haspopup=\"dialog\"\n\t\t\taria-label=\"Aumentar imagem\"\n\t\t\tdata-wp-init=\"callbacks.initTriggerButton\"\n\t\t\tdata-wp-on--click=\"actions.showLightbox\"\n\t\t\tdata-wp-style--right=\"context.imageButtonRight\"\n\t\t\tdata-wp-style--top=\"context.imageButtonTop\"\n\t\t>\n\t\t\t<svg xmlns=\"http:\/\/www.w3.org\/2000\/svg\" width=\"12\" height=\"12\" fill=\"none\" viewBox=\"0 0 12 12\">\n\t\t\t\t<path fill=\"#fff\" d=\"M2 0a2 2 0 0 0-2 2v2h1.5V2a.5.5 0 0 1 .5-.5h2V0H2Zm2 10.5H2a.5.5 0 0 1-.5-.5V8H0v2a2 2 0 0 0 2 2h2v-1.5ZM8 12v-1.5h2a.5.5 0 0 0 .5-.5V8H12v2a2 2 0 0 1-2 2H8Zm2-12a2 2 0 0 1 2 2v2h-1.5V2a.5.5 0 0 0-.5-.5H8V0h2Z\" \/>\n\t\t\t<\/svg>\n\t\t<\/button><\/figure>\n<\/figure>\n<\/div><\/div>\n\n\n\n<h2 class=\"wp-block-heading\"><a href=\"https:\/\/tecnologia.ufpr.br\/cau\/docentes\/\">Corpo Docente<\/a><\/h2>\n\n\n\n<p><strong>Atualizado em 22\/02\/2024<\/strong>.<\/p>\n","protected":false},"excerpt":{"rendered":"<p>Projeto Pedag\u00f3gico da Institui\u00e7\u00e3o (PPI) PPC 2013 Projeto Pedag\u00f3gico do Curso de Gradua\u00e7\u00e3o em Arquitetura e Urbanismo 2013 Matriz curricular 2013 Disciplinas do PPC 2013 PPC 2024 Projeto Pedag\u00f3gico do Curso de Gradua\u00e7\u00e3o em Arquitetura e Urbanismo 2024 Disciplinas do PPC 2024 Corpo Docente Atualizado em 22\/02\/2024.<\/p>\n","protected":false},"author":1077,"featured_media":0,"parent":0,"menu_order":0,"comment_status":"closed","ping_status":"closed","template":"","meta":{"footnotes":""},"_links":{"self":[{"href":"https:\/\/tecnologia.ufpr.br\/cau\/wp-json\/wp\/v2\/pages\/1285"}],"collection":[{"href":"https:\/\/tecnologia.ufpr.br\/cau\/wp-json\/wp\/v2\/pages"}],"about":[{"href":"https:\/\/tecnologia.ufpr.br\/cau\/wp-json\/wp\/v2\/types\/page"}],"author":[{"embeddable":true,"href":"https:\/\/tecnologia.ufpr.br\/cau\/wp-json\/wp\/v2\/users\/1077"}],"replies":[{"embeddable":true,"href":"https:\/\/tecnologia.ufpr.br\/cau\/wp-json\/wp\/v2\/comments?post=1285"}],"version-history":[{"count":43,"href":"https:\/\/tecnologia.ufpr.br\/cau\/wp-json\/wp\/v2\/pages\/1285\/revisions"}],"predecessor-version":[{"id":3991,"href":"https:\/\/tecnologia.ufpr.br\/cau\/wp-json\/wp\/v2\/pages\/1285\/revisions\/3991"}],"wp:attachment":[{"href":"https:\/\/tecnologia.ufpr.br\/cau\/wp-json\/wp\/v2\/media?parent=1285"}],"curies":[{"name":"wp","href":"https:\/\/api.w.org\/{rel}","templated":true}]}}