{"id":104,"date":"2013-08-23T11:12:08","date_gmt":"2013-08-23T14:12:08","guid":{"rendered":"http:\/\/www.cau.ufpr.br\/?page_id=104"},"modified":"2021-01-08T12:16:57","modified_gmt":"2021-01-08T15:16:57","slug":"laboratorio-de-maquetaria","status":"publish","type":"page","link":"https:\/\/tecnologia.ufpr.br\/cau\/laboratorio-de-maquetaria\/","title":{"rendered":"LMM &#8211; Laborat\u00f3rio de Maquetes e Modelos"},"content":{"rendered":"<p>O Laborat\u00f3rio de Maquetes e Modelos do Curso de Arquitetura e Urbanismo funciona como suporte aos alunos e professores no desenvolvimento de estudos e maquetes nas diferentes disciplinas.<\/p>\n<p><img loading=\"lazy\" decoding=\"async\" class=\"alignnone size-medium wp-image-1782\" src=\"https:\/\/tecnologia.ufpr.br\/cau\/wp-content\/uploads\/sites\/45\/2021\/01\/20190517_130452-300x225.jpg\" alt=\"\" width=\"300\" height=\"225\" srcset=\"https:\/\/tecnologia.ufpr.br\/cau\/wp-content\/uploads\/sites\/45\/2021\/01\/20190517_130452-300x225.jpg 300w, https:\/\/tecnologia.ufpr.br\/cau\/wp-content\/uploads\/sites\/45\/2021\/01\/20190517_130452-1024x768.jpg 1024w, https:\/\/tecnologia.ufpr.br\/cau\/wp-content\/uploads\/sites\/45\/2021\/01\/20190517_130452-768x576.jpg 768w, https:\/\/tecnologia.ufpr.br\/cau\/wp-content\/uploads\/sites\/45\/2021\/01\/20190517_130452-1536x1152.jpg 1536w, https:\/\/tecnologia.ufpr.br\/cau\/wp-content\/uploads\/sites\/45\/2021\/01\/20190517_130452-2048x1536.jpg 2048w, https:\/\/tecnologia.ufpr.br\/cau\/wp-content\/uploads\/sites\/45\/2021\/01\/20190517_130452-160x120.jpg 160w\" sizes=\"(max-width: 300px) 100vw, 300px\" \/> <img loading=\"lazy\" decoding=\"async\" class=\"alignnone size-medium wp-image-1784\" src=\"https:\/\/tecnologia.ufpr.br\/cau\/wp-content\/uploads\/sites\/45\/2021\/01\/20190607_140601-300x225.jpg\" alt=\"\" width=\"300\" height=\"225\" srcset=\"https:\/\/tecnologia.ufpr.br\/cau\/wp-content\/uploads\/sites\/45\/2021\/01\/20190607_140601-300x225.jpg 300w, https:\/\/tecnologia.ufpr.br\/cau\/wp-content\/uploads\/sites\/45\/2021\/01\/20190607_140601-1024x768.jpg 1024w, https:\/\/tecnologia.ufpr.br\/cau\/wp-content\/uploads\/sites\/45\/2021\/01\/20190607_140601-768x576.jpg 768w, https:\/\/tecnologia.ufpr.br\/cau\/wp-content\/uploads\/sites\/45\/2021\/01\/20190607_140601-1536x1152.jpg 1536w, https:\/\/tecnologia.ufpr.br\/cau\/wp-content\/uploads\/sites\/45\/2021\/01\/20190607_140601-2048x1536.jpg 2048w, https:\/\/tecnologia.ufpr.br\/cau\/wp-content\/uploads\/sites\/45\/2021\/01\/20190607_140601-160x120.jpg 160w\" sizes=\"(max-width: 300px) 100vw, 300px\" \/> <img loading=\"lazy\" decoding=\"async\" class=\"alignnone size-medium wp-image-1786\" src=\"https:\/\/tecnologia.ufpr.br\/cau\/wp-content\/uploads\/sites\/45\/2021\/01\/20190613_095658-300x225.jpg\" alt=\"\" width=\"300\" height=\"225\" srcset=\"https:\/\/tecnologia.ufpr.br\/cau\/wp-content\/uploads\/sites\/45\/2021\/01\/20190613_095658-300x225.jpg 300w, https:\/\/tecnologia.ufpr.br\/cau\/wp-content\/uploads\/sites\/45\/2021\/01\/20190613_095658-1024x768.jpg 1024w, https:\/\/tecnologia.ufpr.br\/cau\/wp-content\/uploads\/sites\/45\/2021\/01\/20190613_095658-768x576.jpg 768w, https:\/\/tecnologia.ufpr.br\/cau\/wp-content\/uploads\/sites\/45\/2021\/01\/20190613_095658-1536x1152.jpg 1536w, https:\/\/tecnologia.ufpr.br\/cau\/wp-content\/uploads\/sites\/45\/2021\/01\/20190613_095658-2048x1536.jpg 2048w, https:\/\/tecnologia.ufpr.br\/cau\/wp-content\/uploads\/sites\/45\/2021\/01\/20190613_095658-160x120.jpg 160w\" sizes=\"(max-width: 300px) 100vw, 300px\" \/><\/p>\n<p>Os alunos desenvolvem nas salas e nos ateli\u00eas projetos com o aux\u00edlio dos professores. A partir dessa fase \u00e9 poss\u00edvel estudar o projeto de forma tridimensional, atrav\u00e9s da cria\u00e7\u00e3o de maquetes em escalas, onde s\u00e3o empregados diferentes\u00a0tipos de materiais para que possam representar suas id\u00e9ias de uma forma mais pr\u00f3xima a realidade.<\/p>\n<p><img loading=\"lazy\" decoding=\"async\" class=\"alignnone size-medium wp-image-1787\" src=\"https:\/\/tecnologia.ufpr.br\/cau\/wp-content\/uploads\/sites\/45\/2021\/01\/20190627_101337-300x225.jpg\" alt=\"\" width=\"300\" height=\"225\" srcset=\"https:\/\/tecnologia.ufpr.br\/cau\/wp-content\/uploads\/sites\/45\/2021\/01\/20190627_101337-300x225.jpg 300w, https:\/\/tecnologia.ufpr.br\/cau\/wp-content\/uploads\/sites\/45\/2021\/01\/20190627_101337-1024x768.jpg 1024w, https:\/\/tecnologia.ufpr.br\/cau\/wp-content\/uploads\/sites\/45\/2021\/01\/20190627_101337-768x576.jpg 768w, https:\/\/tecnologia.ufpr.br\/cau\/wp-content\/uploads\/sites\/45\/2021\/01\/20190627_101337-1536x1152.jpg 1536w, https:\/\/tecnologia.ufpr.br\/cau\/wp-content\/uploads\/sites\/45\/2021\/01\/20190627_101337-2048x1536.jpg 2048w, https:\/\/tecnologia.ufpr.br\/cau\/wp-content\/uploads\/sites\/45\/2021\/01\/20190627_101337-160x120.jpg 160w\" sizes=\"(max-width: 300px) 100vw, 300px\" \/> <img loading=\"lazy\" decoding=\"async\" class=\"alignnone wp-image-1788\" src=\"https:\/\/tecnologia.ufpr.br\/cau\/wp-content\/uploads\/sites\/45\/2021\/01\/20190703_105253-225x300.jpg\" alt=\"\" width=\"169\" height=\"225\" srcset=\"https:\/\/tecnologia.ufpr.br\/cau\/wp-content\/uploads\/sites\/45\/2021\/01\/20190703_105253-225x300.jpg 225w, https:\/\/tecnologia.ufpr.br\/cau\/wp-content\/uploads\/sites\/45\/2021\/01\/20190703_105253-768x1024.jpg 768w, https:\/\/tecnologia.ufpr.br\/cau\/wp-content\/uploads\/sites\/45\/2021\/01\/20190703_105253-1152x1536.jpg 1152w, https:\/\/tecnologia.ufpr.br\/cau\/wp-content\/uploads\/sites\/45\/2021\/01\/20190703_105253-1536x2048.jpg 1536w, https:\/\/tecnologia.ufpr.br\/cau\/wp-content\/uploads\/sites\/45\/2021\/01\/20190703_105253-90x120.jpg 90w, https:\/\/tecnologia.ufpr.br\/cau\/wp-content\/uploads\/sites\/45\/2021\/01\/20190703_105253-scaled.jpg 1920w\" sizes=\"(max-width: 169px) 100vw, 169px\" \/> <img loading=\"lazy\" decoding=\"async\" class=\"alignnone size-medium wp-image-1789\" src=\"https:\/\/tecnologia.ufpr.br\/cau\/wp-content\/uploads\/sites\/45\/2021\/01\/20190703_110106-300x225.jpg\" alt=\"\" width=\"300\" height=\"225\" srcset=\"https:\/\/tecnologia.ufpr.br\/cau\/wp-content\/uploads\/sites\/45\/2021\/01\/20190703_110106-300x225.jpg 300w, https:\/\/tecnologia.ufpr.br\/cau\/wp-content\/uploads\/sites\/45\/2021\/01\/20190703_110106-1024x768.jpg 1024w, https:\/\/tecnologia.ufpr.br\/cau\/wp-content\/uploads\/sites\/45\/2021\/01\/20190703_110106-768x576.jpg 768w, https:\/\/tecnologia.ufpr.br\/cau\/wp-content\/uploads\/sites\/45\/2021\/01\/20190703_110106-1536x1152.jpg 1536w, https:\/\/tecnologia.ufpr.br\/cau\/wp-content\/uploads\/sites\/45\/2021\/01\/20190703_110106-2048x1536.jpg 2048w, https:\/\/tecnologia.ufpr.br\/cau\/wp-content\/uploads\/sites\/45\/2021\/01\/20190703_110106-160x120.jpg 160w\" sizes=\"(max-width: 300px) 100vw, 300px\" \/> <img loading=\"lazy\" decoding=\"async\" class=\"alignnone wp-image-1790\" src=\"https:\/\/tecnologia.ufpr.br\/cau\/wp-content\/uploads\/sites\/45\/2021\/01\/20190703_110202-225x300.jpg\" alt=\"\" width=\"169\" height=\"225\" srcset=\"https:\/\/tecnologia.ufpr.br\/cau\/wp-content\/uploads\/sites\/45\/2021\/01\/20190703_110202-225x300.jpg 225w, https:\/\/tecnologia.ufpr.br\/cau\/wp-content\/uploads\/sites\/45\/2021\/01\/20190703_110202-768x1024.jpg 768w, https:\/\/tecnologia.ufpr.br\/cau\/wp-content\/uploads\/sites\/45\/2021\/01\/20190703_110202-1152x1536.jpg 1152w, https:\/\/tecnologia.ufpr.br\/cau\/wp-content\/uploads\/sites\/45\/2021\/01\/20190703_110202-1536x2048.jpg 1536w, https:\/\/tecnologia.ufpr.br\/cau\/wp-content\/uploads\/sites\/45\/2021\/01\/20190703_110202-90x120.jpg 90w, https:\/\/tecnologia.ufpr.br\/cau\/wp-content\/uploads\/sites\/45\/2021\/01\/20190703_110202-scaled.jpg 1920w\" sizes=\"(max-width: 169px) 100vw, 169px\" \/><\/p>\n<p>O Laborat\u00f3rio possui espa\u00e7o e ferramentas, entre elas ferramentas manuais, el\u00e9tricas e uma m\u00e1quina de corte a laser, a\u00a0qual foi adquirida com recursos\u00a0\u00a0arrecadados\u00a0com a premia\u00e7\u00e3o do Concurso ALACERO em 2012, pela Semana Acad\u00eamica ZOOM de\u00a02013, gest\u00e3o do GAU de 2013 e pelos pr\u00f3prios alunos que fizeram doa\u00e7\u00f5es para a compra do equipamento.<br \/>\nEsse equipamento possibilita o uso de diferentes materiais com diferentes espessuras, sendo uma ferramenta a mais para qualidade e precis\u00e3o nos resultados finais das maquetes.<\/p>\n<p><span style=\"font-size: 13px;line-height: 19px\"><a href=\"https:\/\/tecnologia.ufpr.br\/cau\/wp-content\/uploads\/sites\/45\/2013\/08\/DSCF0154.jpg\"><img loading=\"lazy\" decoding=\"async\" class=\"alignnone wp-image-435\" src=\"https:\/\/tecnologia.ufpr.br\/cau\/wp-content\/uploads\/sites\/45\/2013\/08\/DSCF0154-300x225.jpg\" alt=\"DSCF0154\" width=\"300\" height=\"225\" srcset=\"https:\/\/tecnologia.ufpr.br\/cau\/wp-content\/uploads\/sites\/45\/2013\/08\/DSCF0154-300x225.jpg 300w, https:\/\/tecnologia.ufpr.br\/cau\/wp-content\/uploads\/sites\/45\/2013\/08\/DSCF0154-768x576.jpg 768w, https:\/\/tecnologia.ufpr.br\/cau\/wp-content\/uploads\/sites\/45\/2013\/08\/DSCF0154-1024x768.jpg 1024w, https:\/\/tecnologia.ufpr.br\/cau\/wp-content\/uploads\/sites\/45\/2013\/08\/DSCF0154-160x120.jpg 160w\" sizes=\"(max-width: 300px) 100vw, 300px\" \/><\/a> <a href=\"https:\/\/tecnologia.ufpr.br\/cau\/wp-content\/uploads\/sites\/45\/2013\/08\/DSCF0161.jpg\"><img loading=\"lazy\" decoding=\"async\" class=\"alignnone wp-image-433\" src=\"https:\/\/tecnologia.ufpr.br\/cau\/wp-content\/uploads\/sites\/45\/2013\/08\/DSCF0161-300x225.jpg\" alt=\"DSCF0161\" width=\"300\" height=\"225\" srcset=\"https:\/\/tecnologia.ufpr.br\/cau\/wp-content\/uploads\/sites\/45\/2013\/08\/DSCF0161-300x225.jpg 300w, https:\/\/tecnologia.ufpr.br\/cau\/wp-content\/uploads\/sites\/45\/2013\/08\/DSCF0161-768x576.jpg 768w, https:\/\/tecnologia.ufpr.br\/cau\/wp-content\/uploads\/sites\/45\/2013\/08\/DSCF0161-1024x768.jpg 1024w, https:\/\/tecnologia.ufpr.br\/cau\/wp-content\/uploads\/sites\/45\/2013\/08\/DSCF0161-160x120.jpg 160w\" sizes=\"(max-width: 300px) 100vw, 300px\" \/><\/a> <a href=\"https:\/\/tecnologia.ufpr.br\/cau\/wp-content\/uploads\/sites\/45\/2013\/08\/DSCF0157.jpg\" data-wp-editing=\"1\"><img loading=\"lazy\" decoding=\"async\" class=\"alignnone wp-image-434\" src=\"https:\/\/tecnologia.ufpr.br\/cau\/wp-content\/uploads\/sites\/45\/2013\/08\/DSCF0157-300x225.jpg\" alt=\"DSCF0157\" width=\"300\" height=\"225\" srcset=\"https:\/\/tecnologia.ufpr.br\/cau\/wp-content\/uploads\/sites\/45\/2013\/08\/DSCF0157-300x225.jpg 300w, https:\/\/tecnologia.ufpr.br\/cau\/wp-content\/uploads\/sites\/45\/2013\/08\/DSCF0157-768x576.jpg 768w, https:\/\/tecnologia.ufpr.br\/cau\/wp-content\/uploads\/sites\/45\/2013\/08\/DSCF0157-1024x768.jpg 1024w, https:\/\/tecnologia.ufpr.br\/cau\/wp-content\/uploads\/sites\/45\/2013\/08\/DSCF0157-160x120.jpg 160w\" sizes=\"(max-width: 300px) 100vw, 300px\" \/><\/a><\/span><\/p>\n<p>Conferir:\u00a0<a href=\"https:\/\/tecnologia.ufpr.br\/cau\/wp-content\/uploads\/sites\/45\/2013\/10\/Regimento-M\u00e1quina-de-Corte-a-Laser.pdf\">Regimento M\u00e1quina de Corte a Laser<\/a><\/p>\n<p><strong>T\u00e9cnico Respons\u00e1vel:<\/strong> Marcelo Perussi<br \/>\n<strong>e-mail<\/strong>: m_perussi@hotmail.com<\/p>\n<p><strong>Hor\u00e1rio de Funcionamento<\/strong><br \/>\nSegunda \u00e0 Sexta-Feira das 8:30 \u00e0s 12:00 e 13:00 \u00e0s 17:30.<\/p>\n<p align=\"center\"><span style=\"color: #ff0000\"><b>\u00a0<\/b><\/span><\/p>\n","protected":false},"excerpt":{"rendered":"<p>O Laborat\u00f3rio de Maquetes e Modelos do Curso de Arquitetura e Urbanismo funciona como suporte aos alunos e professores no desenvolvimento de estudos e maquetes nas diferentes disciplinas. Os alunos desenvolvem nas salas e nos ateli\u00eas projetos com o aux\u00edlio dos professores. A partir dessa fase \u00e9 poss\u00edvel estudar o projeto de forma tridimensional, atrav\u00e9s [&hellip;]<\/p>\n","protected":false},"author":1078,"featured_media":0,"parent":0,"menu_order":0,"comment_status":"open","ping_status":"open","template":"","meta":{"footnotes":""},"_links":{"self":[{"href":"https:\/\/tecnologia.ufpr.br\/cau\/wp-json\/wp\/v2\/pages\/104"}],"collection":[{"href":"https:\/\/tecnologia.ufpr.br\/cau\/wp-json\/wp\/v2\/pages"}],"about":[{"href":"https:\/\/tecnologia.ufpr.br\/cau\/wp-json\/wp\/v2\/types\/page"}],"author":[{"embeddable":true,"href":"https:\/\/tecnologia.ufpr.br\/cau\/wp-json\/wp\/v2\/users\/1078"}],"replies":[{"embeddable":true,"href":"https:\/\/tecnologia.ufpr.br\/cau\/wp-json\/wp\/v2\/comments?post=104"}],"version-history":[{"count":5,"href":"https:\/\/tecnologia.ufpr.br\/cau\/wp-json\/wp\/v2\/pages\/104\/revisions"}],"predecessor-version":[{"id":1797,"href":"https:\/\/tecnologia.ufpr.br\/cau\/wp-json\/wp\/v2\/pages\/104\/revisions\/1797"}],"wp:attachment":[{"href":"https:\/\/tecnologia.ufpr.br\/cau\/wp-json\/wp\/v2\/media?parent=104"}],"curies":[{"name":"wp","href":"https:\/\/api.w.org\/{rel}","templated":true}]}}