{"id":102,"date":"2013-08-23T11:11:49","date_gmt":"2013-08-23T14:11:49","guid":{"rendered":"http:\/\/www.cau.ufpr.br\/?page_id=102"},"modified":"2021-01-11T16:54:57","modified_gmt":"2021-01-11T19:54:57","slug":"laboratorio-de-conforto-ambiental","status":"publish","type":"page","link":"https:\/\/tecnologia.ufpr.br\/cau\/laboratorio-de-conforto-ambiental\/","title":{"rendered":"LAC &#8211; Laborat\u00f3rio de Ambiente Constru\u00eddo"},"content":{"rendered":"<p>O Laborat\u00f3rio de Ambiente Constru\u00eddo visa auxiliar alunos da gradua\u00e7\u00e3o atrav\u00e9s da pr\u00e1tica dos conhecimentos adquiridos em sala de aula. Al\u00e9m do foco destinado \u00e0 pesquisa, ensino e extens\u00e3o, auxiliando com projetos de cursos de p\u00f3s-gradua\u00e7\u00e3o relacionados \u00e0 esta \u00e1rea.<\/p>\n<p><strong>Respons\u00e1vel:<\/strong> Prof. Alo\u00edsio Leoni Schmid<br \/>\n<strong>Telefone:<\/strong> 3361 3069<br \/>\n<strong>e-mail:<\/strong> aloisio.schmid@gmail.com<\/p>\n","protected":false},"excerpt":{"rendered":"<p>O Laborat\u00f3rio de Ambiente Constru\u00eddo visa auxiliar alunos da gradua\u00e7\u00e3o atrav\u00e9s da pr\u00e1tica dos conhecimentos adquiridos em sala de aula. Al\u00e9m do foco destinado \u00e0 pesquisa, ensino e extens\u00e3o, auxiliando com projetos de cursos de p\u00f3s-gradua\u00e7\u00e3o relacionados \u00e0 esta \u00e1rea. Respons\u00e1vel: Prof. Alo\u00edsio Leoni Schmid Telefone: 3361 3069 e-mail: aloisio.schmid@gmail.com<\/p>\n","protected":false},"author":1078,"featured_media":0,"parent":0,"menu_order":0,"comment_status":"open","ping_status":"open","template":"","meta":{"footnotes":""},"_links":{"self":[{"href":"https:\/\/tecnologia.ufpr.br\/cau\/wp-json\/wp\/v2\/pages\/102"}],"collection":[{"href":"https:\/\/tecnologia.ufpr.br\/cau\/wp-json\/wp\/v2\/pages"}],"about":[{"href":"https:\/\/tecnologia.ufpr.br\/cau\/wp-json\/wp\/v2\/types\/page"}],"author":[{"embeddable":true,"href":"https:\/\/tecnologia.ufpr.br\/cau\/wp-json\/wp\/v2\/users\/1078"}],"replies":[{"embeddable":true,"href":"https:\/\/tecnologia.ufpr.br\/cau\/wp-json\/wp\/v2\/comments?post=102"}],"version-history":[{"count":5,"href":"https:\/\/tecnologia.ufpr.br\/cau\/wp-json\/wp\/v2\/pages\/102\/revisions"}],"predecessor-version":[{"id":1846,"href":"https:\/\/tecnologia.ufpr.br\/cau\/wp-json\/wp\/v2\/pages\/102\/revisions\/1846"}],"wp:attachment":[{"href":"https:\/\/tecnologia.ufpr.br\/cau\/wp-json\/wp\/v2\/media?parent=102"}],"curies":[{"name":"wp","href":"https:\/\/api.w.org\/{rel}","templated":true}]}}