{"id":97,"date":"2019-06-24T16:56:03","date_gmt":"2019-06-24T16:56:03","guid":{"rendered":"https:\/\/tecnologia.ufpr.br\/bioeng\/?page_id=97"},"modified":"2025-07-30T12:43:46","modified_gmt":"2025-07-30T12:43:46","slug":"areas-de-atuacao","status":"publish","type":"page","link":"https:\/\/tecnologia.ufpr.br\/bioeng\/curso\/areas-de-atuacao\/","title":{"rendered":"Atua\u00e7\u00e3o Profissional"},"content":{"rendered":"\n<p>O Engenheiro de Bioprocessos e Biotecnologia \u00e9 um profissional capacitado para atuar em diversas \u00e1reas estrat\u00e9gicas, incluindo:<\/p>\n\n\n\n<ul>\n<li>Ind\u00fastrias de bioprocessos, nas quais produtos s\u00e3o obtidos por meio de processos biol\u00f3gicos, como fermenta\u00e7\u00f5es e aplica\u00e7\u00f5es enzim\u00e1ticas \u2014 abrangendo os setores de alimentos e bebidas, farmac\u00eautico, cosm\u00e9tico, entre outros;<\/li>\n\n\n\n<li>Produ\u00e7\u00e3o de medicamentos, vacinas e outros insumos para a \u00e1rea da sa\u00fade;<\/li>\n\n\n\n<li>Desenvolvimento de insumos biotecnol\u00f3gicos voltados \u00e0 agricultura, pecu\u00e1ria, silvicultura e biotecnologia marinha;<\/li>\n\n\n\n<li>Tratamento biol\u00f3gico de res\u00edduos industriais e descontamina\u00e7\u00e3o de produtos agroqu\u00edmicos;<\/li>\n\n\n\n<li>Engenharia de projetos, envolvendo o desenvolvimento e a implanta\u00e7\u00e3o de instala\u00e7\u00f5es e equipamentos;<\/li>\n\n\n\n<li>Desenvolvimento e aprimoramento de micro-organismos e enzimas com aplica\u00e7\u00f5es industriais e ambientais;<\/li>\n\n\n\n<li>Controle de qualidade de alimentos, medicamentos, culturas celulares e demais produtos biotecnol\u00f3gicos;<\/li>\n\n\n\n<li>Pesquisa, incluindo a concep\u00e7\u00e3o, otimiza\u00e7\u00e3o e inova\u00e7\u00e3o de processos e produtos biotecnol\u00f3gicos;<\/li>\n\n\n\n<li>Ensino e forma\u00e7\u00e3o profissional na \u00e1rea acad\u00eamica;<\/li>\n\n\n\n<li>Atua\u00e7\u00e3o comercial, oferecendo equipamentos, insumos e assist\u00eancia t\u00e9cnica especializada para o setor de bioprocessos e \u00e1reas correlatas.<\/li>\n<\/ul>\n\n\n\n<p>Al\u00e9m disso, o Engenheiro de Bioprocessos e Biotecnologia tem um papel fundamental na promo\u00e7\u00e3o do avan\u00e7o cient\u00edfico e tecnol\u00f3gico da Biotecnologia no Brasil, contribuindo significativamente para o desenvolvimento econ\u00f4mico, social e ambiental do pa\u00eds.<\/p>\n","protected":false},"excerpt":{"rendered":"<p>O Engenheiro de Bioprocessos e Biotecnologia \u00e9 um profissional capacitado para atuar em diversas \u00e1reas estrat\u00e9gicas, incluindo: Al\u00e9m disso, o Engenheiro de Bioprocessos e Biotecnologia tem um papel fundamental na promo\u00e7\u00e3o do avan\u00e7o cient\u00edfico e tecnol\u00f3gico da Biotecnologia no Brasil, contribuindo significativamente para o desenvolvimento econ\u00f4mico, social e ambiental do pa\u00eds.<\/p>\n","protected":false},"author":1056,"featured_media":0,"parent":61,"menu_order":0,"comment_status":"closed","ping_status":"closed","template":"","meta":{"footnotes":""},"_links":{"self":[{"href":"https:\/\/tecnologia.ufpr.br\/bioeng\/wp-json\/wp\/v2\/pages\/97"}],"collection":[{"href":"https:\/\/tecnologia.ufpr.br\/bioeng\/wp-json\/wp\/v2\/pages"}],"about":[{"href":"https:\/\/tecnologia.ufpr.br\/bioeng\/wp-json\/wp\/v2\/types\/page"}],"author":[{"embeddable":true,"href":"https:\/\/tecnologia.ufpr.br\/bioeng\/wp-json\/wp\/v2\/users\/1056"}],"replies":[{"embeddable":true,"href":"https:\/\/tecnologia.ufpr.br\/bioeng\/wp-json\/wp\/v2\/comments?post=97"}],"version-history":[{"count":6,"href":"https:\/\/tecnologia.ufpr.br\/bioeng\/wp-json\/wp\/v2\/pages\/97\/revisions"}],"predecessor-version":[{"id":710,"href":"https:\/\/tecnologia.ufpr.br\/bioeng\/wp-json\/wp\/v2\/pages\/97\/revisions\/710"}],"up":[{"embeddable":true,"href":"https:\/\/tecnologia.ufpr.br\/bioeng\/wp-json\/wp\/v2\/pages\/61"}],"wp:attachment":[{"href":"https:\/\/tecnologia.ufpr.br\/bioeng\/wp-json\/wp\/v2\/media?parent=97"}],"curies":[{"name":"wp","href":"https:\/\/api.w.org\/{rel}","templated":true}]}}