{"id":94,"date":"2019-06-24T16:56:03","date_gmt":"2019-06-24T16:56:03","guid":{"rendered":"https:\/\/tecnologia.ufpr.br\/bioeng\/?page_id=94"},"modified":"2025-07-29T20:08:03","modified_gmt":"2025-07-29T20:08:03","slug":"historico-do-curso","status":"publish","type":"page","link":"https:\/\/tecnologia.ufpr.br\/bioeng\/historico-do-curso\/","title":{"rendered":"Sobre o Curso"},"content":{"rendered":"\n<p>O curso de Engenharia de Bioprocessos e Biotecnologia (EBB) da Universidade Federal do Paran\u00e1 (UFPR) foi implantado no ano 2000, fruto da iniciativa de um grupo interdisciplinar de professores de diversos departamentos, sob a lideran\u00e7a do Prof. Dr. Carlos Ricardo Soccol. Vinculado ao Setor de Tecnologia, o curso consolidou a chamada Escola de Biotecnologia Industrial da UFPR, integrando todos os n\u00edveis de forma\u00e7\u00e3o acad\u00eamica: Gradua\u00e7\u00e3o, Mestrado, Doutorado e P\u00f3s-Doutorado.<\/p>\n\n\n\n<p>Pioneiro no Brasil, o curso de EBB da UFPR serviu como modelo para a cria\u00e7\u00e3o de programas semelhantes em diversas institui\u00e7\u00f5es de ensino superior, incluindo universidades federais (como UTFPR, UFPA, UFT, UFCG, UFRJ e FURG), estaduais (USP, UNESP, UERGS, UNEB) e particulares (como a Universidade Positivo \u2013 UP e a Faculdade Capivari \u2013 FUCAP). A consolida\u00e7\u00e3o do curso contribuiu diretamente para o reconhecimento de uma nova profiss\u00e3o no pa\u00eds: o Engenheiro de Bioprocessos e Biotecnologia.<\/p>\n\n\n\n<p>O exerc\u00edcio profissional foi formalmente reconhecido pelo Conselho Federal de Engenharia e Agronomia (CONFEA), conforme disposto no Art. 2\u00ba da Resolu\u00e7\u00e3o n\u00ba 1.108, de 29 de novembro de 2018. Ao Engenheiro de Bioprocessos e Biotecnologia s\u00e3o atribu\u00eddas as compet\u00eancias previstas no Art. 7\u00ba da Lei n\u00ba 5.194\/1966, em conjunto com as atividades 1 a 18 do Art. 5\u00ba, \u00a71\u00ba, da Resolu\u00e7\u00e3o n\u00ba 1.073\/2016. Essas atribui\u00e7\u00f5es abrangem o desenvolvimento de processos e produtos que envolvam sistemas biol\u00f3gicos, organismos vivos ou seus derivados, em setores como sa\u00fade, agricultura, alimentos e bebidas, energia, meio ambiente, ind\u00fastria bioqu\u00edmica, melhoramento gen\u00e9tico e tratamento e aproveitamento de res\u00edduos.<\/p>\n\n\n\n<p>O curso tamb\u00e9m oferece uma forma\u00e7\u00e3o internacional diferenciada por meio do Programa de Coopera\u00e7\u00e3o Franco-Brasileiro para o Desenvolvimento da Complementaridade e Dupla Diploma\u00e7\u00e3o da Forma\u00e7\u00e3o de Engenheiros de Bioprocessos e Biotecnologia, aprovado no edital CAPES-BRAFITEC. Esse programa proporciona a estudantes selecionados a oportunidade de obter uma dupla diploma\u00e7\u00e3o, fortalecendo a forma\u00e7\u00e3o acad\u00eamica e ampliando as perspectivas profissionais no cen\u00e1rio global.<\/p>\n","protected":false},"excerpt":{"rendered":"<p>O curso de Engenharia de Bioprocessos e Biotecnologia (EBB) da Universidade Federal do Paran\u00e1 (UFPR) foi implantado no ano 2000, fruto da iniciativa de um grupo interdisciplinar de professores de diversos departamentos, sob a lideran\u00e7a do Prof. Dr. Carlos Ricardo Soccol. Vinculado ao Setor de Tecnologia, o curso consolidou a chamada Escola de Biotecnologia Industrial [&hellip;]<\/p>\n","protected":false},"author":1056,"featured_media":0,"parent":0,"menu_order":0,"comment_status":"closed","ping_status":"closed","template":"","meta":{"footnotes":""},"_links":{"self":[{"href":"https:\/\/tecnologia.ufpr.br\/bioeng\/wp-json\/wp\/v2\/pages\/94"}],"collection":[{"href":"https:\/\/tecnologia.ufpr.br\/bioeng\/wp-json\/wp\/v2\/pages"}],"about":[{"href":"https:\/\/tecnologia.ufpr.br\/bioeng\/wp-json\/wp\/v2\/types\/page"}],"author":[{"embeddable":true,"href":"https:\/\/tecnologia.ufpr.br\/bioeng\/wp-json\/wp\/v2\/users\/1056"}],"replies":[{"embeddable":true,"href":"https:\/\/tecnologia.ufpr.br\/bioeng\/wp-json\/wp\/v2\/comments?post=94"}],"version-history":[{"count":6,"href":"https:\/\/tecnologia.ufpr.br\/bioeng\/wp-json\/wp\/v2\/pages\/94\/revisions"}],"predecessor-version":[{"id":708,"href":"https:\/\/tecnologia.ufpr.br\/bioeng\/wp-json\/wp\/v2\/pages\/94\/revisions\/708"}],"wp:attachment":[{"href":"https:\/\/tecnologia.ufpr.br\/bioeng\/wp-json\/wp\/v2\/media?parent=94"}],"curies":[{"name":"wp","href":"https:\/\/api.w.org\/{rel}","templated":true}]}}