{"id":91,"date":"2019-06-24T16:56:03","date_gmt":"2019-06-24T16:56:03","guid":{"rendered":"https:\/\/tecnologia.ufpr.br\/bioeng\/?page_id=91"},"modified":"2025-07-29T20:08:38","modified_gmt":"2025-07-29T20:08:38","slug":"infraestrutura","status":"publish","type":"page","link":"https:\/\/tecnologia.ufpr.br\/bioeng\/infraestrutura\/","title":{"rendered":"Infraestrutura"},"content":{"rendered":"\n<p>O curso de Engenharia de Bioprocessos e Biotecnologia da UFPR conta com uma infraestrutura s\u00f3lida e diversificada, resultado da integra\u00e7\u00e3o entre diferentes departamentos da universidade. Embora multidisciplinar por natureza, o curso est\u00e1 centralizado no Departamento de Engenharia de Bioprocessos e Biotecnologia (DEBB), que concentra a maior parte das atividades de ensino, pesquisa e extens\u00e3o.<\/p>\n\n\n\n<p>O DEBB disp\u00f5e de uma infraestrutura laboratorial e educacional ampla e moderna, distribu\u00edda em dois pr\u00e9dios principais: o CENBAPAR (Centro de Biotecnologia do Paran\u00e1) e as Usinas Piloto B. Juntos, esses espa\u00e7os somam uma \u00e1rea total de 2.550 m\u00b2 dedicados ao desenvolvimento cient\u00edfico e tecnol\u00f3gico.<\/p>\n\n\n\n<p>O CENBAPAR, tamb\u00e9m conhecido como Pr\u00e9dio da Engenharia de Bioprocessos e Biotecnologia, possui uma \u00e1rea constru\u00edda de 1.500 m\u00b2 e foi viabilizado com o apoio da Secretaria de Ci\u00eancia, Tecnologia e Ensino Superior do Estado do Paran\u00e1 (SETI) e da Financiadora de Estudos e Projetos (FINEP\/MCTI), por meio do Processo 1633\/05. O investimento total no projeto foi de R$ 3.750.000,00, sendo R$ 2.000.000,00 financiados pela pr\u00f3pria UFPR.<\/p>\n\n\n\n<p>Esse edif\u00edcio abriga cinco laborat\u00f3rios sat\u00e9lites, uma planta piloto, salas de aula, gabinetes de professores, al\u00e9m das secretarias do DEBB e do Programa de P\u00f3s-Gradua\u00e7\u00e3o em Engenharia de Bioprocessos e Biotecnologia (PPGEBB). As salas de aula s\u00e3o bem equipadas, contando com projetores multim\u00eddia, quadros, ar-condicionado, mesas e carteiras, garantindo conforto e recursos adequados para as atividades did\u00e1ticas.<\/p>\n\n\n\n<p>Atualmente, todos os espa\u00e7os do DEBB s\u00e3o utilizados de forma cont\u00ednua por um corpo docente altamente qualificado, composto por dez professores permanentes do PPGEBB. Os laborat\u00f3rios atendem a diferentes \u00e1reas de pesquisa e aplica\u00e7\u00e3o, sendo eles:<\/p>\n\n\n\n<ul>\n<li>Laborat\u00f3rio de Engenharia de Bioprocessos e Biotecnologia<\/li>\n\n\n\n<li>Laborat\u00f3rio de Engenharia Enzim\u00e1tica<\/li>\n\n\n\n<li>Laborat\u00f3rio de Microalgas e Biocombust\u00edveis<\/li>\n\n\n\n<li>Laborat\u00f3rio de Separa\u00e7\u00e3o e Purifica\u00e7\u00e3o de Prote\u00ednas<\/li>\n\n\n\n<li>Laborat\u00f3rio de Biotecnologia Ambiental<\/li>\n\n\n\n<li>Laborat\u00f3rio de Bioaromas<\/li>\n\n\n\n<li>Laborat\u00f3rio de Cultivo Celular (LCC)<\/li>\n\n\n\n<li>Laborat\u00f3rios de Biologia Molecular I e II<\/li>\n\n\n\n<li>Centrais Anal\u00edticas I e II<\/li>\n<\/ul>\n\n\n\n<p>Esses ambientes oferecem aos estudantes uma forma\u00e7\u00e3o pr\u00e1tica robusta, essencial para o desenvolvimento de compet\u00eancias t\u00e9cnicas nas \u00e1reas de biotecnologia, bioengenharia e processos industriais sustent\u00e1veis.<\/p>\n\n\n\n<p><strong>Veja algumas fotos da infraestrutura do Departamento de Engenharia de Bioprocessos e Biotecnologia:<\/strong><\/p>\n\n\n\n<figure class=\"wp-block-image size-large\"><img loading=\"lazy\" decoding=\"async\" width=\"1024\" height=\"576\" src=\"https:\/\/tecnologia.ufpr.br\/bioeng\/wp-content\/uploads\/sites\/38\/2025\/07\/Cebapar-1024x576.jpeg\" alt=\"\" class=\"wp-image-702\" srcset=\"https:\/\/tecnologia.ufpr.br\/bioeng\/wp-content\/uploads\/sites\/38\/2025\/07\/Cebapar-1024x576.jpeg 1024w, https:\/\/tecnologia.ufpr.br\/bioeng\/wp-content\/uploads\/sites\/38\/2025\/07\/Cebapar-300x169.jpeg 300w, https:\/\/tecnologia.ufpr.br\/bioeng\/wp-content\/uploads\/sites\/38\/2025\/07\/Cebapar-768x432.jpeg 768w, https:\/\/tecnologia.ufpr.br\/bioeng\/wp-content\/uploads\/sites\/38\/2025\/07\/Cebapar-1536x864.jpeg 1536w, https:\/\/tecnologia.ufpr.br\/bioeng\/wp-content\/uploads\/sites\/38\/2025\/07\/Cebapar-2048x1152.jpeg 2048w, https:\/\/tecnologia.ufpr.br\/bioeng\/wp-content\/uploads\/sites\/38\/2025\/07\/Cebapar-18x10.jpeg 18w, https:\/\/tecnologia.ufpr.br\/bioeng\/wp-content\/uploads\/sites\/38\/2025\/07\/Cebapar-160x90.jpeg 160w\" sizes=\"(max-width: 1024px) 100vw, 1024px\" \/><\/figure>\n\n\n\n<figure class=\"wp-block-image size-large\"><img loading=\"lazy\" decoding=\"async\" width=\"1024\" height=\"576\" src=\"https:\/\/tecnologia.ufpr.br\/bioeng\/wp-content\/uploads\/sites\/38\/2025\/07\/IMG_6143-1024x576.jpg\" alt=\"\" class=\"wp-image-703\" srcset=\"https:\/\/tecnologia.ufpr.br\/bioeng\/wp-content\/uploads\/sites\/38\/2025\/07\/IMG_6143-1024x576.jpg 1024w, https:\/\/tecnologia.ufpr.br\/bioeng\/wp-content\/uploads\/sites\/38\/2025\/07\/IMG_6143-300x169.jpg 300w, https:\/\/tecnologia.ufpr.br\/bioeng\/wp-content\/uploads\/sites\/38\/2025\/07\/IMG_6143-768x432.jpg 768w, https:\/\/tecnologia.ufpr.br\/bioeng\/wp-content\/uploads\/sites\/38\/2025\/07\/IMG_6143-1536x864.jpg 1536w, https:\/\/tecnologia.ufpr.br\/bioeng\/wp-content\/uploads\/sites\/38\/2025\/07\/IMG_6143-2048x1152.jpg 2048w, https:\/\/tecnologia.ufpr.br\/bioeng\/wp-content\/uploads\/sites\/38\/2025\/07\/IMG_6143-18x10.jpg 18w, https:\/\/tecnologia.ufpr.br\/bioeng\/wp-content\/uploads\/sites\/38\/2025\/07\/IMG_6143-160x90.jpg 160w\" sizes=\"(max-width: 1024px) 100vw, 1024px\" \/><\/figure>\n\n\n\n<figure class=\"wp-block-image size-full\"><img loading=\"lazy\" decoding=\"async\" width=\"1024\" height=\"465\" src=\"https:\/\/tecnologia.ufpr.br\/bioeng\/wp-content\/uploads\/sites\/38\/2025\/07\/1-planta-1024x465-1.jpg\" alt=\"\" class=\"wp-image-691\" srcset=\"https:\/\/tecnologia.ufpr.br\/bioeng\/wp-content\/uploads\/sites\/38\/2025\/07\/1-planta-1024x465-1.jpg 1024w, https:\/\/tecnologia.ufpr.br\/bioeng\/wp-content\/uploads\/sites\/38\/2025\/07\/1-planta-1024x465-1-300x136.jpg 300w, https:\/\/tecnologia.ufpr.br\/bioeng\/wp-content\/uploads\/sites\/38\/2025\/07\/1-planta-1024x465-1-768x349.jpg 768w, https:\/\/tecnologia.ufpr.br\/bioeng\/wp-content\/uploads\/sites\/38\/2025\/07\/1-planta-1024x465-1-18x8.jpg 18w, https:\/\/tecnologia.ufpr.br\/bioeng\/wp-content\/uploads\/sites\/38\/2025\/07\/1-planta-1024x465-1-160x73.jpg 160w\" sizes=\"(max-width: 1024px) 100vw, 1024px\" \/><\/figure>\n\n\n\n<figure class=\"wp-block-image size-full\"><img loading=\"lazy\" decoding=\"async\" width=\"1024\" height=\"465\" src=\"https:\/\/tecnologia.ufpr.br\/bioeng\/wp-content\/uploads\/sites\/38\/2025\/07\/2-planta-1-1024x465-1.jpg\" alt=\"\" class=\"wp-image-692\" srcset=\"https:\/\/tecnologia.ufpr.br\/bioeng\/wp-content\/uploads\/sites\/38\/2025\/07\/2-planta-1-1024x465-1.jpg 1024w, https:\/\/tecnologia.ufpr.br\/bioeng\/wp-content\/uploads\/sites\/38\/2025\/07\/2-planta-1-1024x465-1-300x136.jpg 300w, https:\/\/tecnologia.ufpr.br\/bioeng\/wp-content\/uploads\/sites\/38\/2025\/07\/2-planta-1-1024x465-1-768x349.jpg 768w, https:\/\/tecnologia.ufpr.br\/bioeng\/wp-content\/uploads\/sites\/38\/2025\/07\/2-planta-1-1024x465-1-18x8.jpg 18w, https:\/\/tecnologia.ufpr.br\/bioeng\/wp-content\/uploads\/sites\/38\/2025\/07\/2-planta-1-1024x465-1-160x73.jpg 160w\" sizes=\"(max-width: 1024px) 100vw, 1024px\" \/><\/figure>\n\n\n\n<figure class=\"wp-block-image size-full\"><img loading=\"lazy\" decoding=\"async\" width=\"1024\" height=\"465\" src=\"https:\/\/tecnologia.ufpr.br\/bioeng\/wp-content\/uploads\/sites\/38\/2025\/07\/3-planta-1-1024x465-1.jpg\" alt=\"\" class=\"wp-image-693\" srcset=\"https:\/\/tecnologia.ufpr.br\/bioeng\/wp-content\/uploads\/sites\/38\/2025\/07\/3-planta-1-1024x465-1.jpg 1024w, https:\/\/tecnologia.ufpr.br\/bioeng\/wp-content\/uploads\/sites\/38\/2025\/07\/3-planta-1-1024x465-1-300x136.jpg 300w, https:\/\/tecnologia.ufpr.br\/bioeng\/wp-content\/uploads\/sites\/38\/2025\/07\/3-planta-1-1024x465-1-768x349.jpg 768w, https:\/\/tecnologia.ufpr.br\/bioeng\/wp-content\/uploads\/sites\/38\/2025\/07\/3-planta-1-1024x465-1-18x8.jpg 18w, https:\/\/tecnologia.ufpr.br\/bioeng\/wp-content\/uploads\/sites\/38\/2025\/07\/3-planta-1-1024x465-1-160x73.jpg 160w\" sizes=\"(max-width: 1024px) 100vw, 1024px\" \/><\/figure>\n\n\n\n<figure class=\"wp-block-image size-full\"><img loading=\"lazy\" decoding=\"async\" width=\"1024\" height=\"465\" src=\"https:\/\/tecnologia.ufpr.br\/bioeng\/wp-content\/uploads\/sites\/38\/2025\/07\/4-planta-1-1024x465-1.jpg\" alt=\"\" class=\"wp-image-694\" srcset=\"https:\/\/tecnologia.ufpr.br\/bioeng\/wp-content\/uploads\/sites\/38\/2025\/07\/4-planta-1-1024x465-1.jpg 1024w, https:\/\/tecnologia.ufpr.br\/bioeng\/wp-content\/uploads\/sites\/38\/2025\/07\/4-planta-1-1024x465-1-300x136.jpg 300w, https:\/\/tecnologia.ufpr.br\/bioeng\/wp-content\/uploads\/sites\/38\/2025\/07\/4-planta-1-1024x465-1-768x349.jpg 768w, https:\/\/tecnologia.ufpr.br\/bioeng\/wp-content\/uploads\/sites\/38\/2025\/07\/4-planta-1-1024x465-1-18x8.jpg 18w, https:\/\/tecnologia.ufpr.br\/bioeng\/wp-content\/uploads\/sites\/38\/2025\/07\/4-planta-1-1024x465-1-160x73.jpg 160w\" sizes=\"(max-width: 1024px) 100vw, 1024px\" \/><\/figure>\n\n\n\n<figure class=\"wp-block-image size-full\"><img loading=\"lazy\" decoding=\"async\" width=\"1024\" height=\"465\" src=\"https:\/\/tecnologia.ufpr.br\/bioeng\/wp-content\/uploads\/sites\/38\/2025\/07\/HPLCs.jpg\" alt=\"\" class=\"wp-image-699\" srcset=\"https:\/\/tecnologia.ufpr.br\/bioeng\/wp-content\/uploads\/sites\/38\/2025\/07\/HPLCs.jpg 1024w, https:\/\/tecnologia.ufpr.br\/bioeng\/wp-content\/uploads\/sites\/38\/2025\/07\/HPLCs-300x136.jpg 300w, https:\/\/tecnologia.ufpr.br\/bioeng\/wp-content\/uploads\/sites\/38\/2025\/07\/HPLCs-768x349.jpg 768w, https:\/\/tecnologia.ufpr.br\/bioeng\/wp-content\/uploads\/sites\/38\/2025\/07\/HPLCs-18x8.jpg 18w, https:\/\/tecnologia.ufpr.br\/bioeng\/wp-content\/uploads\/sites\/38\/2025\/07\/HPLCs-160x73.jpg 160w\" sizes=\"(max-width: 1024px) 100vw, 1024px\" \/><\/figure>\n\n\n\n<figure class=\"wp-block-image size-full\"><img loading=\"lazy\" decoding=\"async\" width=\"1024\" height=\"465\" src=\"https:\/\/tecnologia.ufpr.br\/bioeng\/wp-content\/uploads\/sites\/38\/2025\/07\/LC-MS.jpg\" alt=\"\" class=\"wp-image-701\" srcset=\"https:\/\/tecnologia.ufpr.br\/bioeng\/wp-content\/uploads\/sites\/38\/2025\/07\/LC-MS.jpg 1024w, https:\/\/tecnologia.ufpr.br\/bioeng\/wp-content\/uploads\/sites\/38\/2025\/07\/LC-MS-300x136.jpg 300w, https:\/\/tecnologia.ufpr.br\/bioeng\/wp-content\/uploads\/sites\/38\/2025\/07\/LC-MS-768x349.jpg 768w, https:\/\/tecnologia.ufpr.br\/bioeng\/wp-content\/uploads\/sites\/38\/2025\/07\/LC-MS-18x8.jpg 18w, https:\/\/tecnologia.ufpr.br\/bioeng\/wp-content\/uploads\/sites\/38\/2025\/07\/LC-MS-160x73.jpg 160w\" sizes=\"(max-width: 1024px) 100vw, 1024px\" \/><\/figure>\n\n\n\n<figure class=\"wp-block-image size-full\"><img loading=\"lazy\" decoding=\"async\" width=\"1024\" height=\"724\" src=\"https:\/\/tecnologia.ufpr.br\/bioeng\/wp-content\/uploads\/sites\/38\/2025\/07\/biomol-i_1-1024x724-1.png\" alt=\"\" class=\"wp-image-697\" srcset=\"https:\/\/tecnologia.ufpr.br\/bioeng\/wp-content\/uploads\/sites\/38\/2025\/07\/biomol-i_1-1024x724-1.png 1024w, https:\/\/tecnologia.ufpr.br\/bioeng\/wp-content\/uploads\/sites\/38\/2025\/07\/biomol-i_1-1024x724-1-300x212.png 300w, https:\/\/tecnologia.ufpr.br\/bioeng\/wp-content\/uploads\/sites\/38\/2025\/07\/biomol-i_1-1024x724-1-768x543.png 768w, https:\/\/tecnologia.ufpr.br\/bioeng\/wp-content\/uploads\/sites\/38\/2025\/07\/biomol-i_1-1024x724-1-18x12.png 18w, https:\/\/tecnologia.ufpr.br\/bioeng\/wp-content\/uploads\/sites\/38\/2025\/07\/biomol-i_1-1024x724-1-160x113.png 160w\" sizes=\"(max-width: 1024px) 100vw, 1024px\" \/><\/figure>\n\n\n\n<figure class=\"wp-block-image size-full\"><img loading=\"lazy\" decoding=\"async\" width=\"1024\" height=\"465\" src=\"https:\/\/tecnologia.ufpr.br\/bioeng\/wp-content\/uploads\/sites\/38\/2025\/07\/Analitica.jpg\" alt=\"\" class=\"wp-image-696\" srcset=\"https:\/\/tecnologia.ufpr.br\/bioeng\/wp-content\/uploads\/sites\/38\/2025\/07\/Analitica.jpg 1024w, https:\/\/tecnologia.ufpr.br\/bioeng\/wp-content\/uploads\/sites\/38\/2025\/07\/Analitica-300x136.jpg 300w, https:\/\/tecnologia.ufpr.br\/bioeng\/wp-content\/uploads\/sites\/38\/2025\/07\/Analitica-768x349.jpg 768w, https:\/\/tecnologia.ufpr.br\/bioeng\/wp-content\/uploads\/sites\/38\/2025\/07\/Analitica-18x8.jpg 18w, https:\/\/tecnologia.ufpr.br\/bioeng\/wp-content\/uploads\/sites\/38\/2025\/07\/Analitica-160x73.jpg 160w\" sizes=\"(max-width: 1024px) 100vw, 1024px\" \/><\/figure>\n\n\n\n<figure class=\"wp-block-image size-full\"><img loading=\"lazy\" decoding=\"async\" width=\"1024\" height=\"768\" src=\"https:\/\/tecnologia.ufpr.br\/bioeng\/wp-content\/uploads\/sites\/38\/2025\/07\/lab-fisico-quimica-1024x768-1.jpg\" alt=\"\" class=\"wp-image-700\" srcset=\"https:\/\/tecnologia.ufpr.br\/bioeng\/wp-content\/uploads\/sites\/38\/2025\/07\/lab-fisico-quimica-1024x768-1.jpg 1024w, https:\/\/tecnologia.ufpr.br\/bioeng\/wp-content\/uploads\/sites\/38\/2025\/07\/lab-fisico-quimica-1024x768-1-300x225.jpg 300w, https:\/\/tecnologia.ufpr.br\/bioeng\/wp-content\/uploads\/sites\/38\/2025\/07\/lab-fisico-quimica-1024x768-1-768x576.jpg 768w, https:\/\/tecnologia.ufpr.br\/bioeng\/wp-content\/uploads\/sites\/38\/2025\/07\/lab-fisico-quimica-1024x768-1-16x12.jpg 16w, https:\/\/tecnologia.ufpr.br\/bioeng\/wp-content\/uploads\/sites\/38\/2025\/07\/lab-fisico-quimica-1024x768-1-160x120.jpg 160w\" sizes=\"(max-width: 1024px) 100vw, 1024px\" \/><\/figure>\n\n\n\n<figure class=\"wp-block-image size-full\"><img loading=\"lazy\" decoding=\"async\" width=\"1024\" height=\"465\" src=\"https:\/\/tecnologia.ufpr.br\/bioeng\/wp-content\/uploads\/sites\/38\/2025\/07\/5-planta-1-1024x465-1.jpg\" alt=\"\" class=\"wp-image-695\" srcset=\"https:\/\/tecnologia.ufpr.br\/bioeng\/wp-content\/uploads\/sites\/38\/2025\/07\/5-planta-1-1024x465-1.jpg 1024w, https:\/\/tecnologia.ufpr.br\/bioeng\/wp-content\/uploads\/sites\/38\/2025\/07\/5-planta-1-1024x465-1-300x136.jpg 300w, https:\/\/tecnologia.ufpr.br\/bioeng\/wp-content\/uploads\/sites\/38\/2025\/07\/5-planta-1-1024x465-1-768x349.jpg 768w, https:\/\/tecnologia.ufpr.br\/bioeng\/wp-content\/uploads\/sites\/38\/2025\/07\/5-planta-1-1024x465-1-18x8.jpg 18w, https:\/\/tecnologia.ufpr.br\/bioeng\/wp-content\/uploads\/sites\/38\/2025\/07\/5-planta-1-1024x465-1-160x73.jpg 160w\" sizes=\"(max-width: 1024px) 100vw, 1024px\" \/><\/figure>\n","protected":false},"excerpt":{"rendered":"<p>O curso de Engenharia de Bioprocessos e Biotecnologia da UFPR conta com uma infraestrutura s\u00f3lida e diversificada, resultado da integra\u00e7\u00e3o entre diferentes departamentos da universidade. Embora multidisciplinar por natureza, o curso est\u00e1 centralizado no Departamento de Engenharia de Bioprocessos e Biotecnologia (DEBB), que concentra a maior parte das atividades de ensino, pesquisa e extens\u00e3o. O [&hellip;]<\/p>\n","protected":false},"author":1056,"featured_media":0,"parent":0,"menu_order":0,"comment_status":"closed","ping_status":"closed","template":"","meta":{"footnotes":""},"_links":{"self":[{"href":"https:\/\/tecnologia.ufpr.br\/bioeng\/wp-json\/wp\/v2\/pages\/91"}],"collection":[{"href":"https:\/\/tecnologia.ufpr.br\/bioeng\/wp-json\/wp\/v2\/pages"}],"about":[{"href":"https:\/\/tecnologia.ufpr.br\/bioeng\/wp-json\/wp\/v2\/types\/page"}],"author":[{"embeddable":true,"href":"https:\/\/tecnologia.ufpr.br\/bioeng\/wp-json\/wp\/v2\/users\/1056"}],"replies":[{"embeddable":true,"href":"https:\/\/tecnologia.ufpr.br\/bioeng\/wp-json\/wp\/v2\/comments?post=91"}],"version-history":[{"count":4,"href":"https:\/\/tecnologia.ufpr.br\/bioeng\/wp-json\/wp\/v2\/pages\/91\/revisions"}],"predecessor-version":[{"id":709,"href":"https:\/\/tecnologia.ufpr.br\/bioeng\/wp-json\/wp\/v2\/pages\/91\/revisions\/709"}],"wp:attachment":[{"href":"https:\/\/tecnologia.ufpr.br\/bioeng\/wp-json\/wp\/v2\/media?parent=91"}],"curies":[{"name":"wp","href":"https:\/\/api.w.org\/{rel}","templated":true}]}}