{"id":70,"date":"2019-06-24T16:45:08","date_gmt":"2019-06-24T16:45:08","guid":{"rendered":"https:\/\/tecnologia.ufpr.br\/bioeng\/?page_id=70"},"modified":"2025-07-30T17:33:07","modified_gmt":"2025-07-30T17:33:07","slug":"matricula","status":"publish","type":"page","link":"https:\/\/tecnologia.ufpr.br\/bioeng\/matricula\/","title":{"rendered":"Matr\u00edcula"},"content":{"rendered":"\n<h4 class=\"wp-block-heading\">Calouros<\/h4>\n\n\n\n<p>As matr\u00edculas em disciplinas do primeiro per\u00edodo&nbsp;s\u00e3o autom\u00e1ticas para quem rec\u00e9m ingressou por Processo Seletivo (UFPR\/SISU) e entregou a documenta\u00e7\u00e3o no prazo&nbsp;previsto.<\/p>\n\n\n\n<h4 class=\"wp-block-heading\">Veteranos<\/h4>\n\n\n\n<p>A partir do segundo per\u00edodo letivo, \u00e9 necess\u00e1rio observar o\u00a0calend\u00e1rio acad\u00eamico\u00a0e matricular\u2010se pelo sistema SIGA (Sistema de Gerenciamento Acad\u00eamico) da UFPR, acessando o <a href=\"https:\/\/sistemas.ufpr.br\/\" data-type=\"link\" data-id=\"https:\/\/sistemas.ufpr.br\/\">Portal de Sistemas<\/a>, e nos dias estipulados no calend\u00e1rio. Caso deixe de realizar a matr\u00edcula, voc\u00ea ter\u00e1 seu registro acad\u00eamico cancelado por abandono de curso.<\/p>\n\n\n\n<h4 class=\"wp-block-heading\">Corre\u00e7\u00e3o de Matr\u00edcula<\/h4>\n\n\n\n<p>No in\u00edcio de cada per\u00edodo letivo (ano ou semestre, conforme determina o&nbsp;calend\u00e1rio escolar) h\u00e1 prazo para que o aluno realize corre\u00e7\u00f5es de matr\u00edculas, nos casos em que tenha havido qualquer falha no&nbsp;processamento das matr\u00edculas. Isto ser\u00e1 feito, atrav\u00e9s de pedido dentro do prazo junto \u00e0 Coordena\u00e7\u00e3o do seu Curso.<\/p>\n\n\n\n<h4 class=\"wp-block-heading\">Prefer\u00eancia de Matr\u00edcula<\/h4>\n\n\n\n<p>Voc\u00ea tem prefer\u00eancia&nbsp;de matr\u00edcula nas disciplinas previstas para o per\u00edodo em que se encontra, considerando cronologicamente o seu ingresso no curso.<\/p>\n\n\n\n<h4 class=\"wp-block-heading\">Cancelamento e Reprova\u00e7\u00e3o<\/h4>\n\n\n\n<p>Antes de decorrida a metade do per\u00edodo letivo, \u00e9 permitido o cancelamento da matr\u00edcula em disciplinas nas quais o estudante estiver matriculado.&nbsp;O per\u00edodo para o cancelamento est\u00e1 especificado no&nbsp;calend\u00e1rio escolar.<\/p>\n\n\n\n<h4 class=\"wp-block-heading\">Disciplinas Eletivas<\/h4>\n\n\n\n<p>Os alunos ativos da UFPR poder\u00e3o cursar disciplinas de outros cursos para enriquecimento de sua forma\u00e7\u00e3o cultural.<\/p>\n\n\n\n<h4 class=\"wp-block-heading\">Disciplinas Isoladas<\/h4>\n\n\n\n<p>Pessoas n\u00e3o integrantes do corpo discente regular da UFPR com Ensino M\u00e9dio conclu\u00eddo (no m\u00ednimo) poder\u00e3o cursar at\u00e9 03 (tr\u00eas) disciplinas isoladas por per\u00edodo&nbsp;(ano\/semestre).<\/p>\n","protected":false},"excerpt":{"rendered":"<p>Calouros As matr\u00edculas em disciplinas do primeiro per\u00edodo&nbsp;s\u00e3o autom\u00e1ticas para quem rec\u00e9m ingressou por Processo Seletivo (UFPR\/SISU) e entregou a documenta\u00e7\u00e3o no prazo&nbsp;previsto. Veteranos A partir do segundo per\u00edodo letivo, \u00e9 necess\u00e1rio observar o\u00a0calend\u00e1rio acad\u00eamico\u00a0e matricular\u2010se pelo sistema SIGA (Sistema de Gerenciamento Acad\u00eamico) da UFPR, acessando o Portal de Sistemas, e nos dias estipulados no [&hellip;]<\/p>\n","protected":false},"author":1056,"featured_media":0,"parent":0,"menu_order":0,"comment_status":"closed","ping_status":"closed","template":"","meta":{"footnotes":""},"_links":{"self":[{"href":"https:\/\/tecnologia.ufpr.br\/bioeng\/wp-json\/wp\/v2\/pages\/70"}],"collection":[{"href":"https:\/\/tecnologia.ufpr.br\/bioeng\/wp-json\/wp\/v2\/pages"}],"about":[{"href":"https:\/\/tecnologia.ufpr.br\/bioeng\/wp-json\/wp\/v2\/types\/page"}],"author":[{"embeddable":true,"href":"https:\/\/tecnologia.ufpr.br\/bioeng\/wp-json\/wp\/v2\/users\/1056"}],"replies":[{"embeddable":true,"href":"https:\/\/tecnologia.ufpr.br\/bioeng\/wp-json\/wp\/v2\/comments?post=70"}],"version-history":[{"count":4,"href":"https:\/\/tecnologia.ufpr.br\/bioeng\/wp-json\/wp\/v2\/pages\/70\/revisions"}],"predecessor-version":[{"id":720,"href":"https:\/\/tecnologia.ufpr.br\/bioeng\/wp-json\/wp\/v2\/pages\/70\/revisions\/720"}],"wp:attachment":[{"href":"https:\/\/tecnologia.ufpr.br\/bioeng\/wp-json\/wp\/v2\/media?parent=70"}],"curies":[{"name":"wp","href":"https:\/\/api.w.org\/{rel}","templated":true}]}}