{"id":665,"date":"2024-02-27T19:12:36","date_gmt":"2024-02-27T19:12:36","guid":{"rendered":"https:\/\/tecnologia.ufpr.br\/bioeng\/?page_id=665"},"modified":"2024-02-27T19:13:39","modified_gmt":"2024-02-27T19:13:39","slug":"planejamento-estrategico","status":"publish","type":"page","link":"https:\/\/tecnologia.ufpr.br\/bioeng\/planejamento-estrategico\/","title":{"rendered":"Planejamento Estrat\u00e9gico 2023-2024"},"content":{"rendered":"\n<p>Objetivos e A\u00e7\u00f5es da Coordena\u00e7\u00e3o do Curso previstos para 2023-2024<\/p>\n\n\n\n<div data-wp-interactive=\"core\/file\" class=\"wp-block-file\"><object data-wp-bind--hidden=\"!state.hasPdfPreview\"  class=\"wp-block-file__embed\" data=\"https:\/\/tecnologia.ufpr.br\/bioeng\/wp-content\/uploads\/sites\/38\/2024\/02\/Planejamento-estrategico-2023_2024.pdf\" type=\"application\/pdf\" style=\"width:100%;height:600px\" aria-label=\"Incorporado de Planejamento-estrategico-2023_2024.\"><\/object><a id=\"wp-block-file--media-3a16028b-5a79-4d7d-8e91-b2eccca41613\" href=\"https:\/\/tecnologia.ufpr.br\/bioeng\/wp-content\/uploads\/sites\/38\/2024\/02\/Planejamento-estrategico-2023_2024.pdf\">Planejamento-estrategico-2023_2024<\/a><a href=\"https:\/\/tecnologia.ufpr.br\/bioeng\/wp-content\/uploads\/sites\/38\/2024\/02\/Planejamento-estrategico-2023_2024.pdf\" class=\"wp-block-file__button wp-element-button\" download aria-describedby=\"wp-block-file--media-3a16028b-5a79-4d7d-8e91-b2eccca41613\">Baixar<\/a><\/div>\n","protected":false},"excerpt":{"rendered":"<p>Objetivos e A\u00e7\u00f5es da Coordena\u00e7\u00e3o do Curso previstos para 2023-2024<\/p>\n","protected":false},"author":1056,"featured_media":0,"parent":0,"menu_order":0,"comment_status":"closed","ping_status":"closed","template":"","meta":{"footnotes":""},"_links":{"self":[{"href":"https:\/\/tecnologia.ufpr.br\/bioeng\/wp-json\/wp\/v2\/pages\/665"}],"collection":[{"href":"https:\/\/tecnologia.ufpr.br\/bioeng\/wp-json\/wp\/v2\/pages"}],"about":[{"href":"https:\/\/tecnologia.ufpr.br\/bioeng\/wp-json\/wp\/v2\/types\/page"}],"author":[{"embeddable":true,"href":"https:\/\/tecnologia.ufpr.br\/bioeng\/wp-json\/wp\/v2\/users\/1056"}],"replies":[{"embeddable":true,"href":"https:\/\/tecnologia.ufpr.br\/bioeng\/wp-json\/wp\/v2\/comments?post=665"}],"version-history":[{"count":2,"href":"https:\/\/tecnologia.ufpr.br\/bioeng\/wp-json\/wp\/v2\/pages\/665\/revisions"}],"predecessor-version":[{"id":668,"href":"https:\/\/tecnologia.ufpr.br\/bioeng\/wp-json\/wp\/v2\/pages\/665\/revisions\/668"}],"wp:attachment":[{"href":"https:\/\/tecnologia.ufpr.br\/bioeng\/wp-json\/wp\/v2\/media?parent=665"}],"curies":[{"name":"wp","href":"https:\/\/api.w.org\/{rel}","templated":true}]}}