{"id":568,"date":"2020-09-10T19:25:40","date_gmt":"2020-09-10T19:25:40","guid":{"rendered":"https:\/\/tecnologia.ufpr.br\/bioeng\/?page_id=568"},"modified":"2020-09-10T19:25:40","modified_gmt":"2020-09-10T19:25:40","slug":"planejamento-estrategico-2020-2021","status":"publish","type":"page","link":"https:\/\/tecnologia.ufpr.br\/bioeng\/planejamento-estrategico-2020-2021\/","title":{"rendered":"Planejamento Estrat\u00e9gico 2020-2021"},"content":{"rendered":"\n<p>Objetivos e A\u00e7\u00f5es da Coordena\u00e7\u00e3o do Curso previstos para 2020-2021<\/p>\n\n\n\n<div class=\"wp-block-file\"><a href=\"https:\/\/tecnologia.ufpr.br\/bioeng\/wp-content\/uploads\/sites\/38\/2020\/09\/Planejamento-Curso-EBB-2020-.pdf\">Planejamento-Curso-EBB-2020-<\/a><a href=\"https:\/\/tecnologia.ufpr.br\/bioeng\/wp-content\/uploads\/sites\/38\/2020\/09\/Planejamento-Curso-EBB-2020-.pdf\" class=\"wp-block-file__button\" download>Baixar<\/a><\/div>\n\n\n\n<p><\/p>\n","protected":false},"excerpt":{"rendered":"<p>Objetivos e A\u00e7\u00f5es da Coordena\u00e7\u00e3o do Curso previstos para 2020-2021<\/p>\n","protected":false},"author":1056,"featured_media":0,"parent":0,"menu_order":0,"comment_status":"closed","ping_status":"closed","template":"","meta":{"footnotes":""},"_links":{"self":[{"href":"https:\/\/tecnologia.ufpr.br\/bioeng\/wp-json\/wp\/v2\/pages\/568"}],"collection":[{"href":"https:\/\/tecnologia.ufpr.br\/bioeng\/wp-json\/wp\/v2\/pages"}],"about":[{"href":"https:\/\/tecnologia.ufpr.br\/bioeng\/wp-json\/wp\/v2\/types\/page"}],"author":[{"embeddable":true,"href":"https:\/\/tecnologia.ufpr.br\/bioeng\/wp-json\/wp\/v2\/users\/1056"}],"replies":[{"embeddable":true,"href":"https:\/\/tecnologia.ufpr.br\/bioeng\/wp-json\/wp\/v2\/comments?post=568"}],"version-history":[{"count":2,"href":"https:\/\/tecnologia.ufpr.br\/bioeng\/wp-json\/wp\/v2\/pages\/568\/revisions"}],"predecessor-version":[{"id":572,"href":"https:\/\/tecnologia.ufpr.br\/bioeng\/wp-json\/wp\/v2\/pages\/568\/revisions\/572"}],"wp:attachment":[{"href":"https:\/\/tecnologia.ufpr.br\/bioeng\/wp-json\/wp\/v2\/media?parent=568"}],"curies":[{"name":"wp","href":"https:\/\/api.w.org\/{rel}","templated":true}]}}