{"id":522,"date":"2020-02-17T18:03:47","date_gmt":"2020-02-17T18:03:47","guid":{"rendered":"https:\/\/tecnologia.ufpr.br\/bioeng\/?page_id=522"},"modified":"2025-08-14T13:28:56","modified_gmt":"2025-08-14T13:28:56","slug":"grade-horaria","status":"publish","type":"page","link":"https:\/\/tecnologia.ufpr.br\/bioeng\/grade-horaria\/","title":{"rendered":"Grade e Corpo Docente"},"content":{"rendered":"\n<p class=\"has-text-align-left\">Aqui est\u00e3o disponibilizadas as grades hor\u00e1rias do curso conforme os per\u00edodos:<\/p>\n\n\n\n<p><a href=\"https:\/\/tecnologia.ufpr.br\/bioeng\/wp-content\/uploads\/sites\/38\/2025\/08\/Grade-2025-2-V02.pdf\" data-type=\"link\" data-id=\"https:\/\/tecnologia.ufpr.br\/bioeng\/wp-content\/uploads\/sites\/38\/2025\/08\/Grade-2025-2-V02.pdf\" target=\"_blank\" rel=\"noreferrer noopener\">Grade hor\u00e1ria 2025 &#8211; Semestre 2<\/a><\/p>\n\n\n\n<p>Abaixo voc\u00ea encontra os docentes respons\u00e1veis pelas disciplinas do curso:<\/p>\n\n\n\n<p><a href=\"https:\/\/tecnologia.ufpr.br\/bioeng\/wp-content\/uploads\/sites\/38\/2025\/08\/Disciplinas-e-docentes-2025-2.pdf\" data-type=\"link\" data-id=\"https:\/\/tecnologia.ufpr.br\/bioeng\/wp-content\/uploads\/sites\/38\/2025\/08\/Disciplinas-e-docentes-2025-2.pdf\" target=\"_blank\" rel=\"noreferrer noopener\">Rela\u00e7\u00e3o de docentes por disciplina 2025 &#8211; Semestre 2<\/a><\/p>\n\n\n\n<p>A Tabela abaixo apresenta os docentes vinculados ao Departamento de Engenharia Bioprocessos e Biotecnologia que ministram disciplinas para o Curso de Gradua\u00e7\u00e3o em Bioprocessos e Biotecnologia.<\/p>\n\n\n\n<figure class=\"wp-block-table is-style-regular\"><table><tbody><tr><td>Professores do Departamento<\/td><td>Titula\u00e7\u00e3o<\/td><td>E-mail<\/td><td>Lattes<\/td><\/tr><tr><td>ADENISE LORENCI WOICIECHOWSKI<\/td><td>Doutorado<\/td><td>adenise@ufpr.br<\/td><td><a href=\"http:\/\/lattes.cnpq.br\/5963417111927266\" target=\"_blank\" rel=\"noreferrer noopener\">http:\/\/lattes.cnpq.br\/5963417111927266<\/a><\/td><\/tr><tr><td>ADRIANE BIANCHI PEDRONI MEDEIROS<\/td><td>Doutorado<\/td><td>adrianebpm@ufpr.br<\/td><td>&nbsp;<a href=\"http:\/\/lattes.cnpq.br\/2894297561097036\" target=\"_blank\" rel=\"noreferrer noopener\">http:\/\/lattes.cnpq.br\/2894297561097036<\/a><\/td><\/tr><tr><td>CARLOS RICARDO SOCCOL<\/td><td>Doutorado<\/td><td>soccol@ufpr.br<\/td><td>&nbsp;<a href=\"http:\/\/lattes.cnpq.br\/1282356994348871\" target=\"_blank\" rel=\"noreferrer noopener\">http:\/\/lattes.cnpq.br\/1282356994348871<\/a><\/td><\/tr><tr><td>CRISTINE RODRIGUES<\/td><td>Doutorado<\/td><td>cristiner@ufpr.br<\/td><td>&nbsp;<a href=\"http:\/\/lattes.cnpq.br\/2878489946643378\" target=\"_blank\" rel=\"noreferrer noopener\">http:\/\/lattes.cnpq.br\/2878489946643378<\/a><\/td><\/tr><tr><td>GILBERTO VINICIUS DE MELO PEREIRA<\/td><td>Doutorado<\/td><td>gilbertovinicius@gmail.com<\/td><td><a href=\"http:\/\/lattes.cnpq.br\/1270662986622825\" target=\"_blank\" rel=\"noreferrer noopener\">http:\/\/lattes.cnpq.br\/1270662986622825<\/a><\/td><\/tr><tr><td>LUCIANA PORTO DE SOUZA VANDENBERGHE<\/td><td>Doutorado<\/td><td>lvandenberghe@ufpr.br<\/td><td><a href=\"http:\/\/lattes.cnpq.br\/0106185533451710\" target=\"_blank\" rel=\"noreferrer noopener\">http:\/\/lattes.cnpq.br\/0106185533451710<\/a><\/td><\/tr><tr><td>LUIZ ALBERTO JUNIOR LETTI<\/td><td>Doutorado<\/td><td>letti@ufpr.br<\/td><td><a href=\"http:\/\/lattes.cnpq.br\/8600723995363379\" target=\"_blank\" rel=\"noreferrer noopener\">http:\/\/lattes.cnpq.br\/8600723995363379<\/a><\/td><\/tr><tr><td>RAFAELA DE OLIVEIRA PENHA<\/td><td>Doutorado<\/td><td>rafaelapenha@ufpr.br<\/td><td><a href=\"http:\/\/lattes.cnpq.br\/7944117469325767\">http:\/\/lattes.cnpq.br\/7944117469325767<\/a><\/td><\/tr><tr><td>SUSAN GRACE KARP<\/td><td>Doutorado<\/td><td>susan.karp@ufpr.br<\/td><td><a href=\"http:\/\/lattes.cnpq.br\/8158732509142272\" target=\"_blank\" rel=\"noreferrer noopener\">http:\/\/lattes.cnpq.br\/8158732509142272<\/a><\/td><\/tr><tr><td>VANETE THOMAZ SOCCOL<\/td><td>Doutorado<\/td><td>vanetesoccol@gmail.com<\/td><td><a href=\"http:\/\/lattes.cnpq.br\/0943484644044150\" target=\"_blank\" rel=\"noreferrer noopener\">http:\/\/lattes.cnpq.br\/0943484644044150<\/a><\/td><\/tr><\/tbody><\/table><\/figure>\n\n\n\n<p class=\"has-text-align-left\">Al\u00e9m dos Professores do Departamento de Engenharia de Bioprocessos e Biotecnologia, o curso de Bioprocessos e Biotecnologia conta com disciplinas e docentes dos Departamentos abaixo listados, sendo que o docente respons\u00e1vel por determinada disciplina pode mudar a cada semestre letivo.<\/p>\n\n\n\n<figure class=\"wp-block-table is-style-regular\"><table><tbody><tr><td>Departamento<\/td><td>Link Departamento<\/td><td>Docentes<\/td><\/tr><tr><td>Qu\u00edmica<\/td><td><a rel=\"noreferrer noopener\" href=\"http:\/\/www.quimica.ufpr.br\/paginas\/departamento\/\" target=\"_blank\">http:\/\/www.quimica.ufpr.br\/paginas\/departamento\/<\/a><\/td><td><a rel=\"noreferrer noopener\" href=\"http:\/\/www.quimica.ufpr.br\/paginas\/departamento\/docentes\/\" target=\"_blank\">http:\/\/www.quimica.ufpr.br\/paginas\/departamento\/docentes\/<\/a><\/td><\/tr><tr><td>F\u00edsica<\/td><td><a rel=\"noreferrer noopener\" href=\"https:\/\/fisica.ufpr.br\/\" target=\"_blank\">https:\/\/fisica.ufpr.br\/<\/a><\/td><td><a rel=\"noreferrer noopener\" href=\"https:\/\/fisica.ufpr.br\/pessoal.html#content9-v\" target=\"_blank\">https:\/\/fisica.ufpr.br\/pessoal.html#content9-v<\/a><\/td><\/tr><tr><td>Matem\u00e1tica<\/td><td><a rel=\"noreferrer noopener\" href=\"http:\/\/www.mat.ufpr.br\/\" target=\"_blank\">http:\/\/www.mat.ufpr.br\/<\/a><\/td><td><a rel=\"noreferrer noopener\" href=\"http:\/\/www.mat.ufpr.br\/departamento\/Docentes.html\" target=\"_blank\">http:\/\/www.mat.ufpr.br\/departamento\/Docentes.html<\/a><\/td><\/tr><tr><td>Inform\u00e1tica<\/td><td><a rel=\"noreferrer noopener\" href=\"https:\/\/web.inf.ufpr.br\/dinf\/\" target=\"_blank\">https:\/\/web.inf.ufpr.br\/dinf\/<\/a><\/td><td><a rel=\"noreferrer noopener\" href=\"https:\/\/web.inf.ufpr.br\/dinf\/docentes\/\" target=\"_blank\">https:\/\/web.inf.ufpr.br\/dinf\/docentes\/<\/a><\/td><\/tr><tr><td>Estat\u00edstica<\/td><td><a rel=\"noreferrer noopener\" href=\"http:\/\/www.est.ufpr.br\/\" target=\"_blank\">http:\/\/www.est.ufpr.br\/<\/a><\/td><td><a rel=\"noreferrer noopener\" href=\"http:\/\/www.est.ufpr.br\/docentes.html\" target=\"_blank\">http:\/\/www.est.ufpr.br\/docentes.html<\/a><\/td><\/tr><tr><td>Transportes<\/td><td><a rel=\"noreferrer noopener\" href=\"https:\/\/tecnologia.ufpr.br\/dtt\/\" target=\"_blank\">https:\/\/tecnologia.ufpr.br\/dtt\/<\/a><\/td><td><a rel=\"noreferrer noopener\" href=\"https:\/\/tecnologia.ufpr.br\/dtt\/professores\/\" target=\"_blank\">https:\/\/tecnologia.ufpr.br\/dtt\/professores\/<\/a><\/td><\/tr><tr><td>Bioqu\u00edmica<\/td><td><a href=\"http:\/\/www.bio.ufpr.br\/bioquimica\/\" target=\"_blank\" rel=\"noreferrer noopener\">http:\/\/www.bio.ufpr.br\/bioquimica\/<\/a><\/td><td><a href=\"http:\/\/www.bio.ufpr.br\/bioquimica\/docentes\/\">http:\/\/www.bio.ufpr.br\/bioquimica\/docentes\/<\/a><\/td><\/tr><tr><td>Patologia<\/td><td><a href=\"http:\/\/www.bio.ufpr.br\/patologiabasica\/\">http:\/\/www.bio.ufpr.br\/patologiabasica\/<\/a><\/td><td><a href=\"http:\/\/www.bio.ufpr.br\/patologiabasica\/docentes\/\" target=\"_blank\" rel=\"noreferrer noopener\">http:\/\/www.bio.ufpr.br\/patologiabasica\/docentes\/<\/a><\/td><\/tr><tr><td>Gen\u00e9tica<\/td><td><a href=\"http:\/\/www.bio.ufpr.br\/genetica\/\" target=\"_blank\" rel=\"noreferrer noopener\">http:\/\/www.bio.ufpr.br\/genetica\/<\/a><\/td><td><a href=\"http:\/\/www.bio.ufpr.br\/genetica\/docentes\/\" target=\"_blank\" rel=\"noreferrer noopener\">http:\/\/www.bio.ufpr.br\/genetica\/docentes\/<\/a><\/td><\/tr><tr><td>Farmacologia<\/td><td><a href=\"http:\/\/www.bio.ufpr.br\/farmacologia\/\" target=\"_blank\" rel=\"noreferrer noopener\">http:\/\/www.bio.ufpr.br\/farmacologia\/<\/a><\/td><td><a href=\"http:\/\/www\" target=\"_blank\" rel=\"noreferrer noopener\">http:\/\/www.bio.ufpr.br\/farmacologia\/docentes\/<\/a><\/td><\/tr><tr><td>Biologia Celular<\/td><td><a href=\"http:\/\/www.bio.ufpr.br\/biologiacelular\/\" target=\"_blank\" rel=\"noreferrer noopener\">http:\/\/www.bio.ufpr.br\/biologiacelular\/<\/a><\/td><td><a href=\"http:\/\/www.bio.ufpr.br\/biologiacelular\/docentes_e_tecnicos\/\" target=\"_blank\" rel=\"noreferrer noopener\">http:\/\/www.bio.ufpr.br\/biologiacelular\/docentes_e_tecnicos\/<\/a><\/td><\/tr><\/tbody><\/table><\/figure>\n","protected":false},"excerpt":{"rendered":"<p>Aqui est\u00e3o disponibilizadas as grades hor\u00e1rias do curso conforme os per\u00edodos: Grade hor\u00e1ria 2025 &#8211; Semestre 2 Abaixo voc\u00ea encontra os docentes respons\u00e1veis pelas disciplinas do curso: Rela\u00e7\u00e3o de docentes por disciplina 2025 &#8211; Semestre 2 A Tabela abaixo apresenta os docentes vinculados ao Departamento de Engenharia Bioprocessos e Biotecnologia que ministram disciplinas para o [&hellip;]<\/p>\n","protected":false},"author":1056,"featured_media":0,"parent":0,"menu_order":0,"comment_status":"closed","ping_status":"closed","template":"","meta":{"footnotes":""},"_links":{"self":[{"href":"https:\/\/tecnologia.ufpr.br\/bioeng\/wp-json\/wp\/v2\/pages\/522"}],"collection":[{"href":"https:\/\/tecnologia.ufpr.br\/bioeng\/wp-json\/wp\/v2\/pages"}],"about":[{"href":"https:\/\/tecnologia.ufpr.br\/bioeng\/wp-json\/wp\/v2\/types\/page"}],"author":[{"embeddable":true,"href":"https:\/\/tecnologia.ufpr.br\/bioeng\/wp-json\/wp\/v2\/users\/1056"}],"replies":[{"embeddable":true,"href":"https:\/\/tecnologia.ufpr.br\/bioeng\/wp-json\/wp\/v2\/comments?post=522"}],"version-history":[{"count":36,"href":"https:\/\/tecnologia.ufpr.br\/bioeng\/wp-json\/wp\/v2\/pages\/522\/revisions"}],"predecessor-version":[{"id":762,"href":"https:\/\/tecnologia.ufpr.br\/bioeng\/wp-json\/wp\/v2\/pages\/522\/revisions\/762"}],"wp:attachment":[{"href":"https:\/\/tecnologia.ufpr.br\/bioeng\/wp-json\/wp\/v2\/media?parent=522"}],"curies":[{"name":"wp","href":"https:\/\/api.w.org\/{rel}","templated":true}]}}