{"id":256,"date":"2019-06-28T21:29:49","date_gmt":"2019-06-28T21:29:49","guid":{"rendered":"https:\/\/tecnologia.ufpr.br\/bioeng\/?page_id=256"},"modified":"2021-11-17T14:40:10","modified_gmt":"2021-11-17T14:40:10","slug":"coe","status":"publish","type":"page","link":"https:\/\/tecnologia.ufpr.br\/bioeng\/coe\/","title":{"rendered":"COE &#8211; Comiss\u00e3o Orientadora de Est\u00e1gio"},"content":{"rendered":"\n<p class=\"has-text-align-left\">Todo contrato de est\u00e1gio (obrigat\u00f3rio ou n\u00e3o obrigat\u00f3rio) deve ser avaliado pela COE e assinado por um de seus membros antes do coordenador do curso.&nbsp;&nbsp;A COE ir\u00e1 avaliar a qualidade e adequa\u00e7\u00e3o do plano de est\u00e1gio do aluno.<\/p>\n\n\n\n<h4 class=\"wp-block-heading\">Coordenador de Est\u00e1gio<\/h4>\n\n\n\n<p><\/p>\n\n\n\n<h4 class=\"wp-block-heading\">Membros da COE: Comiss\u00e3o Orientadora de Est\u00e1gio do DEBB\/UFPR<\/h4>\n\n\n\n<p>Professora Adriane Bianchi Pedroni Medeiros<\/p>\n\n\n\n<p>Professora Susan Grace Karp<\/p>\n\n\n\n<p>Professor Luiz Alberto Junior Letti<\/p>\n\n\n\n<h4 class=\"wp-block-heading\">Atribui\u00e7\u00f5es\/Fun\u00e7\u00f5es da COE<\/h4>\n\n\n\n<hr class=\"wp-block-separator\" \/>\n\n\n\n<p>Segundo&nbsp;RESOLU\u00c7\u00c3O N\u00ba 46\/10-CEPE<\/p>\n\n\n\n<p>Art. 16. Cada colegiado de curso contar\u00e1 com uma Comiss\u00e3o Orientadora de Est\u00e1gios (COE), composta de professores indicados pelos departamentos respons\u00e1veis pelo curso a que se refere, com mandatos vari\u00e1veis de um a dois anos, de acordo com o que for fixado pelo colegiado de curso.<\/p>\n\n\n\n<p><strong>Compete \u00e0 COE:<\/strong><\/p>\n\n\n\n<ul><li>I- planejar e avaliar as atividades referentes aos est\u00e1gios (obrigat\u00f3rios e n\u00e3o-obrigat\u00f3rios), de conformidade com os planos did\u00e1ticos dos professores orientadores, de forma a garantir o cumprimento das diretrizes gerais do est\u00e1gio na UFPR;<\/li><li>II- representar-se junto ao colegiado de curso a fim de articular a defini\u00e7\u00e3o de pol\u00edticas de desenvolvimento, acompanhamento e avalia\u00e7\u00e3o do est\u00e1gio junto ao curso;<\/li><li>III- contatar as institui\u00e7\u00f5es concedentes de est\u00e1gio para an\u00e1lise de condi\u00e7\u00f5es do campo e das informa\u00e7\u00f5es quanto \u00e0 celebra\u00e7\u00e3o de conv\u00eanios, quando necess\u00e1rios, e\/ou celebra\u00e7\u00e3o de acordos de coopera\u00e7\u00e3o espec\u00edficos ao curso que lhe seja afeto; e<\/li><li>IV- manter fluxo de informa\u00e7\u00f5es relativas ao acompanhamento e desenvolvimento dos est\u00e1gios em processo, bem como assegurar a socializa\u00e7\u00e3o de informa\u00e7\u00f5es junto \u00e0s coordena\u00e7\u00f5es de curso e ao campo de est\u00e1gio.<\/li><\/ul>\n\n\n\n<ul><li>Em rela\u00e7\u00e3o ao Est\u00e1gio, compete aos&nbsp;<strong>Colegiados de Curso:<\/strong><\/li><li>I- aprovar a regulamenta\u00e7\u00e3o espec\u00edfica para os est\u00e1gios obrigat\u00f3rios e n\u00e3o obrigat\u00f3rios no \u00e2mbito do respectivo curso, elaborada pelas comiss\u00f5es orientadoras de est\u00e1gio com a participa\u00e7\u00e3o dos professores orientadores;<\/li><li>e II- supervisionar a execu\u00e7\u00e3o e o desenvolvimento dos est\u00e1gios no \u00e2mbito do respectivo curso.<\/li><\/ul>\n\n\n\n<p><\/p>\n","protected":false},"excerpt":{"rendered":"<p>Todo contrato de est\u00e1gio (obrigat\u00f3rio ou n\u00e3o obrigat\u00f3rio) deve ser avaliado pela COE e assinado por um de seus membros antes do coordenador do curso.&nbsp;&nbsp;A COE ir\u00e1 avaliar a qualidade e adequa\u00e7\u00e3o do plano de est\u00e1gio do aluno. Coordenador de Est\u00e1gio Membros da COE: Comiss\u00e3o Orientadora de Est\u00e1gio do DEBB\/UFPR Professora Adriane Bianchi Pedroni Medeiros [&hellip;]<\/p>\n","protected":false},"author":1056,"featured_media":0,"parent":0,"menu_order":0,"comment_status":"closed","ping_status":"closed","template":"","meta":{"footnotes":""},"_links":{"self":[{"href":"https:\/\/tecnologia.ufpr.br\/bioeng\/wp-json\/wp\/v2\/pages\/256"}],"collection":[{"href":"https:\/\/tecnologia.ufpr.br\/bioeng\/wp-json\/wp\/v2\/pages"}],"about":[{"href":"https:\/\/tecnologia.ufpr.br\/bioeng\/wp-json\/wp\/v2\/types\/page"}],"author":[{"embeddable":true,"href":"https:\/\/tecnologia.ufpr.br\/bioeng\/wp-json\/wp\/v2\/users\/1056"}],"replies":[{"embeddable":true,"href":"https:\/\/tecnologia.ufpr.br\/bioeng\/wp-json\/wp\/v2\/comments?post=256"}],"version-history":[{"count":10,"href":"https:\/\/tecnologia.ufpr.br\/bioeng\/wp-json\/wp\/v2\/pages\/256\/revisions"}],"predecessor-version":[{"id":605,"href":"https:\/\/tecnologia.ufpr.br\/bioeng\/wp-json\/wp\/v2\/pages\/256\/revisions\/605"}],"wp:attachment":[{"href":"https:\/\/tecnologia.ufpr.br\/bioeng\/wp-json\/wp\/v2\/media?parent=256"}],"curies":[{"name":"wp","href":"https:\/\/api.w.org\/{rel}","templated":true}]}}