{"id":253,"date":"2019-06-28T21:29:49","date_gmt":"2019-06-28T21:29:49","guid":{"rendered":"https:\/\/tecnologia.ufpr.br\/bioeng\/?page_id=253"},"modified":"2021-11-17T14:47:48","modified_gmt":"2021-11-17T14:47:48","slug":"nde","status":"publish","type":"page","link":"https:\/\/tecnologia.ufpr.br\/bioeng\/nde\/","title":{"rendered":"NDE &#8211; N\u00facleo Docente Estruturante"},"content":{"rendered":"\n<p>De acordo com a RESOLU\u00c7\u00c3O N\u00ba 75\/09-CEPE e 34\/11 \u2013 CEPE:<\/p>\n\n\n\n<ul><li>O N\u00facleo Docente Estruturante constitui segmento da estrutura de gest\u00e3o acad\u00eamica em cada Curso de Gradua\u00e7\u00e3o com atribui\u00e7\u00f5es consultivas, propositivas e de assessoria sobre mat\u00e9ria de natureza acad\u00eamica, co-respons\u00e1vel pela elabora\u00e7\u00e3o, implementa\u00e7\u00e3o e consolida\u00e7\u00e3o do Projeto Pedag\u00f3gico de Curso.<\/li><\/ul>\n\n\n\n<h4 class=\"wp-block-heading\"><strong>Os professores integrantes do NDE do Curso de Engenharia de Bioprocessos e Biotecnologia s\u00e3o:<\/strong><\/h4>\n\n\n\n<p>Professora Adriane Bianchi Pedroni Medeiros<\/p>\n\n\n\n<p>Professor David Alexandre Mitchell<\/p>\n\n\n\n<p>Professor Hugo Fraga<\/p>\n\n\n\n<p>Professora Susan Grace Karp<\/p>\n\n\n\n<p>Professor J\u00falio C\u00e9sar de Carvalho<\/p>\n\n\n\n<p>Professora Adenise Lorenci Woiciechowski<\/p>\n\n\n\n<h4 class=\"wp-block-heading\">Atribui\u00e7\u00f5es:<\/h4>\n\n\n\n<p>S\u00e3o atribui\u00e7\u00f5es do N\u00facleo Docente Estruturante, entre outras:<\/p>\n\n\n\n<ul><li>I- contribuir para a consolida\u00e7\u00e3o do perfil profissional do egresso do curso;<\/li><li>II- zelar pela integra\u00e7\u00e3o curricular interdisciplinar entre as diferentes atividades de ensino constantes no curr\u00edculo;<\/li><li>III- indicar formas de incentivo ao desenvolvimento de linhas de pesquisa e extens\u00e3o, oriundas de necessidades da gradua\u00e7\u00e3o, de exig\u00eancias do mercado de trabalho e afinadas com as pol\u00edticas p\u00fablicas relativas \u00e0 \u00e1rea de conhecimento do curso;<\/li><li>IV- zelar pelo cumprimento das Diretrizes Curriculares Nacionais para os Cursos de Gradua\u00e7\u00e3o.<\/li><\/ul>\n","protected":false},"excerpt":{"rendered":"<p>De acordo com a RESOLU\u00c7\u00c3O N\u00ba 75\/09-CEPE e 34\/11 \u2013 CEPE: O N\u00facleo Docente Estruturante constitui segmento da estrutura de gest\u00e3o acad\u00eamica em cada Curso de Gradua\u00e7\u00e3o com atribui\u00e7\u00f5es consultivas, propositivas e de assessoria sobre mat\u00e9ria de natureza acad\u00eamica, co-respons\u00e1vel pela elabora\u00e7\u00e3o, implementa\u00e7\u00e3o e consolida\u00e7\u00e3o do Projeto Pedag\u00f3gico de Curso. Os professores integrantes do NDE [&hellip;]<\/p>\n","protected":false},"author":1056,"featured_media":0,"parent":0,"menu_order":0,"comment_status":"closed","ping_status":"closed","template":"","meta":{"footnotes":""},"_links":{"self":[{"href":"https:\/\/tecnologia.ufpr.br\/bioeng\/wp-json\/wp\/v2\/pages\/253"}],"collection":[{"href":"https:\/\/tecnologia.ufpr.br\/bioeng\/wp-json\/wp\/v2\/pages"}],"about":[{"href":"https:\/\/tecnologia.ufpr.br\/bioeng\/wp-json\/wp\/v2\/types\/page"}],"author":[{"embeddable":true,"href":"https:\/\/tecnologia.ufpr.br\/bioeng\/wp-json\/wp\/v2\/users\/1056"}],"replies":[{"embeddable":true,"href":"https:\/\/tecnologia.ufpr.br\/bioeng\/wp-json\/wp\/v2\/comments?post=253"}],"version-history":[{"count":4,"href":"https:\/\/tecnologia.ufpr.br\/bioeng\/wp-json\/wp\/v2\/pages\/253\/revisions"}],"predecessor-version":[{"id":611,"href":"https:\/\/tecnologia.ufpr.br\/bioeng\/wp-json\/wp\/v2\/pages\/253\/revisions\/611"}],"wp:attachment":[{"href":"https:\/\/tecnologia.ufpr.br\/bioeng\/wp-json\/wp\/v2\/media?parent=253"}],"curies":[{"name":"wp","href":"https:\/\/api.w.org\/{rel}","templated":true}]}}