{"id":130,"date":"2019-06-24T16:56:03","date_gmt":"2019-06-24T16:56:03","guid":{"rendered":"https:\/\/tecnologia.ufpr.br\/bioeng\/?page_id=130"},"modified":"2025-08-07T18:51:08","modified_gmt":"2025-08-07T18:51:08","slug":"ensalamento","status":"publish","type":"page","link":"https:\/\/tecnologia.ufpr.br\/bioeng\/ensalamento\/","title":{"rendered":"Ensalamento"},"content":{"rendered":"\n<p>O ensalamento das disciplinas \u00e9 atualizado a cada semestre e pode ser consultado no SIGA, por meio do Portal de Sistemas da UFPR. Para facilitar o acesso, o quadro de ensalamento referente ao semestre letivo 2025\/2 tamb\u00e9m est\u00e1 dispon\u00edvel no link abaixo:<\/p>\n\n\n\n<p><a href=\"https:\/\/tecnologia.ufpr.br\/bioeng\/wp-content\/uploads\/sites\/38\/2025\/08\/Grade-Horaria-Ensalamento-2025-2-V2.pdf\" data-type=\"link\" data-id=\"https:\/\/tecnologia.ufpr.br\/bioeng\/wp-content\/uploads\/sites\/38\/2025\/08\/Grade-Horaria-Ensalamento-2025-2-1.pdf\" target=\"_blank\" rel=\"noreferrer noopener\">Ensalamento 2025-2<\/a><\/p>\n","protected":false},"excerpt":{"rendered":"<p>O ensalamento das disciplinas \u00e9 atualizado a cada semestre e pode ser consultado no SIGA, por meio do Portal de Sistemas da UFPR. Para facilitar o acesso, o quadro de ensalamento referente ao semestre letivo 2025\/2 tamb\u00e9m est\u00e1 dispon\u00edvel no link abaixo: Ensalamento 2025-2<\/p>\n","protected":false},"author":1056,"featured_media":0,"parent":0,"menu_order":0,"comment_status":"closed","ping_status":"closed","template":"","meta":{"footnotes":""},"_links":{"self":[{"href":"https:\/\/tecnologia.ufpr.br\/bioeng\/wp-json\/wp\/v2\/pages\/130"}],"collection":[{"href":"https:\/\/tecnologia.ufpr.br\/bioeng\/wp-json\/wp\/v2\/pages"}],"about":[{"href":"https:\/\/tecnologia.ufpr.br\/bioeng\/wp-json\/wp\/v2\/types\/page"}],"author":[{"embeddable":true,"href":"https:\/\/tecnologia.ufpr.br\/bioeng\/wp-json\/wp\/v2\/users\/1056"}],"replies":[{"embeddable":true,"href":"https:\/\/tecnologia.ufpr.br\/bioeng\/wp-json\/wp\/v2\/comments?post=130"}],"version-history":[{"count":8,"href":"https:\/\/tecnologia.ufpr.br\/bioeng\/wp-json\/wp\/v2\/pages\/130\/revisions"}],"predecessor-version":[{"id":743,"href":"https:\/\/tecnologia.ufpr.br\/bioeng\/wp-json\/wp\/v2\/pages\/130\/revisions\/743"}],"wp:attachment":[{"href":"https:\/\/tecnologia.ufpr.br\/bioeng\/wp-json\/wp\/v2\/media?parent=130"}],"curies":[{"name":"wp","href":"https:\/\/api.w.org\/{rel}","templated":true}]}}