{"id":118,"date":"2019-06-24T16:56:03","date_gmt":"2019-06-24T16:56:03","guid":{"rendered":"https:\/\/tecnologia.ufpr.br\/bioeng\/?page_id=118"},"modified":"2025-07-29T18:52:38","modified_gmt":"2025-07-29T18:52:38","slug":"disciplinas","status":"publish","type":"page","link":"https:\/\/tecnologia.ufpr.br\/bioeng\/disciplinas\/","title":{"rendered":"Disciplinas e Ementas"},"content":{"rendered":"\n<p>O curso de Engenharia de Bioprocessos e Biotecnologia da UFPR \u00e9 um curso presencial com periodicidade semestral. Tem dura\u00e7\u00e3o de 5 anos, com aulas em per\u00edodo integral, totalizando uma carga hor\u00e1ria m\u00ednima de 3705 horas, sendo: 60 horas de atividades formativas, 120 horas de disciplinas optativas e 3525 de disciplinas obrigat\u00f3rias. <\/p>\n\n\n\n<p>Atualmente, o curso de Engenharia de Bioprocessos e Biotecnologia conta com duas ementas curriculares em vig\u00eancia. A primeira corresponde ao curr\u00edculo aplicado aos estudantes que ingressaram no curso entre os anos de 2009 e 2023. A segunda refere-se ao novo curr\u00edculo, vigente para os alunos que ingressaram a partir de 2024.<\/p>\n\n\n\n<p>Abaixo, est\u00e3o dispon\u00edveis as duas vers\u00f5es das ementas para consulta:<br>&#x1f4c4; <strong><a href=\"https:\/\/tecnologia.ufpr.br\/bioeng\/wp-content\/uploads\/sites\/38\/2025\/07\/Ementas-versao-2009.pdf\" data-type=\"link\" data-id=\"https:\/\/tecnologia.ufpr.br\/bioeng\/wp-content\/uploads\/sites\/38\/2025\/07\/Ementas-versao-2009.pdf\">Curr\u00edculo 2009\u20132023<\/a><\/strong><br>&#x1f4c4; <strong><a href=\"https:\/\/tecnologia.ufpr.br\/bioeng\/wp-content\/uploads\/sites\/38\/2025\/07\/Ementas-versao-2024.pdf\" data-type=\"link\" data-id=\"https:\/\/tecnologia.ufpr.br\/bioeng\/wp-content\/uploads\/sites\/38\/2025\/07\/Ementas-versao-2024.pdf\">Curr\u00edculo a partir de 2024<\/a><\/strong><\/p>\n\n\n\n<p>Abaixo est\u00e3o listadas as disciplinas referentes a cada per\u00edodo do curso:<\/p>\n\n\n\n<h3 class=\"wp-block-heading\">1\u00ba per\u00edodo<\/h3>\n\n\n\n<p>BP001 &#8211; MICROBIOLOGIA GERAL<br>CI208 &#8211; PROGRAMA\u00c7\u00c3O DE COMPUTADORES<br>CM303 &#8211; INTRODU\u00c7\u00c3O \u00c0 GEOMETRIA ANAL\u00cdTICA E \u00c1LGEBRA LINEAR<br>CM310 &#8211; PR\u00c9-C\u00c1LCULO<br>CQ031 &#8211; QUIMICA GERAL B<br>TEB370 &#8211; FUNDAMENTOS DE ENGENHARIA DE BIOPROCESSOS E BIOTECNOLOGIA<br><\/p>\n\n\n\n<h3 class=\"wp-block-heading\">2\u00ba per\u00edodo<\/h3>\n\n\n\n<p>BC089 &#8211; BIOLOGIA CELULAR<br>CF109 &#8211; F\u00cdSICA I<br>CF113 &#8211; F\u00cdSICA EXPERIMENTAL I<br>CM311 &#8211; C\u00c1LCULO 1<br>CQ033 &#8211; FISICO-QUIMICA D<br>CQ038 &#8211; PRINCIPIOS DE QUIMICA ORGANICA<br>TEB038 &#8211; BIOSSEGURAN\u00c7A E \u00c9TICA EM BIOTECNOLOGIA<br><\/p>\n\n\n\n<h3 class=\"wp-block-heading\">3\u00ba per\u00edodo<\/h3>\n\n\n\n<p>BQ107 &#8211; ESTRUTURA E FUN\u00c7\u00c3O DE BIOMOL\u00c9CULAS<br>CE009 &#8211; INTRODU\u00c7\u00c3O \u00c0 ESTAT\u00cdSTICA<br>CF110 &#8211; F\u00cdSICA II<br>CI202 &#8211; M\u00c9TODOS NUM\u00c9RICOS<br>CM312 &#8211; C\u00c1LCULO 2<br>TEB059 &#8211; MATEM\u00c1TICA APLICADA \u00c0 BIOTECNOLOGIA I<br>TEB340 &#8211; INTRODU\u00c7\u00c3O \u00c0 QU\u00cdMICA ANAL\u00cdTICA APLICADA A BIOPROCESSOS<br><\/p>\n\n\n\n<h3 class=\"wp-block-heading\">4\u00ba per\u00edodo<\/h3>\n\n\n\n<p>BQ108 &#8211; METABOLISMO DE MICRO-ORGANISMOS<br>BQ110 &#8211; BIOLOGIA MOLECULAR E BIOINFORM\u00c1TICA<br>CF111 &#8211; F\u00cdSICA III<br>CQ085 &#8211; BIOTRANSFORMACAO DE COMPOSTOS ORGANICOS<br>TEB039 &#8211; TERMODIN\u00c2MICA APLICADA \u00c0 BIOTECNOLOGIA<br>TEB157 &#8211; FEN\u00d4MENOS DE TRANSPORTE EM BIOPROCESSOS<br>TEB357 &#8211; QU\u00cdMICA ANAL\u00cdTICA INSTRUMENTAL APLICADA A BIOPROCESSOS<br><\/p>\n\n\n\n<h3 class=\"wp-block-heading\">5\u00ba per\u00edodo<\/h3>\n\n\n\n<p>BG025 &#8211; INTRODUCAO A GENETICA<br>BQ109 &#8211; AN\u00c1LISE DE BIOMOL\u00c9CULAS<br>CEG001 &#8211; DESENHO T\u00c9CNICO I<br>TEB354 &#8211; ENGENHARIA DE FERMENTA\u00c7\u00d5ES<br>TT080 &#8211; ECONOMIA DE ENGENHARIA<br>TT510 &#8211; ADMINISTRA\u00c7\u00c3O DE EMPRESAS<br><\/p>\n\n\n\n<h3 class=\"wp-block-heading\">6\u00ba per\u00edodo<\/h3>\n\n\n\n<p>BG026 &#8211; PRINCIPIOS GENETICOS EM BIOTECNOLOGIA<br>BP031 &#8211; IMUNOLOGIA APLICADA A BIOTECNOLOGIA<br>TEB055 &#8211; ENGENHARIA ENZIM\u00c1TICA<br>TEB056 &#8211; ESTERILIZA\u00c7\u00c3O DE EQUIPAMENTOS, MEIOS E AR EM BIOPROCESSOS<br>TEB062 &#8211; MATEM\u00c1TICA APLICADA \u00c0 BIOTECNOLOGIA II<br>TEB358 &#8211; ENGENHARIA DE BIOSSEPARA\u00c7\u00d5ES I<br>TEB364 &#8211; BIOMATERIAIS E BIOMEC\u00c2NICA<br><\/p>\n\n\n\n<h3 class=\"wp-block-heading\">7\u00ba per\u00edodo<\/h3>\n\n\n\n<p>BB051 &#8211; CULTURA DE CELULAS E TECIDOS VEGETAIS IN VITRO: PRINC\u00cdPIOS E APLICA\u00c7\u00d5ES<br>BP028 &#8211; VACINOLOGIA<br>TEB060 &#8211; INSTRUMENTA\u00c7\u00c3O E CONTROLE EM BIOPROCESSOS<br>TEB359 &#8211; ENGENHARIA DE BIOSSEPARA\u00c7\u00d5ES II<br>TEB360 &#8211; PROJETO DE IND\u00daSTRIA DE BIOTECNOLOGIA I<br>TEB371 &#8211; ENGENHARIA DE BIORREATORES<strong><br><em>Optativa<\/em><br><\/strong><\/p>\n\n\n\n<h3 class=\"wp-block-heading\">8\u00ba per\u00edodo<\/h3>\n\n\n\n<p>BT021 &#8211; FUNDAMENTOS DE TOXICOLOGIA<br>TEB068 &#8211; BIOTECNOLOGIA AMBIENTAL<br>TEB361 &#8211; PROJETO DE IND\u00daSTRIA DE BIOTECNOLOGIA II<br>TEB367 &#8211; PROCESSOS FERMENTATIVOS NA IND\u00daSTRIA DE ALIMENTOS<br><strong><em>Optativa<\/em><br><\/strong><\/p>\n\n\n\n<h3 class=\"wp-block-heading\">9\u00ba per\u00edodo<\/h3>\n\n\n\n<p>TEB302 &#8211; EST\u00c1GIO EM IND\u00daSTRIA DE BIOTECNOLOGIA I<br><\/p>\n\n\n\n<h3 class=\"wp-block-heading\">10\u00ba per\u00edodo<\/h3>\n\n\n\n<p>TEB303 &#8211; EST\u00c1GIO EM IND\u00daSTRIA DE BIOTECNOLOGIA II<br><\/p>\n\n\n\n<h3 class=\"wp-block-heading\">Optativas<\/h3>\n\n\n\n<p>BC026 &#8211; CULTURA CELULAR BASICA<br>BP027 &#8211; PARASITOLOGIA MOLECULAR<br>LIB037 &#8211; COMUNICA\u00c7\u00c3O EM LINGUA BRASILEIRA DE SINAIS-LIBRAS<br>LIB038 &#8211; COMUNICA\u00c7\u00c3O EM L\u00cdNGUA BRASILEIRA DE SINAIS-LIBRAS: FUNDAMENTOS DA EDUCA\u00c7\u00c3O BIL\u00cdNGUE PARA SURDOS<br>TEB007 &#8211; PATENTES E INOVA\u00c7\u00c3O EM ENGENHARIA E BIOTECNOLOGIA<br>TEB008 &#8211; BIOADITIVOS E FORMULA\u00c7\u00c3O DE BIOPRODUTOS<br>TEB009 &#8211; BIOECONOMIA<br>TEB010 &#8211; BIOTECNOLOGIA DE MICROALGAS<br>TEB065 &#8211; BIOTECNOLOGIA DE BIOMASSA<br>TEB162 &#8211; TECNOLOGIA DA PRODU\u00c7\u00c3O DE BIOAGROCOMBUST\u00cdVEIS<br>TEB214 &#8211; MODELAGEM E SIMULA\u00c7\u00c3O DE BIOPROCESSOS<br>TEB304 &#8211; T\u00c9CNICAS MOLECULARES APLICADAS \u00c0 BIOTECNOLOGIA<br>TEB306 &#8211; CONTROLE DE QUALIDADE NA IND\u00daSTRIA DE BIOPRODUTOS<\/p>\n","protected":false},"excerpt":{"rendered":"<p>O curso de Engenharia de Bioprocessos e Biotecnologia da UFPR \u00e9 um curso presencial com periodicidade semestral. Tem dura\u00e7\u00e3o de 5 anos, com aulas em per\u00edodo integral, totalizando uma carga hor\u00e1ria m\u00ednima de 3705 horas, sendo: 60 horas de atividades formativas, 120 horas de disciplinas optativas e 3525 de disciplinas obrigat\u00f3rias. Atualmente, o curso de [&hellip;]<\/p>\n","protected":false},"author":1056,"featured_media":0,"parent":0,"menu_order":0,"comment_status":"closed","ping_status":"closed","template":"","meta":{"footnotes":""},"_links":{"self":[{"href":"https:\/\/tecnologia.ufpr.br\/bioeng\/wp-json\/wp\/v2\/pages\/118"}],"collection":[{"href":"https:\/\/tecnologia.ufpr.br\/bioeng\/wp-json\/wp\/v2\/pages"}],"about":[{"href":"https:\/\/tecnologia.ufpr.br\/bioeng\/wp-json\/wp\/v2\/types\/page"}],"author":[{"embeddable":true,"href":"https:\/\/tecnologia.ufpr.br\/bioeng\/wp-json\/wp\/v2\/users\/1056"}],"replies":[{"embeddable":true,"href":"https:\/\/tecnologia.ufpr.br\/bioeng\/wp-json\/wp\/v2\/comments?post=118"}],"version-history":[{"count":6,"href":"https:\/\/tecnologia.ufpr.br\/bioeng\/wp-json\/wp\/v2\/pages\/118\/revisions"}],"predecessor-version":[{"id":686,"href":"https:\/\/tecnologia.ufpr.br\/bioeng\/wp-json\/wp\/v2\/pages\/118\/revisions\/686"}],"wp:attachment":[{"href":"https:\/\/tecnologia.ufpr.br\/bioeng\/wp-json\/wp\/v2\/media?parent=118"}],"curies":[{"name":"wp","href":"https:\/\/api.w.org\/{rel}","templated":true}]}}