{"id":115,"date":"2019-06-24T16:56:03","date_gmt":"2019-06-24T16:56:03","guid":{"rendered":"https:\/\/tecnologia.ufpr.br\/bioeng\/?page_id=115"},"modified":"2025-07-30T14:18:23","modified_gmt":"2025-07-30T14:18:23","slug":"provar","status":"publish","type":"page","link":"https:\/\/tecnologia.ufpr.br\/bioeng\/provar\/","title":{"rendered":"PROVAR"},"content":{"rendered":"\n<h3 class=\"wp-block-heading\">Transfer\u00eancias de Alunos&nbsp;para a UFPR e entre cursos&nbsp;da UFPR<\/h3>\n\n\n\n<p>O PROVAR (Processo de Ocupa\u00e7\u00e3o de Vagas Remanescentes) \u00e9 um processo seletivo anual da UFPR, realizado no segundo semestre, que visa preencher vagas ociosas nos cursos de gradua\u00e7\u00e3o. As vagas podem surgir por motivos como abandono, cancelamento, transfer\u00eancia ou mudan\u00e7a de turno, habilita\u00e7\u00e3o ou campus.<\/p>\n\n\n\n<p>O processo contempla oito modalidades, destinadas tanto \u00e0 comunidade interna (alunos da UFPR) quanto \u00e0 externa (de outras institui\u00e7\u00f5es ou j\u00e1 graduados). Para estudantes da UFPR, a sele\u00e7\u00e3o \u00e9 feita com base no desempenho acad\u00eamico. Para candidatos externos, a sele\u00e7\u00e3o ocorre por meio de prova objetiva.<\/p>\n\n\n\n<p>Regulamentam os editais do PROVAR as resolu\u00e7\u00f5es\u202f<a href=\"http:\/\/www.soc.ufpr.br\/portal\/wp-content\/uploads\/2019\/10\/Resolu%C3%A7%C3%A3o-10-19-CEPE.pdf\">n\u00ba 10\/19 \u2013 CEPE<\/a>\u202fe\u202f<a href=\"http:\/\/www.soc.ufpr.br\/portal\/wp-content\/uploads\/2022\/07\/RESOLU%C3%87%C3%83O-N%C2%BA-39-22-CEPE.pdf\">n\u00ba 39\/22-CEPE<\/a>.\u00a0\u00a0<\/p>\n\n\n\n<p>Mais informa\u00e7\u00f5es e os editais atualizados est\u00e3o dispon\u00edveis nos seguintes links:<br>&#x1f449; <a href=\"http:\/\/www.prograd.ufpr.br\/portal\/informacoesprovar\/\">http:\/\/www.prograd.ufpr.br\/portal\/informacoesprovar\/<\/a><br>&#x1f449; <a class=\"\" href=\"https:\/\/www.nc.ufpr.br\">nc.ufpr.br<\/a><\/p>\n\n\n\n<p><\/p>\n\n\n\n<p><\/p>\n","protected":false},"excerpt":{"rendered":"<p>Transfer\u00eancias de Alunos&nbsp;para a UFPR e entre cursos&nbsp;da UFPR O PROVAR (Processo de Ocupa\u00e7\u00e3o de Vagas Remanescentes) \u00e9 um processo seletivo anual da UFPR, realizado no segundo semestre, que visa preencher vagas ociosas nos cursos de gradua\u00e7\u00e3o. As vagas podem surgir por motivos como abandono, cancelamento, transfer\u00eancia ou mudan\u00e7a de turno, habilita\u00e7\u00e3o ou campus. O [&hellip;]<\/p>\n","protected":false},"author":1056,"featured_media":0,"parent":0,"menu_order":0,"comment_status":"closed","ping_status":"closed","template":"","meta":{"footnotes":""},"_links":{"self":[{"href":"https:\/\/tecnologia.ufpr.br\/bioeng\/wp-json\/wp\/v2\/pages\/115"}],"collection":[{"href":"https:\/\/tecnologia.ufpr.br\/bioeng\/wp-json\/wp\/v2\/pages"}],"about":[{"href":"https:\/\/tecnologia.ufpr.br\/bioeng\/wp-json\/wp\/v2\/types\/page"}],"author":[{"embeddable":true,"href":"https:\/\/tecnologia.ufpr.br\/bioeng\/wp-json\/wp\/v2\/users\/1056"}],"replies":[{"embeddable":true,"href":"https:\/\/tecnologia.ufpr.br\/bioeng\/wp-json\/wp\/v2\/comments?post=115"}],"version-history":[{"count":4,"href":"https:\/\/tecnologia.ufpr.br\/bioeng\/wp-json\/wp\/v2\/pages\/115\/revisions"}],"predecessor-version":[{"id":719,"href":"https:\/\/tecnologia.ufpr.br\/bioeng\/wp-json\/wp\/v2\/pages\/115\/revisions\/719"}],"wp:attachment":[{"href":"https:\/\/tecnologia.ufpr.br\/bioeng\/wp-json\/wp\/v2\/media?parent=115"}],"curies":[{"name":"wp","href":"https:\/\/api.w.org\/{rel}","templated":true}]}}