{"id":109,"date":"2019-06-24T16:56:03","date_gmt":"2019-06-24T16:56:03","guid":{"rendered":"https:\/\/tecnologia.ufpr.br\/bioeng\/?page_id=109"},"modified":"2026-02-23T15:12:37","modified_gmt":"2026-02-23T15:12:37","slug":"resolucoes-e-diretrizes","status":"publish","type":"page","link":"https:\/\/tecnologia.ufpr.br\/bioeng\/resolucoes-e-diretrizes\/","title":{"rendered":"Resolu\u00e7\u00f5es e Diretrizes"},"content":{"rendered":"\n<p>As resolu\u00e7\u00f5es gerais e atualizadas da UFPR podem ser encontradas no site:&nbsp;<a href=\"https:\/\/soc.ufpr.br\/\">https:\/\/soc.ufpr.br\/<\/a><\/p>\n\n\n\n<p>Abaixo as principais para consulta:<\/p>\n\n\n\n<ul>\n<li><a href=\"https:\/\/soc.ufpr.br\/wp-content\/uploads\/2021\/02\/Reg-Geral-da-UFPR-atualizado.pdf\" target=\"_blank\" rel=\"noreferrer noopener\">Regimento Geral da UFPR: <\/a>REGIMENTO GERAL DA UNIVERSIDADE FEDERAL DO PARAN\u00c1 \u2013 UFPR<\/li>\n\n\n\n<li><a href=\"https:\/\/soc.ufpr.br\/wp-content\/uploads\/2025\/05\/Estatuto-da-UFPR.pdf\" target=\"_blank\" rel=\"noreferrer noopener\">ESTATUTO DA UFPR<\/a>: UNIVERSIDADE FEDERAL DO PARAN\u00c1-UFPR<\/li>\n\n\n\n<li><a href=\"https:\/\/soc.ufpr.br\/wp-content\/uploads\/2016\/07\/Res.-37-97-CEPE.pdf\" target=\"_blank\" rel=\"noreferrer noopener\">Resolu\u00e7\u00e3o n\u00ba 37\/97\u2013CEPE<\/a>:&nbsp;Aprova normas b\u00e1sicas de controle e registro da atividade acad\u00eamica dos cursos de gradua\u00e7\u00e3o da Universidade.<\/li>\n\n\n\n<li><a href=\"https:\/\/soc.ufpr.br\/wp-content\/uploads\/2016\/07\/resolucao_cepe_27052014-897.pdf\" data-type=\"link\" data-id=\"https:\/\/soc.ufpr.br\/wp-content\/uploads\/2016\/07\/resolucao_cepe_27052014-897.pdf\" target=\"_blank\" rel=\"noreferrer noopener\">RESOLU\u00c7\u00c3O N\u00ba 07\/14-CEPE: <\/a>Altera a Resolu\u00e7\u00e3o 37\/97-CEPE, que aprova normas b\u00e1sicas de controle e registro da atividade acad\u00eamica dos cursos de gradua\u00e7\u00e3o da Universidade.<\/li>\n\n\n\n<li><a href=\"https:\/\/soc.ufpr.br\/wp-content\/uploads\/2016\/07\/Res-92-13-CEPE-altera%C3%A7%C3%A3o-Resolu%C3%A7%C3%A3o-0610-alterado-pela-Res-39.18-1.pdf\" target=\"_blank\" rel=\"noreferrer noopener\">RESOLU\u00c7\u00c3O N\u00b0 92\/13 \u2013 CEPE<\/a>:&nbsp;Aprova normas de dispensa de Disciplinas, de Equival\u00eancia de Disciplinas, de Exames de Adiantamento e Aproveitamento de Conhecimento nos cursos de gradua\u00e7\u00e3o da Universidade Federal do Paran\u00e1.<\/li>\n\n\n\n<li><a href=\"https:\/\/tecnologia.ufpr.br\/bioeng\/wp-content\/uploads\/sites\/38\/2025\/07\/instrucao-normativa-prograd-no-01-14.pdf\" data-type=\"link\" data-id=\"https:\/\/tecnologia.ufpr.br\/bioeng\/wp-content\/uploads\/sites\/38\/2025\/07\/instrucao-normativa-prograd-no-01-14.pdf\">INSTRU\u00c7\u00c3O NORMATIVA N\u00b0 01\/14 \u2013 PROGRAD<\/a>:&nbsp;Regulamenta os procedimentos administrativos de dispensa e equival\u00eancia de Disciplinas e dos exames de Adiantamento e de Aproveitamento de Conhecimento de que trata a Resolu\u00e7\u00e3o 92\/13-CEPE no \u00e2mbito dos cursos de gradua\u00e7\u00e3o da Universidade Federal do Paran\u00e1.<\/li>\n\n\n\n<li><a href=\"https:\/\/soc.ufpr.br\/wp-content\/uploads\/2016\/07\/resolucao_cepe_10021995-78.pdf\" data-type=\"link\" data-id=\"https:\/\/soc.ufpr.br\/wp-content\/uploads\/2016\/07\/resolucao_cepe_10021995-78.pdf\" target=\"_blank\" rel=\"noreferrer noopener\">RESOLU\u00c7\u00c3O N\u00ba 14\/95&nbsp;\u2013 CEPE<\/a>: Fixa diretrizes e procedimentos para aproveitamento de disciplinas de gradua\u00e7\u00e3o cursadas em outras Universidades, conveniadas com a UFPR.<\/li>\n\n\n\n<li><a href=\"https:\/\/soc.ufpr.br\/wp-content\/uploads\/2016\/07\/cepe-97a15.pdf\" data-type=\"link\" data-id=\"https:\/\/soc.ufpr.br\/wp-content\/uploads\/2016\/07\/cepe-97a15.pdf\" target=\"_blank\" rel=\"noreferrer noopener\">RESOLU\u00c7\u00c3O N\u00ba 97-A\/15&nbsp;\u2013 CEPE<\/a>: Estabelece as normas para trancamento de curso dos Cursos de Gradua\u00e7\u00e3o e de Educa\u00e7\u00e3o Profissional e Tecnol\u00f3gica da Universidade Federal do Paran\u00e1 a partir do ano letivo de 2016.<\/li>\n\n\n\n<li><a href=\"https:\/\/tecnologia.ufpr.br\/cceq\/wp-content\/uploads\/sites\/5\/2016\/04\/I.N.01.16-PROGRAD.pdf\" target=\"_blank\" rel=\"noreferrer noopener\">I.N.01.16 PROGRAD<\/a>: Regulamenta os procedimentos administrativos de que trata a Resolu\u00e7\u00e3o 97\/15;<\/li>\n\n\n\n<li><a href=\"https:\/\/soc.ufpr.br\/wp-content\/uploads\/2016\/07\/resolucao_cepe_11052001-53.pdf\" data-type=\"link\" data-id=\"https:\/\/soc.ufpr.br\/wp-content\/uploads\/2016\/07\/resolucao_cepe_11052001-53.pdf\" target=\"_blank\" rel=\"noreferrer noopener\">RESOLU\u00c7\u00c3O N\u00ba 32\/01&nbsp;\u2013 CEPE<\/a>: Altera o \u00a7 3\u00ba do art. 61 da Res. 37\/97-CEPE estabelecendo par\u00e2metros e delegando aos Colegiados de Curso a an\u00e1lise dos pedidos de 3\u00ba Trancamento de Curso.<\/li>\n\n\n\n<li><a href=\"https:\/\/soc.ufpr.br\/wp-content\/uploads\/2016\/07\/cepe-70-04-CEPE-alterada-pela-resolu%C3%A7%C3%A3o-21.18.pdf\" data-type=\"link\" data-id=\"https:\/\/soc.ufpr.br\/wp-content\/uploads\/2016\/07\/cepe-70-04-CEPE-alterada-pela-resolu%C3%A7%C3%A3o-21.18.pdf\" target=\"_blank\" rel=\"noreferrer noopener\">RESOLU\u00c7\u00c3O N\u00ba 70\/04 \u2013 CEPE<\/a>:&nbsp;Disp\u00f5e sobre as atividades formativas na flexibiliza\u00e7\u00e3o dos curr\u00edculos dos cursos de gradua\u00e7\u00e3o e de ensino profissionalizante da UFPR<\/li>\n\n\n\n<li><a href=\"https:\/\/tecnologia.ufpr.br\/bioeng\/wp-content\/uploads\/sites\/38\/2025\/08\/RESOLUCAO-N-8723-CEPE.pdf\" data-type=\"link\" data-id=\"https:\/\/tecnologia.ufpr.br\/bioeng\/wp-content\/uploads\/sites\/38\/2025\/08\/RESOLUCAO-N-8723-CEPE.pdf\">RESOLU\u00c7\u00c3O N\u00ba 87\/23-CEPE<\/a>: Fixa o Curr\u00edculo Pleno do Curso de Engenharia de Bioprocessos e Biotecnologia do Setor de Tecnologia.<\/li>\n\n\n\n<li><a href=\"https:\/\/soc.ufpr.br\/wp-content\/uploads\/2024\/12\/Resolucao-no-19-24-CEPE-2.pdf\" data-type=\"link\" data-id=\"https:\/\/soc.ufpr.br\/wp-content\/uploads\/2024\/12\/Resolucao-no-19-24-CEPE-2.pdf\" target=\"_blank\" rel=\"noreferrer noopener\">RESOLU\u00c7\u00c3O <\/a><a href=\"https:\/\/soc.ufpr.br\/wp-content\/uploads\/2025\/11\/Res.-no-22-25-CEPE-.pdf\" data-type=\"link\" data-id=\"https:\/\/soc.ufpr.br\/wp-content\/uploads\/2025\/11\/Res.-no-22-25-CEPE-.pdf\" target=\"_blank\" rel=\"noreferrer noopener\">N\u00ba <\/a><a href=\"https:\/\/soc.ufpr.br\/wp-content\/uploads\/2024\/12\/Resolucao-no-19-24-CEPE-2.pdf\" data-type=\"link\" data-id=\"https:\/\/soc.ufpr.br\/wp-content\/uploads\/2024\/12\/Resolucao-no-19-24-CEPE-2.pdf\" target=\"_blank\" rel=\"noreferrer noopener\">22\/25 &#8211; CEPE<\/a>: Estabelece o calend\u00e1rio acad\u00eamico dos cursos de gradua\u00e7\u00e3o e educa\u00e7\u00e3o profissional e tecnol\u00f3gica da Universidade Federal do Paran\u00e1 para o ano letivo de 2026 (disciplinas de 15 a 18 semanas no semestre).<\/li>\n<\/ul>\n","protected":false},"excerpt":{"rendered":"<p>As resolu\u00e7\u00f5es gerais e atualizadas da UFPR podem ser encontradas no site:&nbsp;https:\/\/soc.ufpr.br\/ Abaixo as principais para consulta:<\/p>\n","protected":false},"author":1056,"featured_media":0,"parent":0,"menu_order":0,"comment_status":"closed","ping_status":"closed","template":"","meta":{"footnotes":""},"_links":{"self":[{"href":"https:\/\/tecnologia.ufpr.br\/bioeng\/wp-json\/wp\/v2\/pages\/109"}],"collection":[{"href":"https:\/\/tecnologia.ufpr.br\/bioeng\/wp-json\/wp\/v2\/pages"}],"about":[{"href":"https:\/\/tecnologia.ufpr.br\/bioeng\/wp-json\/wp\/v2\/types\/page"}],"author":[{"embeddable":true,"href":"https:\/\/tecnologia.ufpr.br\/bioeng\/wp-json\/wp\/v2\/users\/1056"}],"replies":[{"embeddable":true,"href":"https:\/\/tecnologia.ufpr.br\/bioeng\/wp-json\/wp\/v2\/comments?post=109"}],"version-history":[{"count":10,"href":"https:\/\/tecnologia.ufpr.br\/bioeng\/wp-json\/wp\/v2\/pages\/109\/revisions"}],"predecessor-version":[{"id":792,"href":"https:\/\/tecnologia.ufpr.br\/bioeng\/wp-json\/wp\/v2\/pages\/109\/revisions\/792"}],"wp:attachment":[{"href":"https:\/\/tecnologia.ufpr.br\/bioeng\/wp-json\/wp\/v2\/media?parent=109"}],"curies":[{"name":"wp","href":"https:\/\/api.w.org\/{rel}","templated":true}]}}